{"id":5861,"date":"2014-04-11T16:06:43","date_gmt":"2014-04-11T16:06:43","guid":{"rendered":"https:\/\/www.centraldemaderas.com\/servicios\/logistica-inversa-de-estibas\/"},"modified":"2024-12-09T17:15:12","modified_gmt":"2024-12-09T17:15:12","slug":"logistica-inversa-de-estibas","status":"publish","type":"page","link":"https:\/\/www.centraldemaderas.com\/mx\/servicios\/logistica-inversa-de-estibas\/","title":{"rendered":"Log\u00edstica Inversa de Estibas"},"content":{"rendered":"\t\t<div data-elementor-type=\"wp-page\" data-elementor-id=\"5861\" class=\"elementor elementor-5861 elementor-498\" data-elementor-post-type=\"page\">\n\t\t\t\t\t\t<section class=\"elementor-section elementor-top-section elementor-element elementor-element-5f2d2db elementor-section-height-min-height elementor-section-boxed elementor-section-height-default elementor-section-items-middle\" data-id=\"5f2d2db\" data-element_type=\"section\" data-e-type=\"section\" data-settings=\"{&quot;background_background&quot;:&quot;classic&quot;}\">\n\t\t\t\t\t\t\t<div class=\"elementor-background-overlay\"><\/div>\n\t\t\t\t\t\t\t<div class=\"elementor-container elementor-column-gap-default\">\n\t\t\t\t\t<div class=\"elementor-column elementor-col-100 elementor-top-column elementor-element elementor-element-40b24574\" data-id=\"40b24574\" data-element_type=\"column\" data-e-type=\"column\">\n\t\t\t<div class=\"elementor-widget-wrap elementor-element-populated\">\n\t\t\t\t\t\t<div class=\"elementor-element elementor-element-f06082f elementor-widget elementor-widget-text-editor\" data-id=\"f06082f\" data-element_type=\"widget\" data-e-type=\"widget\" data-widget_type=\"text-editor.default\">\n\t\t\t\t<div class=\"elementor-widget-container\">\n\t\t\t\t\t\t\t\t\t<p>Servicio<\/p>\t\t\t\t\t\t\t\t<\/div>\n\t\t\t\t<\/div>\n\t\t\t\t<div class=\"elementor-element elementor-element-114706 elementor-widget elementor-widget-heading\" data-id=\"114706\" data-element_type=\"widget\" data-e-type=\"widget\" data-widget_type=\"heading.default\">\n\t\t\t\t<div class=\"elementor-widget-container\">\n\t\t\t\t\t<h1 class=\"elementor-heading-title elementor-size-default\">Log\u00edstica inversa de Tarimas<\/h1>\t\t\t\t<\/div>\n\t\t\t\t<\/div>\n\t\t\t\t\t<\/div>\n\t\t<\/div>\n\t\t\t\t\t<\/div>\n\t\t<\/section>\n\t\t\t\t<section class=\"elementor-section elementor-top-section elementor-element elementor-element-2f1cf906 elementor-section-boxed elementor-section-height-default elementor-section-height-default\" data-id=\"2f1cf906\" data-element_type=\"section\" data-e-type=\"section\">\n\t\t\t\t\t\t<div class=\"elementor-container elementor-column-gap-default\">\n\t\t\t\t\t<div class=\"elementor-column elementor-col-50 elementor-top-column elementor-element elementor-element-6fbe121a\" data-id=\"6fbe121a\" data-element_type=\"column\" data-e-type=\"column\">\n\t\t\t<div class=\"elementor-widget-wrap elementor-element-populated\">\n\t\t\t\t\t\t<div class=\"elementor-element elementor-element-26e8b2d7 elementor-widget elementor-widget-heading\" data-id=\"26e8b2d7\" data-element_type=\"widget\" data-e-type=\"widget\" data-widget_type=\"heading.default\">\n\t\t\t\t<div class=\"elementor-widget-container\">\n\t\t\t\t\t<h5 class=\"elementor-heading-title elementor-size-small\">Mantente conectado<\/h5>\t\t\t\t<\/div>\n\t\t\t\t<\/div>\n\t\t\t\t<div class=\"elementor-element elementor-element-4fa6cce6 elementor-widget elementor-widget-heading\" data-id=\"4fa6cce6\" data-element_type=\"widget\" data-e-type=\"widget\" data-widget_type=\"heading.default\">\n\t\t\t\t<div class=\"elementor-widget-container\">\n\t\t\t\t\t<h2 class=\"elementor-heading-title elementor-size-default\">\u00bfC\u00f3mo podemos ayudarte? <\/h2>\t\t\t\t<\/div>\n\t\t\t\t<\/div>\n\t\t\t\t\t<\/div>\n\t\t<\/div>\n\t\t\t\t<div class=\"elementor-column elementor-col-50 elementor-top-column elementor-element elementor-element-267bd6bc\" data-id=\"267bd6bc\" data-element_type=\"column\" data-e-type=\"column\">\n\t\t\t<div class=\"elementor-widget-wrap elementor-element-populated\">\n\t\t\t\t\t\t<div class=\"elementor-element elementor-element-779e96d6 elementor-widget elementor-widget-text-editor\" data-id=\"779e96d6\" data-element_type=\"widget\" data-e-type=\"widget\" data-widget_type=\"text-editor.default\">\n\t\t\t\t<div class=\"elementor-widget-container\">\n\t\t\t\t\t\t\t\t\t<p>Desde las plantas de sus clientes, recuperamos sus tarimas de madera, realizamos un seguimiento y un proceso denominado log\u00edstica inversa buscando lograr un ahorro de costos de tu empresa.\u00a0<\/p>\t\t\t\t\t\t\t\t<\/div>\n\t\t\t\t<\/div>\n\t\t\t\t\t<\/div>\n\t\t<\/div>\n\t\t\t\t\t<\/div>\n\t\t<\/section>\n\t\t\t\t<section class=\"elementor-section elementor-top-section elementor-element elementor-element-5a03a3e1 elementor-section-boxed elementor-section-height-default elementor-section-height-default\" data-id=\"5a03a3e1\" data-element_type=\"section\" data-e-type=\"section\">\n\t\t\t\t\t\t<div class=\"elementor-container elementor-column-gap-default\">\n\t\t\t\t\t<div class=\"elementor-column elementor-col-100 elementor-top-column elementor-element elementor-element-50c6d54e\" data-id=\"50c6d54e\" data-element_type=\"column\" data-e-type=\"column\">\n\t\t\t<div class=\"elementor-widget-wrap elementor-element-populated\">\n\t\t\t\t\t\t<div class=\"elementor-element elementor-element-62a24223 elementor-widget elementor-widget-heading\" data-id=\"62a24223\" data-element_type=\"widget\" data-e-type=\"widget\" data-widget_type=\"heading.default\">\n\t\t\t\t<div class=\"elementor-widget-container\">\n\t\t\t\t\t<h2 class=\"elementor-heading-title elementor-size-default\">Recuperamos sus tarimas de madera<\/h2>\t\t\t\t<\/div>\n\t\t\t\t<\/div>\n\t\t\t\t<section class=\"elementor-section elementor-inner-section elementor-element elementor-element-3a29923d elementor-section-boxed elementor-section-height-default elementor-section-height-default\" data-id=\"3a29923d\" data-element_type=\"section\" data-e-type=\"section\">\n\t\t\t\t\t\t<div class=\"elementor-container elementor-column-gap-default\">\n\t\t\t\t\t<div class=\"elementor-column elementor-col-50 elementor-inner-column elementor-element elementor-element-7b8dc4b5\" data-id=\"7b8dc4b5\" data-element_type=\"column\" data-e-type=\"column\" data-settings=\"{&quot;background_background&quot;:&quot;classic&quot;}\">\n\t\t\t<div class=\"elementor-widget-wrap elementor-element-populated\">\n\t\t\t\t\t\t<div class=\"elementor-element elementor-element-3028ce7 elementor-widget elementor-widget-image\" data-id=\"3028ce7\" data-element_type=\"widget\" data-e-type=\"widget\" data-widget_type=\"image.default\">\n\t\t\t\t<div class=\"elementor-widget-container\">\n\t\t\t\t\t\t\t\t\t\t\t\t\t\t\t<img fetchpriority=\"high\" decoding=\"async\" width=\"746\" height=\"431\" src=\"https:\/\/www.centraldemaderas.com\/wp-content\/uploads\/2023\/10\/cajas-en-estibas.webp\" class=\"attachment-large size-large wp-image-5775\" alt=\"\" srcset=\"https:\/\/www.centraldemaderas.com\/wp-content\/uploads\/2023\/10\/cajas-en-estibas.webp 746w, https:\/\/www.centraldemaderas.com\/wp-content\/uploads\/2023\/10\/cajas-en-estibas-300x173.webp 300w, https:\/\/www.centraldemaderas.com\/wp-content\/uploads\/2023\/10\/cajas-en-estibas-600x347.webp 600w\" sizes=\"(max-width: 746px) 100vw, 746px\" \/>\t\t\t\t\t\t\t\t\t\t\t\t\t\t\t<\/div>\n\t\t\t\t<\/div>\n\t\t\t\t\t<\/div>\n\t\t<\/div>\n\t\t\t\t<div class=\"elementor-column elementor-col-50 elementor-inner-column elementor-element elementor-element-164e1003\" data-id=\"164e1003\" data-element_type=\"column\" data-e-type=\"column\">\n\t\t\t<div class=\"elementor-widget-wrap elementor-element-populated\">\n\t\t\t\t\t\t<div class=\"elementor-element elementor-element-1a525191 elementor-widget elementor-widget-heading\" data-id=\"1a525191\" data-element_type=\"widget\" data-e-type=\"widget\" data-widget_type=\"heading.default\">\n\t\t\t\t<div class=\"elementor-widget-container\">\n\t\t\t\t\t<h3 class=\"elementor-heading-title elementor-size-default\">Log\u00edstica inversa de tarimas de madera<\/h3>\t\t\t\t<\/div>\n\t\t\t\t<\/div>\n\t\t\t\t<div class=\"elementor-element elementor-element-71342534 elementor-widget elementor-widget-text-editor\" data-id=\"71342534\" data-element_type=\"widget\" data-e-type=\"widget\" data-widget_type=\"text-editor.default\">\n\t\t\t\t<div class=\"elementor-widget-container\">\n\t\t\t\t\t\t\t\t\t<p>La log\u00edstica inversa es conocida como el m\u00e9todo usado para la recuperaci\u00f3n del empaque a lo largo de su cadena de suministro, esta recuperaci\u00f3n se traduce en cifras de ahorro para su compa\u00f1\u00eda, impactando positivamente su costo total. Adicionalmente, la globalizaci\u00f3n ha generado que las normas medioambientales se generalizan a nivel mundial y esto ha creado un grupo de objetivos ecol\u00f3gicos para las empresas en donde la recuperaci\u00f3n y reus\u00f3 del empaque son parte primordial para un buen desarrollo empresarial.<\/p>\t\t\t\t\t\t\t\t<\/div>\n\t\t\t\t<\/div>\n\t\t\t\t<div class=\"elementor-element elementor-element-13cfb4c7 elementor-widget elementor-widget-heading\" data-id=\"13cfb4c7\" data-element_type=\"widget\" data-e-type=\"widget\" data-widget_type=\"heading.default\">\n\t\t\t\t<div class=\"elementor-widget-container\">\n\t\t\t\t\t<h3 class=\"elementor-heading-title elementor-size-default\">Con este servicio..<\/h3>\t\t\t\t<\/div>\n\t\t\t\t<\/div>\n\t\t\t\t<div class=\"elementor-element elementor-element-3c03c5e8 elementor-widget elementor-widget-text-editor\" data-id=\"3c03c5e8\" data-element_type=\"widget\" data-e-type=\"widget\" data-widget_type=\"text-editor.default\">\n\t\t\t\t<div class=\"elementor-widget-container\">\n\t\t\t\t\t\t\t\t\t<p>Nuestros especialistas se encargar\u00e1n de hacerle seguimiento a su inventario de Tarimas de madera y embalajes, permiti\u00e9ndonos recuperar su producto en la planta de sus clientes y con <b>Gesti\u00f3n la Total de&nbsp;<\/b><span style=\"background-color: var(--ast-global-color-5);\"><b>Tarimas<\/b><\/span><span style=\"font-style: inherit; font-weight: inherit; color: var( --e-global-color-text ); font-family: var( --e-global-typography-text-font-family ), Sans-serif; background-color: var(--ast-global-color-5);\">&nbsp;podemos reparar, almacenar y controlar su inventario continuamente. Los ahorros son incomparables.<\/span><\/p>\n<div>&nbsp;<\/div>\t\t\t\t\t\t\t\t<\/div>\n\t\t\t\t<\/div>\n\t\t\t\t\t<\/div>\n\t\t<\/div>\n\t\t\t\t\t<\/div>\n\t\t<\/section>\n\t\t\t\t\t<\/div>\n\t\t<\/div>\n\t\t\t\t\t<\/div>\n\t\t<\/section>\n\t\t\t\t<section class=\"elementor-section elementor-top-section elementor-element elementor-element-50c101c8 elementor-section-height-min-height elementor-section-boxed elementor-section-height-default elementor-section-items-middle\" data-id=\"50c101c8\" data-element_type=\"section\" data-e-type=\"section\" data-settings=\"{&quot;background_background&quot;:&quot;classic&quot;}\">\n\t\t\t\t\t\t\t<div class=\"elementor-background-overlay\"><\/div>\n\t\t\t\t\t\t\t<div class=\"elementor-container elementor-column-gap-default\">\n\t\t\t\t\t<div class=\"elementor-column elementor-col-100 elementor-top-column elementor-element elementor-element-ca804e6\" data-id=\"ca804e6\" data-element_type=\"column\" data-e-type=\"column\">\n\t\t\t<div class=\"elementor-widget-wrap elementor-element-populated\">\n\t\t\t\t\t\t<div class=\"elementor-element elementor-element-18a12204 elementor-widget elementor-widget-heading\" data-id=\"18a12204\" data-element_type=\"widget\" data-e-type=\"widget\" data-settings=\"{&quot;motion_fx_motion_fx_scrolling&quot;:&quot;yes&quot;,&quot;motion_fx_devices&quot;:[&quot;desktop&quot;,&quot;tablet&quot;,&quot;mobile&quot;]}\" data-widget_type=\"heading.default\">\n\t\t\t\t<div class=\"elementor-widget-container\">\n\t\t\t\t\t<h2 class=\"elementor-heading-title elementor-size-default\">\u201c\u00a1Empiece a recuperar dinero ahora mismo!.\u201d<\/h2>\t\t\t\t<\/div>\n\t\t\t\t<\/div>\n\t\t\t\t<div class=\"elementor-element elementor-element-466a466f elementor-widget elementor-widget-text-editor\" data-id=\"466a466f\" data-element_type=\"widget\" data-e-type=\"widget\" data-widget_type=\"text-editor.default\">\n\t\t\t\t<div class=\"elementor-widget-container\">\n\t\t\t\t\t\t\t\t\t<p>Central de maderas<\/p>\t\t\t\t\t\t\t\t<\/div>\n\t\t\t\t<\/div>\n\t\t\t\t\t<\/div>\n\t\t<\/div>\n\t\t\t\t\t<\/div>\n\t\t<\/section>\n\t\t\t\t<\/div>\n\t\t","protected":false},"excerpt":{"rendered":"<p>Servicio Log\u00edstica inversa de Tarimas Mantente conectado \u00bfC\u00f3mo podemos ayudarte? Desde las plantas de sus clientes, recuperamos sus tarimas de madera, realizamos un seguimiento y un proceso denominado log\u00edstica inversa buscando lograr un ahorro de costos de tu empresa.\u00a0 Recuperamos sus tarimas de madera Log\u00edstica inversa de tarimas de madera La log\u00edstica inversa es conocida [&hellip;]<\/p>\n","protected":false},"author":1,"featured_media":0,"parent":5844,"menu_order":200,"comment_status":"closed","ping_status":"closed","template":"elementor_header_footer","meta":{"_joinchat":[],"footnotes":""},"class_list":["post-5861","page","type-page","status-publish","hentry"],"yoast_head":"<!-- This site is optimized with the Yoast SEO plugin v26.8 - https:\/\/yoast.com\/product\/yoast-seo-wordpress\/ -->\n<title>Log\u00edstica Inversa de Estibas -<\/title>\n<meta name=\"robots\" content=\"index, follow, max-snippet:-1, max-image-preview:large, max-video-preview:-1\" \/>\n<link rel=\"canonical\" href=\"https:\/\/www.centraldemaderas.com\/mx\/servicios\/logistica-inversa-de-estibas\/\" \/>\n<meta property=\"og:locale\" content=\"es_MX\" \/>\n<meta property=\"og:type\" content=\"article\" \/>\n<meta property=\"og:title\" content=\"Log\u00edstica Inversa de Estibas -\" \/>\n<meta property=\"og:description\" content=\"Servicio Log\u00edstica inversa de Tarimas Mantente conectado \u00bfC\u00f3mo podemos ayudarte? Desde las plantas de sus clientes, recuperamos sus tarimas de madera, realizamos un seguimiento y un proceso denominado log\u00edstica inversa buscando lograr un ahorro de costos de tu empresa.\u00a0 Recuperamos sus tarimas de madera Log\u00edstica inversa de tarimas de madera La log\u00edstica inversa es conocida [&hellip;]\" \/>\n<meta property=\"og:url\" content=\"https:\/\/www.centraldemaderas.com\/mx\/servicios\/logistica-inversa-de-estibas\/\" \/>\n<meta property=\"article:publisher\" content=\"https:\/\/www.facebook.com\/centraldemaderasCol\/\" \/>\n<meta property=\"article:modified_time\" content=\"2024-12-09T17:15:12+00:00\" \/>\n<meta property=\"og:image\" content=\"https:\/\/www.centraldemaderas.com\/wp-content\/uploads\/2023\/10\/cajas-en-estibas.webp\" \/>\n\t<meta property=\"og:image:width\" content=\"746\" \/>\n\t<meta property=\"og:image:height\" content=\"431\" \/>\n\t<meta property=\"og:image:type\" content=\"image\/webp\" \/>\n<meta name=\"twitter:card\" content=\"summary_large_image\" \/>\n<meta name=\"twitter:label1\" content=\"Tiempo de lectura\" \/>\n\t<meta name=\"twitter:data1\" content=\"2 minutos\" \/>\n<script type=\"application\/ld+json\" class=\"yoast-schema-graph\">{\"@context\":\"https:\/\/schema.org\",\"@graph\":[{\"@type\":\"WebPage\",\"@id\":\"https:\/\/www.centraldemaderas.com\/mx\/servicios\/logistica-inversa-de-estibas\/\",\"url\":\"https:\/\/www.centraldemaderas.com\/mx\/servicios\/logistica-inversa-de-estibas\/\",\"name\":\"Log\u00edstica Inversa de Estibas -\",\"isPartOf\":{\"@id\":\"https:\/\/www.centraldemaderas.com\/mx\/#website\"},\"primaryImageOfPage\":{\"@id\":\"https:\/\/www.centraldemaderas.com\/mx\/servicios\/logistica-inversa-de-estibas\/#primaryimage\"},\"image\":{\"@id\":\"https:\/\/www.centraldemaderas.com\/mx\/servicios\/logistica-inversa-de-estibas\/#primaryimage\"},\"thumbnailUrl\":\"https:\/\/www.centraldemaderas.com\/wp-content\/uploads\/2023\/10\/cajas-en-estibas.webp\",\"datePublished\":\"2014-04-11T16:06:43+00:00\",\"dateModified\":\"2024-12-09T17:15:12+00:00\",\"breadcrumb\":{\"@id\":\"https:\/\/www.centraldemaderas.com\/mx\/servicios\/logistica-inversa-de-estibas\/#breadcrumb\"},\"inLanguage\":\"es\",\"potentialAction\":[{\"@type\":\"ReadAction\",\"target\":[\"https:\/\/www.centraldemaderas.com\/mx\/servicios\/logistica-inversa-de-estibas\/\"]}]},{\"@type\":\"ImageObject\",\"inLanguage\":\"es\",\"@id\":\"https:\/\/www.centraldemaderas.com\/mx\/servicios\/logistica-inversa-de-estibas\/#primaryimage\",\"url\":\"https:\/\/www.centraldemaderas.com\/wp-content\/uploads\/2023\/10\/cajas-en-estibas.webp\",\"contentUrl\":\"https:\/\/www.centraldemaderas.com\/wp-content\/uploads\/2023\/10\/cajas-en-estibas.webp\"},{\"@type\":\"BreadcrumbList\",\"@id\":\"https:\/\/www.centraldemaderas.com\/mx\/servicios\/logistica-inversa-de-estibas\/#breadcrumb\",\"itemListElement\":[{\"@type\":\"ListItem\",\"position\":1,\"name\":\"Portada\",\"item\":\"https:\/\/www.centraldemaderas.com\/mx\/\"},{\"@type\":\"ListItem\",\"position\":2,\"name\":\"Servicios\",\"item\":\"https:\/\/www.centraldemaderas.com\/mx\/servicios\/\"},{\"@type\":\"ListItem\",\"position\":3,\"name\":\"Log\u00edstica Inversa de Estibas\"}]},{\"@type\":\"WebSite\",\"@id\":\"https:\/\/www.centraldemaderas.com\/mx\/#website\",\"url\":\"https:\/\/www.centraldemaderas.com\/mx\/\",\"name\":\"Central de Maderas - Venta de Estibas\",\"description\":\"Venta de estibas en madera a nivel nacional\",\"publisher\":{\"@id\":\"https:\/\/www.centraldemaderas.com\/mx\/#organization\"},\"alternateName\":\"CM - Estibas\",\"potentialAction\":[{\"@type\":\"SearchAction\",\"target\":{\"@type\":\"EntryPoint\",\"urlTemplate\":\"https:\/\/www.centraldemaderas.com\/mx\/?s={search_term_string}\"},\"query-input\":{\"@type\":\"PropertyValueSpecification\",\"valueRequired\":true,\"valueName\":\"search_term_string\"}}],\"inLanguage\":\"es\"},{\"@type\":\"Organization\",\"@id\":\"https:\/\/www.centraldemaderas.com\/mx\/#organization\",\"name\":\"Central de Maderas\",\"url\":\"https:\/\/www.centraldemaderas.com\/mx\/\",\"logo\":{\"@type\":\"ImageObject\",\"inLanguage\":\"es\",\"@id\":\"https:\/\/www.centraldemaderas.com\/mx\/#\/schema\/logo\/image\/\",\"url\":\"https:\/\/www.centraldemaderas.com\/wp-content\/uploads\/2023\/08\/logopsd2_SAS-_2_.webp\",\"contentUrl\":\"https:\/\/www.centraldemaderas.com\/wp-content\/uploads\/2023\/08\/logopsd2_SAS-_2_.webp\",\"width\":1200,\"height\":1200,\"caption\":\"Central de Maderas\"},\"image\":{\"@id\":\"https:\/\/www.centraldemaderas.com\/mx\/#\/schema\/logo\/image\/\"},\"sameAs\":[\"https:\/\/www.facebook.com\/centraldemaderasCol\/\"]}]}<\/script>\n<!-- \/ Yoast SEO plugin. -->","yoast_head_json":{"title":"Log\u00edstica Inversa de Estibas -","robots":{"index":"index","follow":"follow","max-snippet":"max-snippet:-1","max-image-preview":"max-image-preview:large","max-video-preview":"max-video-preview:-1"},"canonical":"https:\/\/www.centraldemaderas.com\/mx\/servicios\/logistica-inversa-de-estibas\/","og_locale":"es_MX","og_type":"article","og_title":"Log\u00edstica Inversa de Estibas -","og_description":"Servicio Log\u00edstica inversa de Tarimas Mantente conectado \u00bfC\u00f3mo podemos ayudarte? Desde las plantas de sus clientes, recuperamos sus tarimas de madera, realizamos un seguimiento y un proceso denominado log\u00edstica inversa buscando lograr un ahorro de costos de tu empresa.\u00a0 Recuperamos sus tarimas de madera Log\u00edstica inversa de tarimas de madera La log\u00edstica inversa es conocida [&hellip;]","og_url":"https:\/\/www.centraldemaderas.com\/mx\/servicios\/logistica-inversa-de-estibas\/","article_publisher":"https:\/\/www.facebook.com\/centraldemaderasCol\/","article_modified_time":"2024-12-09T17:15:12+00:00","og_image":[{"width":746,"height":431,"url":"https:\/\/www.centraldemaderas.com\/wp-content\/uploads\/2023\/10\/cajas-en-estibas.webp","type":"image\/webp"}],"twitter_card":"summary_large_image","twitter_misc":{"Tiempo de lectura":"2 minutos"},"schema":{"@context":"https:\/\/schema.org","@graph":[{"@type":"WebPage","@id":"https:\/\/www.centraldemaderas.com\/mx\/servicios\/logistica-inversa-de-estibas\/","url":"https:\/\/www.centraldemaderas.com\/mx\/servicios\/logistica-inversa-de-estibas\/","name":"Log\u00edstica Inversa de Estibas -","isPartOf":{"@id":"https:\/\/www.centraldemaderas.com\/mx\/#website"},"primaryImageOfPage":{"@id":"https:\/\/www.centraldemaderas.com\/mx\/servicios\/logistica-inversa-de-estibas\/#primaryimage"},"image":{"@id":"https:\/\/www.centraldemaderas.com\/mx\/servicios\/logistica-inversa-de-estibas\/#primaryimage"},"thumbnailUrl":"https:\/\/www.centraldemaderas.com\/wp-content\/uploads\/2023\/10\/cajas-en-estibas.webp","datePublished":"2014-04-11T16:06:43+00:00","dateModified":"2024-12-09T17:15:12+00:00","breadcrumb":{"@id":"https:\/\/www.centraldemaderas.com\/mx\/servicios\/logistica-inversa-de-estibas\/#breadcrumb"},"inLanguage":"es","potentialAction":[{"@type":"ReadAction","target":["https:\/\/www.centraldemaderas.com\/mx\/servicios\/logistica-inversa-de-estibas\/"]}]},{"@type":"ImageObject","inLanguage":"es","@id":"https:\/\/www.centraldemaderas.com\/mx\/servicios\/logistica-inversa-de-estibas\/#primaryimage","url":"https:\/\/www.centraldemaderas.com\/wp-content\/uploads\/2023\/10\/cajas-en-estibas.webp","contentUrl":"https:\/\/www.centraldemaderas.com\/wp-content\/uploads\/2023\/10\/cajas-en-estibas.webp"},{"@type":"BreadcrumbList","@id":"https:\/\/www.centraldemaderas.com\/mx\/servicios\/logistica-inversa-de-estibas\/#breadcrumb","itemListElement":[{"@type":"ListItem","position":1,"name":"Portada","item":"https:\/\/www.centraldemaderas.com\/mx\/"},{"@type":"ListItem","position":2,"name":"Servicios","item":"https:\/\/www.centraldemaderas.com\/mx\/servicios\/"},{"@type":"ListItem","position":3,"name":"Log\u00edstica Inversa de Estibas"}]},{"@type":"WebSite","@id":"https:\/\/www.centraldemaderas.com\/mx\/#website","url":"https:\/\/www.centraldemaderas.com\/mx\/","name":"Central de Maderas - Venta de Estibas","description":"Venta de estibas en madera a nivel nacional","publisher":{"@id":"https:\/\/www.centraldemaderas.com\/mx\/#organization"},"alternateName":"CM - Estibas","potentialAction":[{"@type":"SearchAction","target":{"@type":"EntryPoint","urlTemplate":"https:\/\/www.centraldemaderas.com\/mx\/?s={search_term_string}"},"query-input":{"@type":"PropertyValueSpecification","valueRequired":true,"valueName":"search_term_string"}}],"inLanguage":"es"},{"@type":"Organization","@id":"https:\/\/www.centraldemaderas.com\/mx\/#organization","name":"Central de Maderas","url":"https:\/\/www.centraldemaderas.com\/mx\/","logo":{"@type":"ImageObject","inLanguage":"es","@id":"https:\/\/www.centraldemaderas.com\/mx\/#\/schema\/logo\/image\/","url":"https:\/\/www.centraldemaderas.com\/wp-content\/uploads\/2023\/08\/logopsd2_SAS-_2_.webp","contentUrl":"https:\/\/www.centraldemaderas.com\/wp-content\/uploads\/2023\/08\/logopsd2_SAS-_2_.webp","width":1200,"height":1200,"caption":"Central de Maderas"},"image":{"@id":"https:\/\/www.centraldemaderas.com\/mx\/#\/schema\/logo\/image\/"},"sameAs":["https:\/\/www.facebook.com\/centraldemaderasCol\/"]}]}},"_links":{"self":[{"href":"https:\/\/www.centraldemaderas.com\/mx\/wp-json\/wp\/v2\/pages\/5861","targetHints":{"allow":["GET"]}}],"collection":[{"href":"https:\/\/www.centraldemaderas.com\/mx\/wp-json\/wp\/v2\/pages"}],"about":[{"href":"https:\/\/www.centraldemaderas.com\/mx\/wp-json\/wp\/v2\/types\/page"}],"author":[{"embeddable":true,"href":"https:\/\/www.centraldemaderas.com\/mx\/wp-json\/wp\/v2\/users\/1"}],"replies":[{"embeddable":true,"href":"https:\/\/www.centraldemaderas.com\/mx\/wp-json\/wp\/v2\/comments?post=5861"}],"version-history":[{"count":6,"href":"https:\/\/www.centraldemaderas.com\/mx\/wp-json\/wp\/v2\/pages\/5861\/revisions"}],"predecessor-version":[{"id":6966,"href":"https:\/\/www.centraldemaderas.com\/mx\/wp-json\/wp\/v2\/pages\/5861\/revisions\/6966"}],"up":[{"embeddable":true,"href":"https:\/\/www.centraldemaderas.com\/mx\/wp-json\/wp\/v2\/pages\/5844"}],"wp:attachment":[{"href":"https:\/\/www.centraldemaderas.com\/mx\/wp-json\/wp\/v2\/media?parent=5861"}],"curies":[{"name":"wp","href":"https:\/\/api.w.org\/{rel}","templated":true}]}}