{"id":5852,"date":"2014-04-12T09:05:36","date_gmt":"2014-04-12T09:05:36","guid":{"rendered":"https:\/\/www.centraldemaderas.com\/servicios\/gestion-total-de-estibas\/sistemas-de-informacion\/"},"modified":"2024-12-09T17:09:15","modified_gmt":"2024-12-09T17:09:15","slug":"sistemas-de-informacion","status":"publish","type":"page","link":"https:\/\/www.centraldemaderas.com\/mx\/servicios\/gestion-total-de-estibas\/sistemas-de-informacion\/","title":{"rendered":"Sistemas de Informaci\u00f3n"},"content":{"rendered":"\t\t<div data-elementor-type=\"wp-page\" data-elementor-id=\"5852\" class=\"elementor elementor-5852 elementor-567\" data-elementor-post-type=\"page\">\n\t\t\t\t\t\t<section class=\"elementor-section elementor-top-section elementor-element elementor-element-50b6030 elementor-section-height-min-height elementor-section-boxed elementor-section-height-default elementor-section-items-middle\" data-id=\"50b6030\" data-element_type=\"section\" data-e-type=\"section\" data-settings=\"{&quot;background_background&quot;:&quot;classic&quot;}\">\n\t\t\t\t\t\t\t<div class=\"elementor-background-overlay\"><\/div>\n\t\t\t\t\t\t\t<div class=\"elementor-container elementor-column-gap-default\">\n\t\t\t\t\t<div class=\"elementor-column elementor-col-100 elementor-top-column elementor-element elementor-element-01f5e46\" data-id=\"01f5e46\" data-element_type=\"column\" data-e-type=\"column\">\n\t\t\t<div class=\"elementor-widget-wrap elementor-element-populated\">\n\t\t\t\t\t\t<div class=\"elementor-element elementor-element-515db0d elementor-widget elementor-widget-heading\" data-id=\"515db0d\" data-element_type=\"widget\" data-e-type=\"widget\" data-widget_type=\"heading.default\">\n\t\t\t\t<div class=\"elementor-widget-container\">\n\t\t\t\t\t<h1 class=\"elementor-heading-title elementor-size-default\">Servicio de <br>Sistemas de Informaci\u00f3n<\/h1>\t\t\t\t<\/div>\n\t\t\t\t<\/div>\n\t\t\t\t\t<\/div>\n\t\t<\/div>\n\t\t\t\t\t<\/div>\n\t\t<\/section>\n\t\t\t\t<section class=\"elementor-section elementor-top-section elementor-element elementor-element-c5bbe6e elementor-section-boxed elementor-section-height-default elementor-section-height-default\" data-id=\"c5bbe6e\" data-element_type=\"section\" data-e-type=\"section\">\n\t\t\t\t\t\t<div class=\"elementor-container elementor-column-gap-default\">\n\t\t\t\t\t<div class=\"elementor-column elementor-col-100 elementor-top-column elementor-element elementor-element-feace76\" data-id=\"feace76\" data-element_type=\"column\" data-e-type=\"column\">\n\t\t\t<div class=\"elementor-widget-wrap elementor-element-populated\">\n\t\t\t\t\t\t<div class=\"elementor-element elementor-element-a893922 elementor-widget elementor-widget-heading\" data-id=\"a893922\" data-element_type=\"widget\" data-e-type=\"widget\" data-widget_type=\"heading.default\">\n\t\t\t\t<div class=\"elementor-widget-container\">\n\t\t\t\t\t<h2 class=\"elementor-heading-title elementor-size-default\">\u00bfConoce usted su inventario de Tarimas en la planta de su cliente?<\/h2>\t\t\t\t<\/div>\n\t\t\t\t<\/div>\n\t\t\t\t<section class=\"elementor-section elementor-inner-section elementor-element elementor-element-6b91650 elementor-section-boxed elementor-section-height-default elementor-section-height-default\" data-id=\"6b91650\" data-element_type=\"section\" data-e-type=\"section\">\n\t\t\t\t\t\t<div class=\"elementor-container elementor-column-gap-default\">\n\t\t\t\t\t<div class=\"elementor-column elementor-col-50 elementor-inner-column elementor-element elementor-element-5496bf2\" data-id=\"5496bf2\" data-element_type=\"column\" data-e-type=\"column\">\n\t\t\t<div class=\"elementor-widget-wrap elementor-element-populated\">\n\t\t\t\t\t\t<div class=\"elementor-element elementor-element-fffbd58 elementor-widget elementor-widget-image\" data-id=\"fffbd58\" data-element_type=\"widget\" data-e-type=\"widget\" data-widget_type=\"image.default\">\n\t\t\t\t<div class=\"elementor-widget-container\">\n\t\t\t\t\t\t\t\t\t\t\t\t\t\t\t<img fetchpriority=\"high\" decoding=\"async\" width=\"840\" height=\"300\" src=\"https:\/\/www.centraldemaderas.com\/wp-content\/uploads\/2023\/08\/a-medida-1.jpg\" class=\"attachment-full size-full wp-image-4327\" alt=\"\" srcset=\"https:\/\/www.centraldemaderas.com\/wp-content\/uploads\/2023\/08\/a-medida-1.jpg 840w, https:\/\/www.centraldemaderas.com\/wp-content\/uploads\/2023\/08\/a-medida-1-300x107.jpg 300w, https:\/\/www.centraldemaderas.com\/wp-content\/uploads\/2023\/08\/a-medida-1-768x274.jpg 768w, https:\/\/www.centraldemaderas.com\/wp-content\/uploads\/2023\/08\/a-medida-1-600x214.jpg 600w\" sizes=\"(max-width: 840px) 100vw, 840px\" \/>\t\t\t\t\t\t\t\t\t\t\t\t\t\t\t<\/div>\n\t\t\t\t<\/div>\n\t\t\t\t\t<\/div>\n\t\t<\/div>\n\t\t\t\t<div class=\"elementor-column elementor-col-50 elementor-inner-column elementor-element elementor-element-45a2f5d\" data-id=\"45a2f5d\" data-element_type=\"column\" data-e-type=\"column\">\n\t\t\t<div class=\"elementor-widget-wrap elementor-element-populated\">\n\t\t\t\t\t\t<div class=\"elementor-element elementor-element-a784409 elementor-widget elementor-widget-text-editor\" data-id=\"a784409\" data-element_type=\"widget\" data-e-type=\"widget\" data-widget_type=\"text-editor.default\">\n\t\t\t\t<div class=\"elementor-widget-container\">\n\t\t\t\t\t\t\t\t\t<p>En <strong>Central de Maderas G&amp;S SAS<\/strong> conocemos la importancia de <b>la informaci\u00f3n a tiempo<\/b>, por eso nuestros sistemas de informaci\u00f3n son <b>actualizados a diario<\/b> dando la capacidad de generar informes a su equipo de trabajo <b>de la forma en que su compa\u00f1\u00eda lo necesite.<\/b> Esto no solo le ahorrara tiempo sino nos dar\u00e1 la capacidad por medio de indicadores de eficiencia demostrarle el ahorro que <b>Gesti\u00f3n Total de&nbsp;Tarimas<\/b>&nbsp;est\u00e1 generando para usted, adicionalmente tambi\u00e9n le permitir\u00e1 preocuparse en los verdaderos problemas en su organizaci\u00f3n. No lo piense m\u00e1s, comun\u00edquese con nosotros y dejemos ahorrarle dinero.<\/p>\n<div>&nbsp;<\/div>\t\t\t\t\t\t\t\t<\/div>\n\t\t\t\t<\/div>\n\t\t\t\t\t<\/div>\n\t\t<\/div>\n\t\t\t\t\t<\/div>\n\t\t<\/section>\n\t\t\t\t\t<\/div>\n\t\t<\/div>\n\t\t\t\t\t<\/div>\n\t\t<\/section>\n\t\t\t\t<\/div>\n\t\t","protected":false},"excerpt":{"rendered":"<p>Servicio de Sistemas de Informaci\u00f3n \u00bfConoce usted su inventario de Tarimas en la planta de su cliente? En Central de Maderas G&amp;S SAS conocemos la importancia de la informaci\u00f3n a tiempo, por eso nuestros sistemas de informaci\u00f3n son actualizados a diario dando la capacidad de generar informes a su equipo de trabajo de la forma [&hellip;]<\/p>\n","protected":false},"author":1,"featured_media":0,"parent":5846,"menu_order":700,"comment_status":"closed","ping_status":"closed","template":"elementor_header_footer","meta":{"_joinchat":[],"footnotes":""},"class_list":["post-5852","page","type-page","status-publish","hentry"],"yoast_head":"<!-- This site is optimized with the Yoast SEO plugin v26.8 - https:\/\/yoast.com\/product\/yoast-seo-wordpress\/ -->\n<title>Sistemas de Informaci\u00f3n -<\/title>\n<meta name=\"robots\" content=\"index, follow, max-snippet:-1, max-image-preview:large, max-video-preview:-1\" \/>\n<link rel=\"canonical\" href=\"https:\/\/www.centraldemaderas.com\/mx\/servicios\/gestion-total-de-estibas\/sistemas-de-informacion\/\" \/>\n<meta property=\"og:locale\" content=\"es_MX\" \/>\n<meta property=\"og:type\" content=\"article\" \/>\n<meta property=\"og:title\" content=\"Sistemas de Informaci\u00f3n -\" \/>\n<meta property=\"og:description\" content=\"Servicio de Sistemas de Informaci\u00f3n \u00bfConoce usted su inventario de Tarimas en la planta de su cliente? En Central de Maderas G&amp;S SAS conocemos la importancia de la informaci\u00f3n a tiempo, por eso nuestros sistemas de informaci\u00f3n son actualizados a diario dando la capacidad de generar informes a su equipo de trabajo de la forma [&hellip;]\" \/>\n<meta property=\"og:url\" content=\"https:\/\/www.centraldemaderas.com\/mx\/servicios\/gestion-total-de-estibas\/sistemas-de-informacion\/\" \/>\n<meta property=\"article:publisher\" content=\"https:\/\/www.facebook.com\/centraldemaderasCol\/\" \/>\n<meta property=\"article:modified_time\" content=\"2024-12-09T17:09:15+00:00\" \/>\n<meta property=\"og:image\" content=\"https:\/\/www.centraldemaderas.com\/wp-content\/uploads\/2023\/08\/a-medida-1.jpg\" \/>\n\t<meta property=\"og:image:width\" content=\"840\" \/>\n\t<meta property=\"og:image:height\" content=\"300\" \/>\n\t<meta property=\"og:image:type\" content=\"image\/jpeg\" \/>\n<meta name=\"twitter:card\" content=\"summary_large_image\" \/>\n<meta name=\"twitter:label1\" content=\"Tiempo de lectura\" \/>\n\t<meta name=\"twitter:data1\" content=\"1 minuto\" \/>\n<script type=\"application\/ld+json\" class=\"yoast-schema-graph\">{\"@context\":\"https:\/\/schema.org\",\"@graph\":[{\"@type\":\"WebPage\",\"@id\":\"https:\/\/www.centraldemaderas.com\/mx\/servicios\/gestion-total-de-estibas\/sistemas-de-informacion\/\",\"url\":\"https:\/\/www.centraldemaderas.com\/mx\/servicios\/gestion-total-de-estibas\/sistemas-de-informacion\/\",\"name\":\"Sistemas de Informaci\u00f3n -\",\"isPartOf\":{\"@id\":\"https:\/\/www.centraldemaderas.com\/mx\/#website\"},\"primaryImageOfPage\":{\"@id\":\"https:\/\/www.centraldemaderas.com\/mx\/servicios\/gestion-total-de-estibas\/sistemas-de-informacion\/#primaryimage\"},\"image\":{\"@id\":\"https:\/\/www.centraldemaderas.com\/mx\/servicios\/gestion-total-de-estibas\/sistemas-de-informacion\/#primaryimage\"},\"thumbnailUrl\":\"https:\/\/www.centraldemaderas.com\/wp-content\/uploads\/2023\/08\/a-medida-1.jpg\",\"datePublished\":\"2014-04-12T09:05:36+00:00\",\"dateModified\":\"2024-12-09T17:09:15+00:00\",\"breadcrumb\":{\"@id\":\"https:\/\/www.centraldemaderas.com\/mx\/servicios\/gestion-total-de-estibas\/sistemas-de-informacion\/#breadcrumb\"},\"inLanguage\":\"es\",\"potentialAction\":[{\"@type\":\"ReadAction\",\"target\":[\"https:\/\/www.centraldemaderas.com\/mx\/servicios\/gestion-total-de-estibas\/sistemas-de-informacion\/\"]}]},{\"@type\":\"ImageObject\",\"inLanguage\":\"es\",\"@id\":\"https:\/\/www.centraldemaderas.com\/mx\/servicios\/gestion-total-de-estibas\/sistemas-de-informacion\/#primaryimage\",\"url\":\"https:\/\/www.centraldemaderas.com\/wp-content\/uploads\/2023\/08\/a-medida-1.jpg\",\"contentUrl\":\"https:\/\/www.centraldemaderas.com\/wp-content\/uploads\/2023\/08\/a-medida-1.jpg\"},{\"@type\":\"BreadcrumbList\",\"@id\":\"https:\/\/www.centraldemaderas.com\/mx\/servicios\/gestion-total-de-estibas\/sistemas-de-informacion\/#breadcrumb\",\"itemListElement\":[{\"@type\":\"ListItem\",\"position\":1,\"name\":\"Portada\",\"item\":\"https:\/\/www.centraldemaderas.com\/mx\/\"},{\"@type\":\"ListItem\",\"position\":2,\"name\":\"Servicios\",\"item\":\"https:\/\/www.centraldemaderas.com\/mx\/servicios\/\"},{\"@type\":\"ListItem\",\"position\":3,\"name\":\"Gesti\u00f3n Total de Estibas\",\"item\":\"https:\/\/www.centraldemaderas.com\/mx\/servicios\/gestion-total-de-estibas\/\"},{\"@type\":\"ListItem\",\"position\":4,\"name\":\"Sistemas de Informaci\u00f3n\"}]},{\"@type\":\"WebSite\",\"@id\":\"https:\/\/www.centraldemaderas.com\/mx\/#website\",\"url\":\"https:\/\/www.centraldemaderas.com\/mx\/\",\"name\":\"Central de Maderas - Venta de Estibas\",\"description\":\"Venta de estibas en madera a nivel nacional\",\"publisher\":{\"@id\":\"https:\/\/www.centraldemaderas.com\/mx\/#organization\"},\"alternateName\":\"CM - Estibas\",\"potentialAction\":[{\"@type\":\"SearchAction\",\"target\":{\"@type\":\"EntryPoint\",\"urlTemplate\":\"https:\/\/www.centraldemaderas.com\/mx\/?s={search_term_string}\"},\"query-input\":{\"@type\":\"PropertyValueSpecification\",\"valueRequired\":true,\"valueName\":\"search_term_string\"}}],\"inLanguage\":\"es\"},{\"@type\":\"Organization\",\"@id\":\"https:\/\/www.centraldemaderas.com\/mx\/#organization\",\"name\":\"Central de Maderas\",\"url\":\"https:\/\/www.centraldemaderas.com\/mx\/\",\"logo\":{\"@type\":\"ImageObject\",\"inLanguage\":\"es\",\"@id\":\"https:\/\/www.centraldemaderas.com\/mx\/#\/schema\/logo\/image\/\",\"url\":\"https:\/\/www.centraldemaderas.com\/wp-content\/uploads\/2023\/08\/logopsd2_SAS-_2_.webp\",\"contentUrl\":\"https:\/\/www.centraldemaderas.com\/wp-content\/uploads\/2023\/08\/logopsd2_SAS-_2_.webp\",\"width\":1200,\"height\":1200,\"caption\":\"Central de Maderas\"},\"image\":{\"@id\":\"https:\/\/www.centraldemaderas.com\/mx\/#\/schema\/logo\/image\/\"},\"sameAs\":[\"https:\/\/www.facebook.com\/centraldemaderasCol\/\"]}]}<\/script>\n<!-- \/ Yoast SEO plugin. -->","yoast_head_json":{"title":"Sistemas de Informaci\u00f3n -","robots":{"index":"index","follow":"follow","max-snippet":"max-snippet:-1","max-image-preview":"max-image-preview:large","max-video-preview":"max-video-preview:-1"},"canonical":"https:\/\/www.centraldemaderas.com\/mx\/servicios\/gestion-total-de-estibas\/sistemas-de-informacion\/","og_locale":"es_MX","og_type":"article","og_title":"Sistemas de Informaci\u00f3n -","og_description":"Servicio de Sistemas de Informaci\u00f3n \u00bfConoce usted su inventario de Tarimas en la planta de su cliente? En Central de Maderas G&amp;S SAS conocemos la importancia de la informaci\u00f3n a tiempo, por eso nuestros sistemas de informaci\u00f3n son actualizados a diario dando la capacidad de generar informes a su equipo de trabajo de la forma [&hellip;]","og_url":"https:\/\/www.centraldemaderas.com\/mx\/servicios\/gestion-total-de-estibas\/sistemas-de-informacion\/","article_publisher":"https:\/\/www.facebook.com\/centraldemaderasCol\/","article_modified_time":"2024-12-09T17:09:15+00:00","og_image":[{"width":840,"height":300,"url":"https:\/\/www.centraldemaderas.com\/wp-content\/uploads\/2023\/08\/a-medida-1.jpg","type":"image\/jpeg"}],"twitter_card":"summary_large_image","twitter_misc":{"Tiempo de lectura":"1 minuto"},"schema":{"@context":"https:\/\/schema.org","@graph":[{"@type":"WebPage","@id":"https:\/\/www.centraldemaderas.com\/mx\/servicios\/gestion-total-de-estibas\/sistemas-de-informacion\/","url":"https:\/\/www.centraldemaderas.com\/mx\/servicios\/gestion-total-de-estibas\/sistemas-de-informacion\/","name":"Sistemas de Informaci\u00f3n -","isPartOf":{"@id":"https:\/\/www.centraldemaderas.com\/mx\/#website"},"primaryImageOfPage":{"@id":"https:\/\/www.centraldemaderas.com\/mx\/servicios\/gestion-total-de-estibas\/sistemas-de-informacion\/#primaryimage"},"image":{"@id":"https:\/\/www.centraldemaderas.com\/mx\/servicios\/gestion-total-de-estibas\/sistemas-de-informacion\/#primaryimage"},"thumbnailUrl":"https:\/\/www.centraldemaderas.com\/wp-content\/uploads\/2023\/08\/a-medida-1.jpg","datePublished":"2014-04-12T09:05:36+00:00","dateModified":"2024-12-09T17:09:15+00:00","breadcrumb":{"@id":"https:\/\/www.centraldemaderas.com\/mx\/servicios\/gestion-total-de-estibas\/sistemas-de-informacion\/#breadcrumb"},"inLanguage":"es","potentialAction":[{"@type":"ReadAction","target":["https:\/\/www.centraldemaderas.com\/mx\/servicios\/gestion-total-de-estibas\/sistemas-de-informacion\/"]}]},{"@type":"ImageObject","inLanguage":"es","@id":"https:\/\/www.centraldemaderas.com\/mx\/servicios\/gestion-total-de-estibas\/sistemas-de-informacion\/#primaryimage","url":"https:\/\/www.centraldemaderas.com\/wp-content\/uploads\/2023\/08\/a-medida-1.jpg","contentUrl":"https:\/\/www.centraldemaderas.com\/wp-content\/uploads\/2023\/08\/a-medida-1.jpg"},{"@type":"BreadcrumbList","@id":"https:\/\/www.centraldemaderas.com\/mx\/servicios\/gestion-total-de-estibas\/sistemas-de-informacion\/#breadcrumb","itemListElement":[{"@type":"ListItem","position":1,"name":"Portada","item":"https:\/\/www.centraldemaderas.com\/mx\/"},{"@type":"ListItem","position":2,"name":"Servicios","item":"https:\/\/www.centraldemaderas.com\/mx\/servicios\/"},{"@type":"ListItem","position":3,"name":"Gesti\u00f3n Total de Estibas","item":"https:\/\/www.centraldemaderas.com\/mx\/servicios\/gestion-total-de-estibas\/"},{"@type":"ListItem","position":4,"name":"Sistemas de Informaci\u00f3n"}]},{"@type":"WebSite","@id":"https:\/\/www.centraldemaderas.com\/mx\/#website","url":"https:\/\/www.centraldemaderas.com\/mx\/","name":"Central de Maderas - Venta de Estibas","description":"Venta de estibas en madera a nivel nacional","publisher":{"@id":"https:\/\/www.centraldemaderas.com\/mx\/#organization"},"alternateName":"CM - Estibas","potentialAction":[{"@type":"SearchAction","target":{"@type":"EntryPoint","urlTemplate":"https:\/\/www.centraldemaderas.com\/mx\/?s={search_term_string}"},"query-input":{"@type":"PropertyValueSpecification","valueRequired":true,"valueName":"search_term_string"}}],"inLanguage":"es"},{"@type":"Organization","@id":"https:\/\/www.centraldemaderas.com\/mx\/#organization","name":"Central de Maderas","url":"https:\/\/www.centraldemaderas.com\/mx\/","logo":{"@type":"ImageObject","inLanguage":"es","@id":"https:\/\/www.centraldemaderas.com\/mx\/#\/schema\/logo\/image\/","url":"https:\/\/www.centraldemaderas.com\/wp-content\/uploads\/2023\/08\/logopsd2_SAS-_2_.webp","contentUrl":"https:\/\/www.centraldemaderas.com\/wp-content\/uploads\/2023\/08\/logopsd2_SAS-_2_.webp","width":1200,"height":1200,"caption":"Central de Maderas"},"image":{"@id":"https:\/\/www.centraldemaderas.com\/mx\/#\/schema\/logo\/image\/"},"sameAs":["https:\/\/www.facebook.com\/centraldemaderasCol\/"]}]}},"_links":{"self":[{"href":"https:\/\/www.centraldemaderas.com\/mx\/wp-json\/wp\/v2\/pages\/5852","targetHints":{"allow":["GET"]}}],"collection":[{"href":"https:\/\/www.centraldemaderas.com\/mx\/wp-json\/wp\/v2\/pages"}],"about":[{"href":"https:\/\/www.centraldemaderas.com\/mx\/wp-json\/wp\/v2\/types\/page"}],"author":[{"embeddable":true,"href":"https:\/\/www.centraldemaderas.com\/mx\/wp-json\/wp\/v2\/users\/1"}],"replies":[{"embeddable":true,"href":"https:\/\/www.centraldemaderas.com\/mx\/wp-json\/wp\/v2\/comments?post=5852"}],"version-history":[{"count":9,"href":"https:\/\/www.centraldemaderas.com\/mx\/wp-json\/wp\/v2\/pages\/5852\/revisions"}],"predecessor-version":[{"id":6954,"href":"https:\/\/www.centraldemaderas.com\/mx\/wp-json\/wp\/v2\/pages\/5852\/revisions\/6954"}],"up":[{"embeddable":true,"href":"https:\/\/www.centraldemaderas.com\/mx\/wp-json\/wp\/v2\/pages\/5846"}],"wp:attachment":[{"href":"https:\/\/www.centraldemaderas.com\/mx\/wp-json\/wp\/v2\/media?parent=5852"}],"curies":[{"name":"wp","href":"https:\/\/api.w.org\/{rel}","templated":true}]}}