{"id":5822,"date":"2014-06-13T13:10:27","date_gmt":"2014-06-13T13:10:27","guid":{"rendered":"https:\/\/www.centraldemaderas.com\/productos\/estibas-nuevas-plasticas\/"},"modified":"2026-01-27T20:58:04","modified_gmt":"2026-01-27T20:58:04","slug":"estibas-nuevas-plasticas","status":"publish","type":"page","link":"https:\/\/www.centraldemaderas.com\/mx\/productos\/estibas-nuevas-plasticas\/","title":{"rendered":"Estibas Nuevas Pl\u00e1sticas"},"content":{"rendered":"\t\t<div data-elementor-type=\"wp-page\" data-elementor-id=\"5822\" class=\"elementor elementor-5822 elementor-980\" data-elementor-post-type=\"page\">\n\t\t\t\t\t\t<section class=\"elementor-section elementor-top-section elementor-element elementor-element-4213399 elementor-section-content-middle elementor-section-height-min-height elementor-section-boxed elementor-section-height-default elementor-section-items-middle\" data-id=\"4213399\" data-element_type=\"section\" data-e-type=\"section\" data-settings=\"{&quot;background_background&quot;:&quot;classic&quot;}\">\n\t\t\t\t\t\t\t<div class=\"elementor-background-overlay\"><\/div>\n\t\t\t\t\t\t\t<div class=\"elementor-container elementor-column-gap-default\">\n\t\t\t\t\t<div class=\"elementor-column elementor-col-100 elementor-top-column elementor-element elementor-element-d7e072e\" data-id=\"d7e072e\" data-element_type=\"column\" data-e-type=\"column\">\n\t\t\t<div class=\"elementor-widget-wrap elementor-element-populated\">\n\t\t\t\t\t\t<div class=\"elementor-element elementor-element-d431c54 elementor-widget elementor-widget-spacer\" data-id=\"d431c54\" data-element_type=\"widget\" data-e-type=\"widget\" data-widget_type=\"spacer.default\">\n\t\t\t\t<div class=\"elementor-widget-container\">\n\t\t\t\t\t\t\t<div class=\"elementor-spacer\">\n\t\t\t<div class=\"elementor-spacer-inner\"><\/div>\n\t\t<\/div>\n\t\t\t\t\t\t<\/div>\n\t\t\t\t<\/div>\n\t\t\t\t<div class=\"elementor-element elementor-element-c728018 elementor-widget__width-initial elementor-widget elementor-widget-heading\" data-id=\"c728018\" data-element_type=\"widget\" data-e-type=\"widget\" data-widget_type=\"heading.default\">\n\t\t\t\t<div class=\"elementor-widget-container\">\n\t\t\t\t\t<h4 class=\"elementor-heading-title elementor-size-default\">Estibas Nuevas Pl\u00e1sticas<\/h4>\t\t\t\t<\/div>\n\t\t\t\t<\/div>\n\t\t\t\t<div class=\"elementor-element elementor-element-08bbca3 elementor-widget elementor-widget-spacer\" data-id=\"08bbca3\" data-element_type=\"widget\" data-e-type=\"widget\" data-widget_type=\"spacer.default\">\n\t\t\t\t<div class=\"elementor-widget-container\">\n\t\t\t\t\t\t\t<div class=\"elementor-spacer\">\n\t\t\t<div class=\"elementor-spacer-inner\"><\/div>\n\t\t<\/div>\n\t\t\t\t\t\t<\/div>\n\t\t\t\t<\/div>\n\t\t\t\t\t<\/div>\n\t\t<\/div>\n\t\t\t\t\t<\/div>\n\t\t<\/section>\n\t\t\t\t<section class=\"elementor-section elementor-top-section elementor-element elementor-element-d9b9bf3 elementor-section-content-middle elementor-section-boxed elementor-section-height-default elementor-section-height-default\" data-id=\"d9b9bf3\" data-element_type=\"section\" data-e-type=\"section\">\n\t\t\t\t\t\t<div class=\"elementor-container elementor-column-gap-no\">\n\t\t\t\t\t<div class=\"elementor-column elementor-col-100 elementor-top-column elementor-element elementor-element-3916e43\" data-id=\"3916e43\" data-element_type=\"column\" data-e-type=\"column\">\n\t\t\t<div class=\"elementor-widget-wrap elementor-element-populated\">\n\t\t\t\t\t\t<div class=\"elementor-element elementor-element-478fa14 elementor-widget__width-initial elementor-widget elementor-widget-heading\" data-id=\"478fa14\" data-element_type=\"widget\" data-e-type=\"widget\" data-widget_type=\"heading.default\">\n\t\t\t\t<div class=\"elementor-widget-container\">\n\t\t\t\t\t<h2 class=\"elementor-heading-title elementor-size-default\">\u00a1La ventaja que usted tiene al&nbsp;comprar sus estibas&nbsp;en Central de Maderas, es que encontrar\u00e1 un socio y aliado de negocios y para su compa\u00f1\u00eda!<\/h2>\t\t\t\t<\/div>\n\t\t\t\t<\/div>\n\t\t\t\t<div class=\"elementor-element elementor-element-6508903 elementor-widget__width-initial elementor-widget elementor-widget-text-editor\" data-id=\"6508903\" data-element_type=\"widget\" data-e-type=\"widget\" data-widget_type=\"text-editor.default\">\n\t\t\t\t<div class=\"elementor-widget-container\">\n\t\t\t\t\t\t\t\t\t<p>\u00a0<\/p><p>Pensando en las necesidades de nuestros clientes y tomando el\u00a0<strong>medio ambiente<\/strong>\u00a0en consideraci\u00f3n, ampliamos el cat\u00e1logo de productos, incluyendo\u00a0<strong>estibas pl\u00e1ticas desarmables y reparables<\/strong>.<\/p><p>Por favor tenga claro que la orden m\u00ednima es de 30 estibas pl\u00e1sticas por orden.<\/p>\t\t\t\t\t\t\t\t<\/div>\n\t\t\t\t<\/div>\n\t\t\t\t<section class=\"elementor-section elementor-inner-section elementor-element elementor-element-46fe9ac elementor-section-content-middle elementor-section-boxed elementor-section-height-default elementor-section-height-default\" data-id=\"46fe9ac\" data-element_type=\"section\" data-e-type=\"section\">\n\t\t\t\t\t\t<div class=\"elementor-container elementor-column-gap-no\">\n\t\t\t\t\t<div class=\"elementor-column elementor-col-100 elementor-inner-column elementor-element elementor-element-d1b9dde\" data-id=\"d1b9dde\" data-element_type=\"column\" data-e-type=\"column\">\n\t\t\t<div class=\"elementor-widget-wrap elementor-element-populated\">\n\t\t\t\t\t\t<div class=\"elementor-element elementor-element-6909a5f elementor-align-center elementor-widget elementor-widget-button\" data-id=\"6909a5f\" data-element_type=\"widget\" data-e-type=\"widget\" data-widget_type=\"button.default\">\n\t\t\t\t<div class=\"elementor-widget-container\">\n\t\t\t\t\t\t\t\t\t<div class=\"elementor-button-wrapper\">\n\t\t\t\t\t<a class=\"elementor-button elementor-button-link elementor-size-sm elementor-animation-grow\" href=\"https:\/\/api.whatsapp.com\/send\/?phone=573125286071&#038;text=Hola+%2A%2A.+Necesito+m%C3%A1s+informaci%C3%B3n+sobre+Venta+de+estibas+en+madera+a+nivel+nacional+https%3A%2F%2Fwww.centraldemaderas.com&#038;type=phone_number&#038;app_absent=0\">\n\t\t\t\t\t\t<span class=\"elementor-button-content-wrapper\">\n\t\t\t\t\t\t\t\t\t<span class=\"elementor-button-text\">Ll\u00e1manos o escribenos por whatsapp<\/span>\n\t\t\t\t\t<\/span>\n\t\t\t\t\t<\/a>\n\t\t\t\t<\/div>\n\t\t\t\t\t\t\t\t<\/div>\n\t\t\t\t<\/div>\n\t\t\t\t\t<\/div>\n\t\t<\/div>\n\t\t\t\t\t<\/div>\n\t\t<\/section>\n\t\t\t\t\t<\/div>\n\t\t<\/div>\n\t\t\t\t\t<\/div>\n\t\t<\/section>\n\t\t\t\t<section class=\"elementor-section elementor-top-section elementor-element elementor-element-4697369 elementor-section-boxed elementor-section-height-default elementor-section-height-default\" data-id=\"4697369\" data-element_type=\"section\" data-e-type=\"section\">\n\t\t\t\t\t\t<div class=\"elementor-container elementor-column-gap-default\">\n\t\t\t\t\t<div class=\"elementor-column elementor-col-100 elementor-top-column elementor-element elementor-element-ae01d00\" data-id=\"ae01d00\" data-element_type=\"column\" data-e-type=\"column\">\n\t\t\t<div class=\"elementor-widget-wrap elementor-element-populated\">\n\t\t\t\t\t\t\t<\/div>\n\t\t<\/div>\n\t\t\t\t\t<\/div>\n\t\t<\/section>\n\t\t\t\t<section class=\"elementor-section elementor-top-section elementor-element elementor-element-38f6a951 elementor-section-height-min-height elementor-section-boxed elementor-section-height-default elementor-section-items-middle\" data-id=\"38f6a951\" data-element_type=\"section\" data-e-type=\"section\">\n\t\t\t\t\t\t<div class=\"elementor-container elementor-column-gap-default\">\n\t\t\t\t\t<div class=\"elementor-column elementor-col-100 elementor-top-column elementor-element elementor-element-41aa0fdb\" data-id=\"41aa0fdb\" data-element_type=\"column\" data-e-type=\"column\">\n\t\t\t<div class=\"elementor-widget-wrap elementor-element-populated\">\n\t\t\t\t\t\t<div class=\"elementor-element elementor-element-d0fedcc elementor-widget elementor-widget-text-editor\" data-id=\"d0fedcc\" data-element_type=\"widget\" data-e-type=\"widget\" data-widget_type=\"text-editor.default\">\n\t\t\t\t<div class=\"elementor-widget-container\">\n\t\t\t\t\t\t\t\t\t<p>\u00a0<\/p><p>Comun\u00edquese con nosotros directamente a nuestras extensiones para una mayor velocidad de respuesta, nuestro equipo esta esperando para solucionar sus problemas.<\/p>\t\t\t\t\t\t\t\t<\/div>\n\t\t\t\t<\/div>\n\t\t\t\t\t<\/div>\n\t\t<\/div>\n\t\t\t\t\t<\/div>\n\t\t<\/section>\n\t\t\t\t<\/div>\n\t\t","protected":false},"excerpt":{"rendered":"<p>Estibas Nuevas Pl\u00e1sticas \u00a1La ventaja que usted tiene al&nbsp;comprar sus estibas&nbsp;en Central de Maderas, es que encontrar\u00e1 un socio y aliado de negocios y para su compa\u00f1\u00eda! \u00a0 Pensando en las necesidades de nuestros clientes y tomando el\u00a0medio ambiente\u00a0en consideraci\u00f3n, ampliamos el cat\u00e1logo de productos, incluyendo\u00a0estibas pl\u00e1ticas desarmables y reparables. Por favor tenga claro que [&hellip;]<\/p>\n","protected":false},"author":1,"featured_media":5823,"parent":5771,"menu_order":200,"comment_status":"closed","ping_status":"closed","template":"elementor_header_footer","meta":{"_joinchat":[],"footnotes":""},"class_list":["post-5822","page","type-page","status-publish","has-post-thumbnail","hentry"],"yoast_head":"<!-- This site is optimized with the Yoast SEO plugin v26.8 - https:\/\/yoast.com\/product\/yoast-seo-wordpress\/ -->\n<title>Estibas Nuevas Pl\u00e1sticas -<\/title>\n<meta name=\"description\" content=\"Contamos con un cat\u00e1logo de Estibas Nuevas Pl\u00e1sticas reparables para todas las industrias. Proveedor confiable en todo Colombia.\" \/>\n<meta name=\"robots\" content=\"index, follow, max-snippet:-1, max-image-preview:large, max-video-preview:-1\" \/>\n<link rel=\"canonical\" href=\"https:\/\/www.centraldemaderas.com\/mx\/productos\/estibas-nuevas-plasticas\/\" \/>\n<meta property=\"og:locale\" content=\"es_MX\" \/>\n<meta property=\"og:type\" content=\"article\" \/>\n<meta property=\"og:title\" content=\"Estibas Nuevas Pl\u00e1sticas -\" \/>\n<meta property=\"og:description\" content=\"Contamos con un cat\u00e1logo de Estibas Nuevas Pl\u00e1sticas reparables para todas las industrias. Proveedor confiable en todo Colombia.\" \/>\n<meta property=\"og:url\" content=\"https:\/\/www.centraldemaderas.com\/mx\/productos\/estibas-nuevas-plasticas\/\" \/>\n<meta property=\"article:publisher\" content=\"https:\/\/www.facebook.com\/centraldemaderasCol\/\" \/>\n<meta property=\"article:modified_time\" content=\"2026-01-27T20:58:04+00:00\" \/>\n<meta property=\"og:image\" content=\"https:\/\/www.centraldemaderas.com\/wp-content\/uploads\/2014\/06\/estibas-plasticas-1.png\" \/>\n\t<meta property=\"og:image:width\" content=\"640\" \/>\n\t<meta property=\"og:image:height\" content=\"480\" \/>\n\t<meta property=\"og:image:type\" content=\"image\/png\" \/>\n<meta name=\"twitter:card\" content=\"summary_large_image\" \/>\n<meta name=\"twitter:label1\" content=\"Tiempo de lectura\" \/>\n\t<meta name=\"twitter:data1\" content=\"1 minuto\" \/>\n<script type=\"application\/ld+json\" class=\"yoast-schema-graph\">{\"@context\":\"https:\/\/schema.org\",\"@graph\":[{\"@type\":\"WebPage\",\"@id\":\"https:\/\/www.centraldemaderas.com\/mx\/productos\/estibas-nuevas-plasticas\/\",\"url\":\"https:\/\/www.centraldemaderas.com\/mx\/productos\/estibas-nuevas-plasticas\/\",\"name\":\"Estibas Nuevas Pl\u00e1sticas -\",\"isPartOf\":{\"@id\":\"https:\/\/www.centraldemaderas.com\/mx\/#website\"},\"primaryImageOfPage\":{\"@id\":\"https:\/\/www.centraldemaderas.com\/mx\/productos\/estibas-nuevas-plasticas\/#primaryimage\"},\"image\":{\"@id\":\"https:\/\/www.centraldemaderas.com\/mx\/productos\/estibas-nuevas-plasticas\/#primaryimage\"},\"thumbnailUrl\":\"https:\/\/www.centraldemaderas.com\/wp-content\/uploads\/2014\/06\/estibas-plasticas-1.png\",\"datePublished\":\"2014-06-13T13:10:27+00:00\",\"dateModified\":\"2026-01-27T20:58:04+00:00\",\"description\":\"Contamos con un cat\u00e1logo de Estibas Nuevas Pl\u00e1sticas reparables para todas las industrias. Proveedor confiable en todo Colombia. \\\\\",\"breadcrumb\":{\"@id\":\"https:\/\/www.centraldemaderas.com\/mx\/productos\/estibas-nuevas-plasticas\/#breadcrumb\"},\"inLanguage\":\"es\",\"potentialAction\":[{\"@type\":\"ReadAction\",\"target\":[\"https:\/\/www.centraldemaderas.com\/mx\/productos\/estibas-nuevas-plasticas\/\"]}]},{\"@type\":\"ImageObject\",\"inLanguage\":\"es\",\"@id\":\"https:\/\/www.centraldemaderas.com\/mx\/productos\/estibas-nuevas-plasticas\/#primaryimage\",\"url\":\"https:\/\/www.centraldemaderas.com\/wp-content\/uploads\/2014\/06\/estibas-plasticas-1.png\",\"contentUrl\":\"https:\/\/www.centraldemaderas.com\/wp-content\/uploads\/2014\/06\/estibas-plasticas-1.png\",\"width\":640,\"height\":480,\"caption\":\"Estbia Plastica Central de Maderas\"},{\"@type\":\"BreadcrumbList\",\"@id\":\"https:\/\/www.centraldemaderas.com\/mx\/productos\/estibas-nuevas-plasticas\/#breadcrumb\",\"itemListElement\":[{\"@type\":\"ListItem\",\"position\":1,\"name\":\"Portada\",\"item\":\"https:\/\/www.centraldemaderas.com\/mx\/\"},{\"@type\":\"ListItem\",\"position\":2,\"name\":\"Productos\",\"item\":\"https:\/\/www.centraldemaderas.com\/mx\/productos\/\"},{\"@type\":\"ListItem\",\"position\":3,\"name\":\"Estibas Nuevas Pl\u00e1sticas\"}]},{\"@type\":\"WebSite\",\"@id\":\"https:\/\/www.centraldemaderas.com\/mx\/#website\",\"url\":\"https:\/\/www.centraldemaderas.com\/mx\/\",\"name\":\"Central de Maderas - Venta de Estibas\",\"description\":\"Venta de estibas en madera a nivel nacional\",\"publisher\":{\"@id\":\"https:\/\/www.centraldemaderas.com\/mx\/#organization\"},\"alternateName\":\"CM - Estibas\",\"potentialAction\":[{\"@type\":\"SearchAction\",\"target\":{\"@type\":\"EntryPoint\",\"urlTemplate\":\"https:\/\/www.centraldemaderas.com\/mx\/?s={search_term_string}\"},\"query-input\":{\"@type\":\"PropertyValueSpecification\",\"valueRequired\":true,\"valueName\":\"search_term_string\"}}],\"inLanguage\":\"es\"},{\"@type\":\"Organization\",\"@id\":\"https:\/\/www.centraldemaderas.com\/mx\/#organization\",\"name\":\"Central de Maderas\",\"url\":\"https:\/\/www.centraldemaderas.com\/mx\/\",\"logo\":{\"@type\":\"ImageObject\",\"inLanguage\":\"es\",\"@id\":\"https:\/\/www.centraldemaderas.com\/mx\/#\/schema\/logo\/image\/\",\"url\":\"https:\/\/www.centraldemaderas.com\/wp-content\/uploads\/2023\/08\/logopsd2_SAS-_2_.webp\",\"contentUrl\":\"https:\/\/www.centraldemaderas.com\/wp-content\/uploads\/2023\/08\/logopsd2_SAS-_2_.webp\",\"width\":1200,\"height\":1200,\"caption\":\"Central de Maderas\"},\"image\":{\"@id\":\"https:\/\/www.centraldemaderas.com\/mx\/#\/schema\/logo\/image\/\"},\"sameAs\":[\"https:\/\/www.facebook.com\/centraldemaderasCol\/\"]}]}<\/script>\n<!-- \/ Yoast SEO plugin. -->","yoast_head_json":{"title":"Estibas Nuevas Pl\u00e1sticas -","description":"Contamos con un cat\u00e1logo de Estibas Nuevas Pl\u00e1sticas reparables para todas las industrias. Proveedor confiable en todo Colombia.","robots":{"index":"index","follow":"follow","max-snippet":"max-snippet:-1","max-image-preview":"max-image-preview:large","max-video-preview":"max-video-preview:-1"},"canonical":"https:\/\/www.centraldemaderas.com\/mx\/productos\/estibas-nuevas-plasticas\/","og_locale":"es_MX","og_type":"article","og_title":"Estibas Nuevas Pl\u00e1sticas -","og_description":"Contamos con un cat\u00e1logo de Estibas Nuevas Pl\u00e1sticas reparables para todas las industrias. Proveedor confiable en todo Colombia.","og_url":"https:\/\/www.centraldemaderas.com\/mx\/productos\/estibas-nuevas-plasticas\/","article_publisher":"https:\/\/www.facebook.com\/centraldemaderasCol\/","article_modified_time":"2026-01-27T20:58:04+00:00","og_image":[{"width":640,"height":480,"url":"https:\/\/www.centraldemaderas.com\/wp-content\/uploads\/2014\/06\/estibas-plasticas-1.png","type":"image\/png"}],"twitter_card":"summary_large_image","twitter_misc":{"Tiempo de lectura":"1 minuto"},"schema":{"@context":"https:\/\/schema.org","@graph":[{"@type":"WebPage","@id":"https:\/\/www.centraldemaderas.com\/mx\/productos\/estibas-nuevas-plasticas\/","url":"https:\/\/www.centraldemaderas.com\/mx\/productos\/estibas-nuevas-plasticas\/","name":"Estibas Nuevas Pl\u00e1sticas -","isPartOf":{"@id":"https:\/\/www.centraldemaderas.com\/mx\/#website"},"primaryImageOfPage":{"@id":"https:\/\/www.centraldemaderas.com\/mx\/productos\/estibas-nuevas-plasticas\/#primaryimage"},"image":{"@id":"https:\/\/www.centraldemaderas.com\/mx\/productos\/estibas-nuevas-plasticas\/#primaryimage"},"thumbnailUrl":"https:\/\/www.centraldemaderas.com\/wp-content\/uploads\/2014\/06\/estibas-plasticas-1.png","datePublished":"2014-06-13T13:10:27+00:00","dateModified":"2026-01-27T20:58:04+00:00","description":"Contamos con un cat\u00e1logo de Estibas Nuevas Pl\u00e1sticas reparables para todas las industrias. Proveedor confiable en todo Colombia. \\","breadcrumb":{"@id":"https:\/\/www.centraldemaderas.com\/mx\/productos\/estibas-nuevas-plasticas\/#breadcrumb"},"inLanguage":"es","potentialAction":[{"@type":"ReadAction","target":["https:\/\/www.centraldemaderas.com\/mx\/productos\/estibas-nuevas-plasticas\/"]}]},{"@type":"ImageObject","inLanguage":"es","@id":"https:\/\/www.centraldemaderas.com\/mx\/productos\/estibas-nuevas-plasticas\/#primaryimage","url":"https:\/\/www.centraldemaderas.com\/wp-content\/uploads\/2014\/06\/estibas-plasticas-1.png","contentUrl":"https:\/\/www.centraldemaderas.com\/wp-content\/uploads\/2014\/06\/estibas-plasticas-1.png","width":640,"height":480,"caption":"Estbia Plastica Central de Maderas"},{"@type":"BreadcrumbList","@id":"https:\/\/www.centraldemaderas.com\/mx\/productos\/estibas-nuevas-plasticas\/#breadcrumb","itemListElement":[{"@type":"ListItem","position":1,"name":"Portada","item":"https:\/\/www.centraldemaderas.com\/mx\/"},{"@type":"ListItem","position":2,"name":"Productos","item":"https:\/\/www.centraldemaderas.com\/mx\/productos\/"},{"@type":"ListItem","position":3,"name":"Estibas Nuevas Pl\u00e1sticas"}]},{"@type":"WebSite","@id":"https:\/\/www.centraldemaderas.com\/mx\/#website","url":"https:\/\/www.centraldemaderas.com\/mx\/","name":"Central de Maderas - Venta de Estibas","description":"Venta de estibas en madera a nivel nacional","publisher":{"@id":"https:\/\/www.centraldemaderas.com\/mx\/#organization"},"alternateName":"CM - Estibas","potentialAction":[{"@type":"SearchAction","target":{"@type":"EntryPoint","urlTemplate":"https:\/\/www.centraldemaderas.com\/mx\/?s={search_term_string}"},"query-input":{"@type":"PropertyValueSpecification","valueRequired":true,"valueName":"search_term_string"}}],"inLanguage":"es"},{"@type":"Organization","@id":"https:\/\/www.centraldemaderas.com\/mx\/#organization","name":"Central de Maderas","url":"https:\/\/www.centraldemaderas.com\/mx\/","logo":{"@type":"ImageObject","inLanguage":"es","@id":"https:\/\/www.centraldemaderas.com\/mx\/#\/schema\/logo\/image\/","url":"https:\/\/www.centraldemaderas.com\/wp-content\/uploads\/2023\/08\/logopsd2_SAS-_2_.webp","contentUrl":"https:\/\/www.centraldemaderas.com\/wp-content\/uploads\/2023\/08\/logopsd2_SAS-_2_.webp","width":1200,"height":1200,"caption":"Central de Maderas"},"image":{"@id":"https:\/\/www.centraldemaderas.com\/mx\/#\/schema\/logo\/image\/"},"sameAs":["https:\/\/www.facebook.com\/centraldemaderasCol\/"]}]}},"_links":{"self":[{"href":"https:\/\/www.centraldemaderas.com\/mx\/wp-json\/wp\/v2\/pages\/5822","targetHints":{"allow":["GET"]}}],"collection":[{"href":"https:\/\/www.centraldemaderas.com\/mx\/wp-json\/wp\/v2\/pages"}],"about":[{"href":"https:\/\/www.centraldemaderas.com\/mx\/wp-json\/wp\/v2\/types\/page"}],"author":[{"embeddable":true,"href":"https:\/\/www.centraldemaderas.com\/mx\/wp-json\/wp\/v2\/users\/1"}],"replies":[{"embeddable":true,"href":"https:\/\/www.centraldemaderas.com\/mx\/wp-json\/wp\/v2\/comments?post=5822"}],"version-history":[{"count":13,"href":"https:\/\/www.centraldemaderas.com\/mx\/wp-json\/wp\/v2\/pages\/5822\/revisions"}],"predecessor-version":[{"id":7942,"href":"https:\/\/www.centraldemaderas.com\/mx\/wp-json\/wp\/v2\/pages\/5822\/revisions\/7942"}],"up":[{"embeddable":true,"href":"https:\/\/www.centraldemaderas.com\/mx\/wp-json\/wp\/v2\/pages\/5771"}],"wp:featuredmedia":[{"embeddable":true,"href":"https:\/\/www.centraldemaderas.com\/mx\/wp-json\/wp\/v2\/media\/5823"}],"wp:attachment":[{"href":"https:\/\/www.centraldemaderas.com\/mx\/wp-json\/wp\/v2\/media?parent=5822"}],"curies":[{"name":"wp","href":"https:\/\/api.w.org\/{rel}","templated":true}]}}