{"id":5809,"date":"2014-08-27T12:50:18","date_gmt":"2014-08-27T12:50:18","guid":{"rendered":"https:\/\/www.centraldemaderas.com\/trabaje-con-nosotros\/"},"modified":"2024-12-09T17:33:39","modified_gmt":"2024-12-09T17:33:39","slug":"trabaje-con-nosotros","status":"publish","type":"page","link":"https:\/\/www.centraldemaderas.com\/mx\/trabaje-con-nosotros\/","title":{"rendered":"Trabaje con nosotros"},"content":{"rendered":"\t\t<div data-elementor-type=\"wp-page\" data-elementor-id=\"5809\" class=\"elementor elementor-5809 elementor-1229\" data-elementor-post-type=\"page\">\n\t\t\t\t\t\t<section class=\"elementor-section elementor-top-section elementor-element elementor-element-5a8e007 elementor-section-boxed elementor-section-height-default elementor-section-height-default\" data-id=\"5a8e007\" data-element_type=\"section\" data-e-type=\"section\">\n\t\t\t\t\t\t<div class=\"elementor-container elementor-column-gap-default\">\n\t\t\t\t\t<div class=\"elementor-column elementor-col-100 elementor-top-column elementor-element elementor-element-385ffef\" data-id=\"385ffef\" data-element_type=\"column\" data-e-type=\"column\">\n\t\t\t<div class=\"elementor-widget-wrap\">\n\t\t\t\t\t\t\t<\/div>\n\t\t<\/div>\n\t\t\t\t\t<\/div>\n\t\t<\/section>\n\t\t\t\t<section class=\"elementor-section elementor-top-section elementor-element elementor-element-60e9ccab elementor-section-boxed elementor-section-height-default elementor-section-height-default\" data-id=\"60e9ccab\" data-element_type=\"section\" data-e-type=\"section\">\n\t\t\t\t\t\t<div class=\"elementor-container elementor-column-gap-default\">\n\t\t\t\t\t<div class=\"elementor-column elementor-col-50 elementor-top-column elementor-element elementor-element-7e2f32d6\" data-id=\"7e2f32d6\" data-element_type=\"column\" data-e-type=\"column\">\n\t\t\t<div class=\"elementor-widget-wrap elementor-element-populated\">\n\t\t\t\t\t\t<div class=\"elementor-element elementor-element-a7b1e5d elementor-widget elementor-widget-heading\" data-id=\"a7b1e5d\" data-element_type=\"widget\" data-e-type=\"widget\" data-widget_type=\"heading.default\">\n\t\t\t\t<div class=\"elementor-widget-container\">\n\t\t\t\t\t<h4 class=\"elementor-heading-title elementor-size-xl\">Oportunidades Laborales en Tarimas de madera: <strong>\u00danete a Central de Maderas<\/strong><\/h4>\t\t\t\t<\/div>\n\t\t\t\t<\/div>\n\t\t\t\t<div class=\"elementor-element elementor-element-1f80caa9 elementor-widget elementor-widget-text-editor\" data-id=\"1f80caa9\" data-element_type=\"widget\" data-e-type=\"widget\" data-widget_type=\"text-editor.default\">\n\t\t\t\t<div class=\"elementor-widget-container\">\n\t\t\t\t\t\t\t\t\t<p><a href=\"https:\/\/www.centraldemaderas.com\/site\/wp-content\/uploads\/2014\/08\/este-podria-ser-usted-1.jpg\"><img fetchpriority=\"high\" decoding=\"async\" class=\"aligncenter size-full wp-image-1221\" src=\"https:\/\/www.centraldemaderas.com\/site\/wp-content\/uploads\/2014\/08\/este-podria-ser-usted-1.jpg\" alt=\"este podria ser usted 1\" width=\"840\" height=\"300\"><\/a><\/p>\n<p>&nbsp;<\/p>\n<p>Si est\u00e1 en b\u00fasqueda de empleo o tratando de cambiar su carrera Central de Maderas G&amp;S SAS es una empresa en constante crecimiento; formar parte del grupo equivale a trabajar en un entorno de \u00e9xito. Cooperaci\u00f3n, trabajo en equipo y la satisfacci\u00f3n del cliente son los valores que comparten todos los profesionales de Central de Maderas G&amp;S SAS.<\/p>\n<p>&nbsp;<\/p>\n<p>Env\u00edenos su hoja de vida o s\u00edganos en nuestra <a href=\"https:\/\/www.linkedin.com\/company\/central-de-maderas\" target=\"_blank\" rel=\"noopener noreferrer\">pagina de&nbsp;Linkedin<\/a>, siempre estamos necesitando nuevo talento.<\/p>\n<p>\u00a1<b>Estamos contratando!<\/b><\/p>\t\t\t\t\t\t\t\t<\/div>\n\t\t\t\t<\/div>\n\t\t\t\t\t<\/div>\n\t\t<\/div>\n\t\t\t\t<div class=\"elementor-column elementor-col-50 elementor-top-column elementor-element elementor-element-381820f\" data-id=\"381820f\" data-element_type=\"column\" data-e-type=\"column\">\n\t\t\t<div class=\"elementor-widget-wrap elementor-element-populated\">\n\t\t\t\t\t\t<div class=\"elementor-element elementor-element-e893825 elementor-widget elementor-widget-text-editor\" data-id=\"e893825\" data-element_type=\"widget\" data-e-type=\"widget\" data-widget_type=\"text-editor.default\">\n\t\t\t\t<div class=\"elementor-widget-container\">\n\t\t\t\t\t\t\t\t\t<script charset=\"utf-8\" type=\"text\/javascript\" src=\"\/\/js.hsforms.net\/forms\/embed\/v2.js\"><\/script>\n<script>\n  hbspt.forms.create({\n    region: \"na1\",\n    portalId: \"46874506\",\n    formId: \"286d517d-3823-4c8c-94be-3828def706e2\"\n  });\n<\/script>\t\t\t\t\t\t\t\t<\/div>\n\t\t\t\t<\/div>\n\t\t\t\t\t<\/div>\n\t\t<\/div>\n\t\t\t\t\t<\/div>\n\t\t<\/section>\n\t\t\t\t<\/div>\n\t\t","protected":false},"excerpt":{"rendered":"<p>Oportunidades Laborales en Tarimas de madera: \u00danete a Central de Maderas &nbsp; Si est\u00e1 en b\u00fasqueda de empleo o tratando de cambiar su carrera Central de Maderas G&amp;S SAS es una empresa en constante crecimiento; formar parte del grupo equivale a trabajar en un entorno de \u00e9xito. Cooperaci\u00f3n, trabajo en equipo y la satisfacci\u00f3n del [&hellip;]<\/p>\n","protected":false},"author":1,"featured_media":0,"parent":0,"menu_order":0,"comment_status":"open","ping_status":"closed","template":"elementor_header_footer","meta":{"_joinchat":[],"footnotes":""},"class_list":["post-5809","page","type-page","status-publish","hentry"],"yoast_head":"<!-- This site is optimized with the Yoast SEO plugin v26.8 - https:\/\/yoast.com\/product\/yoast-seo-wordpress\/ -->\n<title>Trabaje con nosotros -<\/title>\n<meta name=\"description\" content=\"Central de Maderas te invita a formar parte de su equipo. Conoce las ofertas de empleo en el sector de estibas y crece profesionalmente con nosotros.\" \/>\n<meta name=\"robots\" content=\"index, follow, max-snippet:-1, max-image-preview:large, max-video-preview:-1\" \/>\n<link rel=\"canonical\" href=\"https:\/\/www.centraldemaderas.com\/mx\/trabaje-con-nosotros\/\" \/>\n<meta property=\"og:locale\" content=\"es_MX\" \/>\n<meta property=\"og:type\" content=\"article\" \/>\n<meta property=\"og:title\" content=\"Trabaje con nosotros -\" \/>\n<meta property=\"og:description\" content=\"Central de Maderas te invita a formar parte de su equipo. Conoce las ofertas de empleo en el sector de estibas y crece profesionalmente con nosotros.\" \/>\n<meta property=\"og:url\" content=\"https:\/\/www.centraldemaderas.com\/mx\/trabaje-con-nosotros\/\" \/>\n<meta property=\"article:publisher\" content=\"https:\/\/www.facebook.com\/centraldemaderasCol\/\" \/>\n<meta property=\"article:modified_time\" content=\"2024-12-09T17:33:39+00:00\" \/>\n<meta property=\"og:image\" content=\"https:\/\/www.centraldemaderas.com\/wp-content\/uploads\/2014\/08\/este-podria-ser-usted-1-1.jpg\" \/>\n\t<meta property=\"og:image:width\" content=\"840\" \/>\n\t<meta property=\"og:image:height\" content=\"300\" \/>\n\t<meta property=\"og:image:type\" content=\"image\/jpeg\" \/>\n<meta name=\"twitter:card\" content=\"summary_large_image\" \/>\n<meta name=\"twitter:label1\" content=\"Tiempo de lectura\" \/>\n\t<meta name=\"twitter:data1\" content=\"1 minuto\" \/>\n<script type=\"application\/ld+json\" class=\"yoast-schema-graph\">{\"@context\":\"https:\/\/schema.org\",\"@graph\":[{\"@type\":\"WebPage\",\"@id\":\"https:\/\/www.centraldemaderas.com\/mx\/trabaje-con-nosotros\/\",\"url\":\"https:\/\/www.centraldemaderas.com\/mx\/trabaje-con-nosotros\/\",\"name\":\"Trabaje con nosotros -\",\"isPartOf\":{\"@id\":\"https:\/\/www.centraldemaderas.com\/mx\/#website\"},\"primaryImageOfPage\":{\"@id\":\"https:\/\/www.centraldemaderas.com\/mx\/trabaje-con-nosotros\/#primaryimage\"},\"image\":{\"@id\":\"https:\/\/www.centraldemaderas.com\/mx\/trabaje-con-nosotros\/#primaryimage\"},\"thumbnailUrl\":\"https:\/\/www.centraldemaderas.com\/site\/wp-content\/uploads\/2014\/08\/este-podria-ser-usted-1.jpg\",\"datePublished\":\"2014-08-27T12:50:18+00:00\",\"dateModified\":\"2024-12-09T17:33:39+00:00\",\"description\":\"Central de Maderas te invita a formar parte de su equipo. Conoce las ofertas de empleo en el sector de estibas y crece profesionalmente con nosotros.\",\"breadcrumb\":{\"@id\":\"https:\/\/www.centraldemaderas.com\/mx\/trabaje-con-nosotros\/#breadcrumb\"},\"inLanguage\":\"es\",\"potentialAction\":[{\"@type\":\"ReadAction\",\"target\":[\"https:\/\/www.centraldemaderas.com\/mx\/trabaje-con-nosotros\/\"]}]},{\"@type\":\"ImageObject\",\"inLanguage\":\"es\",\"@id\":\"https:\/\/www.centraldemaderas.com\/mx\/trabaje-con-nosotros\/#primaryimage\",\"url\":\"https:\/\/www.centraldemaderas.com\/site\/wp-content\/uploads\/2014\/08\/este-podria-ser-usted-1.jpg\",\"contentUrl\":\"https:\/\/www.centraldemaderas.com\/site\/wp-content\/uploads\/2014\/08\/este-podria-ser-usted-1.jpg\"},{\"@type\":\"BreadcrumbList\",\"@id\":\"https:\/\/www.centraldemaderas.com\/mx\/trabaje-con-nosotros\/#breadcrumb\",\"itemListElement\":[{\"@type\":\"ListItem\",\"position\":1,\"name\":\"Portada\",\"item\":\"https:\/\/www.centraldemaderas.com\/mx\/\"},{\"@type\":\"ListItem\",\"position\":2,\"name\":\"Trabaje con nosotros\"}]},{\"@type\":\"WebSite\",\"@id\":\"https:\/\/www.centraldemaderas.com\/mx\/#website\",\"url\":\"https:\/\/www.centraldemaderas.com\/mx\/\",\"name\":\"Central de Maderas - Venta de Estibas\",\"description\":\"Venta de estibas en madera a nivel nacional\",\"publisher\":{\"@id\":\"https:\/\/www.centraldemaderas.com\/mx\/#organization\"},\"alternateName\":\"CM - Estibas\",\"potentialAction\":[{\"@type\":\"SearchAction\",\"target\":{\"@type\":\"EntryPoint\",\"urlTemplate\":\"https:\/\/www.centraldemaderas.com\/mx\/?s={search_term_string}\"},\"query-input\":{\"@type\":\"PropertyValueSpecification\",\"valueRequired\":true,\"valueName\":\"search_term_string\"}}],\"inLanguage\":\"es\"},{\"@type\":\"Organization\",\"@id\":\"https:\/\/www.centraldemaderas.com\/mx\/#organization\",\"name\":\"Central de Maderas\",\"url\":\"https:\/\/www.centraldemaderas.com\/mx\/\",\"logo\":{\"@type\":\"ImageObject\",\"inLanguage\":\"es\",\"@id\":\"https:\/\/www.centraldemaderas.com\/mx\/#\/schema\/logo\/image\/\",\"url\":\"https:\/\/www.centraldemaderas.com\/wp-content\/uploads\/2023\/08\/logopsd2_SAS-_2_.webp\",\"contentUrl\":\"https:\/\/www.centraldemaderas.com\/wp-content\/uploads\/2023\/08\/logopsd2_SAS-_2_.webp\",\"width\":1200,\"height\":1200,\"caption\":\"Central de Maderas\"},\"image\":{\"@id\":\"https:\/\/www.centraldemaderas.com\/mx\/#\/schema\/logo\/image\/\"},\"sameAs\":[\"https:\/\/www.facebook.com\/centraldemaderasCol\/\"]}]}<\/script>\n<!-- \/ Yoast SEO plugin. -->","yoast_head_json":{"title":"Trabaje con nosotros -","description":"Central de Maderas te invita a formar parte de su equipo. Conoce las ofertas de empleo en el sector de estibas y crece profesionalmente con nosotros.","robots":{"index":"index","follow":"follow","max-snippet":"max-snippet:-1","max-image-preview":"max-image-preview:large","max-video-preview":"max-video-preview:-1"},"canonical":"https:\/\/www.centraldemaderas.com\/mx\/trabaje-con-nosotros\/","og_locale":"es_MX","og_type":"article","og_title":"Trabaje con nosotros -","og_description":"Central de Maderas te invita a formar parte de su equipo. Conoce las ofertas de empleo en el sector de estibas y crece profesionalmente con nosotros.","og_url":"https:\/\/www.centraldemaderas.com\/mx\/trabaje-con-nosotros\/","article_publisher":"https:\/\/www.facebook.com\/centraldemaderasCol\/","article_modified_time":"2024-12-09T17:33:39+00:00","og_image":[{"width":840,"height":300,"url":"https:\/\/www.centraldemaderas.com\/wp-content\/uploads\/2014\/08\/este-podria-ser-usted-1-1.jpg","type":"image\/jpeg"}],"twitter_card":"summary_large_image","twitter_misc":{"Tiempo de lectura":"1 minuto"},"schema":{"@context":"https:\/\/schema.org","@graph":[{"@type":"WebPage","@id":"https:\/\/www.centraldemaderas.com\/mx\/trabaje-con-nosotros\/","url":"https:\/\/www.centraldemaderas.com\/mx\/trabaje-con-nosotros\/","name":"Trabaje con nosotros -","isPartOf":{"@id":"https:\/\/www.centraldemaderas.com\/mx\/#website"},"primaryImageOfPage":{"@id":"https:\/\/www.centraldemaderas.com\/mx\/trabaje-con-nosotros\/#primaryimage"},"image":{"@id":"https:\/\/www.centraldemaderas.com\/mx\/trabaje-con-nosotros\/#primaryimage"},"thumbnailUrl":"https:\/\/www.centraldemaderas.com\/site\/wp-content\/uploads\/2014\/08\/este-podria-ser-usted-1.jpg","datePublished":"2014-08-27T12:50:18+00:00","dateModified":"2024-12-09T17:33:39+00:00","description":"Central de Maderas te invita a formar parte de su equipo. Conoce las ofertas de empleo en el sector de estibas y crece profesionalmente con nosotros.","breadcrumb":{"@id":"https:\/\/www.centraldemaderas.com\/mx\/trabaje-con-nosotros\/#breadcrumb"},"inLanguage":"es","potentialAction":[{"@type":"ReadAction","target":["https:\/\/www.centraldemaderas.com\/mx\/trabaje-con-nosotros\/"]}]},{"@type":"ImageObject","inLanguage":"es","@id":"https:\/\/www.centraldemaderas.com\/mx\/trabaje-con-nosotros\/#primaryimage","url":"https:\/\/www.centraldemaderas.com\/site\/wp-content\/uploads\/2014\/08\/este-podria-ser-usted-1.jpg","contentUrl":"https:\/\/www.centraldemaderas.com\/site\/wp-content\/uploads\/2014\/08\/este-podria-ser-usted-1.jpg"},{"@type":"BreadcrumbList","@id":"https:\/\/www.centraldemaderas.com\/mx\/trabaje-con-nosotros\/#breadcrumb","itemListElement":[{"@type":"ListItem","position":1,"name":"Portada","item":"https:\/\/www.centraldemaderas.com\/mx\/"},{"@type":"ListItem","position":2,"name":"Trabaje con nosotros"}]},{"@type":"WebSite","@id":"https:\/\/www.centraldemaderas.com\/mx\/#website","url":"https:\/\/www.centraldemaderas.com\/mx\/","name":"Central de Maderas - Venta de Estibas","description":"Venta de estibas en madera a nivel nacional","publisher":{"@id":"https:\/\/www.centraldemaderas.com\/mx\/#organization"},"alternateName":"CM - Estibas","potentialAction":[{"@type":"SearchAction","target":{"@type":"EntryPoint","urlTemplate":"https:\/\/www.centraldemaderas.com\/mx\/?s={search_term_string}"},"query-input":{"@type":"PropertyValueSpecification","valueRequired":true,"valueName":"search_term_string"}}],"inLanguage":"es"},{"@type":"Organization","@id":"https:\/\/www.centraldemaderas.com\/mx\/#organization","name":"Central de Maderas","url":"https:\/\/www.centraldemaderas.com\/mx\/","logo":{"@type":"ImageObject","inLanguage":"es","@id":"https:\/\/www.centraldemaderas.com\/mx\/#\/schema\/logo\/image\/","url":"https:\/\/www.centraldemaderas.com\/wp-content\/uploads\/2023\/08\/logopsd2_SAS-_2_.webp","contentUrl":"https:\/\/www.centraldemaderas.com\/wp-content\/uploads\/2023\/08\/logopsd2_SAS-_2_.webp","width":1200,"height":1200,"caption":"Central de Maderas"},"image":{"@id":"https:\/\/www.centraldemaderas.com\/mx\/#\/schema\/logo\/image\/"},"sameAs":["https:\/\/www.facebook.com\/centraldemaderasCol\/"]}]}},"_links":{"self":[{"href":"https:\/\/www.centraldemaderas.com\/mx\/wp-json\/wp\/v2\/pages\/5809","targetHints":{"allow":["GET"]}}],"collection":[{"href":"https:\/\/www.centraldemaderas.com\/mx\/wp-json\/wp\/v2\/pages"}],"about":[{"href":"https:\/\/www.centraldemaderas.com\/mx\/wp-json\/wp\/v2\/types\/page"}],"author":[{"embeddable":true,"href":"https:\/\/www.centraldemaderas.com\/mx\/wp-json\/wp\/v2\/users\/1"}],"replies":[{"embeddable":true,"href":"https:\/\/www.centraldemaderas.com\/mx\/wp-json\/wp\/v2\/comments?post=5809"}],"version-history":[{"count":4,"href":"https:\/\/www.centraldemaderas.com\/mx\/wp-json\/wp\/v2\/pages\/5809\/revisions"}],"predecessor-version":[{"id":6975,"href":"https:\/\/www.centraldemaderas.com\/mx\/wp-json\/wp\/v2\/pages\/5809\/revisions\/6975"}],"wp:attachment":[{"href":"https:\/\/www.centraldemaderas.com\/mx\/wp-json\/wp\/v2\/media?parent=5809"}],"curies":[{"name":"wp","href":"https:\/\/api.w.org\/{rel}","templated":true}]}}