{"id":5784,"date":"2013-11-29T14:02:42","date_gmt":"2013-11-29T14:02:42","guid":{"rendered":"https:\/\/www.centraldemaderas.com\/contactenos\/"},"modified":"2024-10-01T18:11:21","modified_gmt":"2024-10-01T18:11:21","slug":"contactenos","status":"publish","type":"page","link":"https:\/\/www.centraldemaderas.com\/mx\/contactenos\/","title":{"rendered":"Ll\u00e1menos o escribanos ahora mismo"},"content":{"rendered":"\t\t<div data-elementor-type=\"wp-page\" data-elementor-id=\"5784\" class=\"elementor elementor-5784 elementor-22\" data-elementor-post-type=\"page\">\n\t\t\t\t\t\t<section class=\"elementor-section elementor-top-section elementor-element elementor-element-6d52c21 elementor-section-boxed elementor-section-height-default elementor-section-height-default\" data-id=\"6d52c21\" data-element_type=\"section\" data-e-type=\"section\">\n\t\t\t\t\t\t\t<div class=\"elementor-background-overlay\"><\/div>\n\t\t\t\t\t\t\t<div class=\"elementor-container elementor-column-gap-default\">\n\t\t\t\t\t<div class=\"elementor-column elementor-col-100 elementor-top-column elementor-element elementor-element-2b1c6c33\" data-id=\"2b1c6c33\" data-element_type=\"column\" data-e-type=\"column\">\n\t\t\t<div class=\"elementor-widget-wrap elementor-element-populated\">\n\t\t\t\t\t\t<div class=\"elementor-element elementor-element-1dfafeb1 elementor-widget elementor-widget-text-editor\" data-id=\"1dfafeb1\" data-element_type=\"widget\" data-e-type=\"widget\" data-widget_type=\"text-editor.default\">\n\t\t\t\t<div class=\"elementor-widget-container\">\n\t\t\t\t\t\t\t\t\t<p>\u00a0<\/p>\n\n<figure><img decoding=\"async\" src=\"https:\/\/www.centraldemaderas.com\/wp-content\/uploads\/2023\/05\/WhatsApp-Image-2023-05-05-at-9.21.33-AM-1024x682.jpeg\" alt=\"\" \/><\/figure>\n\n<p>\u00a0<\/p>\n<p>\u00a0<\/p>\t\t\t\t\t\t\t\t<\/div>\n\t\t\t\t<\/div>\n\t\t\t\t\t<\/div>\n\t\t<\/div>\n\t\t\t\t\t<\/div>\n\t\t<\/section>\n\t\t\t\t<section class=\"elementor-section elementor-top-section elementor-element elementor-element-5afc3f6 elementor-section-boxed elementor-section-height-default elementor-section-height-default\" data-id=\"5afc3f6\" data-element_type=\"section\" data-e-type=\"section\">\n\t\t\t\t\t\t<div class=\"elementor-container elementor-column-gap-default\">\n\t\t\t\t\t<div class=\"elementor-column elementor-col-50 elementor-top-column elementor-element elementor-element-9c728b8\" data-id=\"9c728b8\" data-element_type=\"column\" data-e-type=\"column\">\n\t\t\t<div class=\"elementor-widget-wrap elementor-element-populated\">\n\t\t\t\t\t\t<div class=\"elementor-element elementor-element-b86f5b8 elementor-widget elementor-widget-text-editor\" data-id=\"b86f5b8\" data-element_type=\"widget\" data-e-type=\"widget\" data-widget_type=\"text-editor.default\">\n\t\t\t\t<div class=\"elementor-widget-container\">\n\t\t\t\t\t\t\t\t\t<h2>Bogot\u00e1<\/h2>\n<h5>Tel\u00e9fonos:<\/h5>\n<p><a href=\"tel:+573133504470\"><strong>Administraci\u00f3n: +57 313 350 4470<\/strong><\/a> <a href=\"tel:+573223679190\"><strong> <br>Ventas Nacionales: +57 322 367 9190<\/strong><\/a><\/p>\n<h2>Cartagena:<\/h2>\n<h5>Tel\u00e9fonos:<\/h5>\n<p><strong><strong> <a href=\"tel:+573133505714\"> +57 313 350 57 14<\/a><\/strong><\/strong><\/p>\n<h5>Direcci\u00f3n:\u00a0<\/h5>\n<p><strong><strong>Cr. 11 No. 11-30 Mosquera<\/strong><\/strong><\/p>\t\t\t\t\t\t\t\t<\/div>\n\t\t\t\t<\/div>\n\t\t\t\t<div class=\"elementor-element elementor-element-7a3cabf elementor-widget__width-inherit elementor-widget elementor-widget-google_maps\" data-id=\"7a3cabf\" data-element_type=\"widget\" data-e-type=\"widget\" data-widget_type=\"google_maps.default\">\n\t\t\t\t<div class=\"elementor-widget-container\">\n\t\t\t\t\t\t\t<div class=\"elementor-custom-embed\">\n\t\t\t<iframe loading=\"lazy\"\n\t\t\t\t\tsrc=\"https:\/\/maps.google.com\/maps?q=Central%20de%20Maderas%20G%26S%20SAS%2C%20Cra.%2011%20Este%2C%20Mosquera%2C%20Cundinamarca&#038;t=m&#038;z=10&#038;output=embed&#038;iwloc=near\"\n\t\t\t\t\ttitle=\"Central de Maderas G&amp;S SAS, Cra. 11 Este, Mosquera, Cundinamarca\"\n\t\t\t\t\taria-label=\"Central de Maderas G&amp;S SAS, Cra. 11 Este, Mosquera, Cundinamarca\"\n\t\t\t><\/iframe>\n\t\t<\/div>\n\t\t\t\t\t\t<\/div>\n\t\t\t\t<\/div>\n\t\t\t\t\t<\/div>\n\t\t<\/div>\n\t\t\t\t<div class=\"elementor-column elementor-col-50 elementor-top-column elementor-element elementor-element-16f4d2f\" data-id=\"16f4d2f\" data-element_type=\"column\" data-e-type=\"column\">\n\t\t\t<div class=\"elementor-widget-wrap elementor-element-populated\">\n\t\t\t\t\t\t<div class=\"elementor-element elementor-element-3b5c659 elementor-widget elementor-widget-text-editor\" data-id=\"3b5c659\" data-element_type=\"widget\" data-e-type=\"widget\" data-widget_type=\"text-editor.default\">\n\t\t\t\t<div class=\"elementor-widget-container\">\n\t\t\t\t\t\t\t\t\t<h3>Comun\u00edcate con nosotros:\u00a0<\/h3>\n<p>\u00a0<\/p>\t\t\t\t\t\t\t\t<\/div>\n\t\t\t\t<\/div>\n\t\t\t\t<div class=\"elementor-element elementor-element-d9e0398 elementor-widget elementor-widget-html\" data-id=\"d9e0398\" data-element_type=\"widget\" data-e-type=\"widget\" data-widget_type=\"html.default\">\n\t\t\t\t<div class=\"elementor-widget-container\">\n\t\t\t\t\t<script charset=\"utf-8\" type=\"text\/javascript\" src=\"\/\/js.hsforms.net\/forms\/embed\/v2.js\"><\/script>\n<script>\n  hbspt.forms.create({\n    region: \"na1\",\n    portalId: \"46874506\",\n    formId: \"381da431-e47c-4e76-9962-e5f93b252985\"\n  });\n<\/script>\t\t\t\t<\/div>\n\t\t\t\t<\/div>\n\t\t\t\t\t<\/div>\n\t\t<\/div>\n\t\t\t\t\t<\/div>\n\t\t<\/section>\n\t\t\t\t<section class=\"elementor-section elementor-top-section elementor-element elementor-element-b080498 elementor-section-boxed elementor-section-height-default elementor-section-height-default\" data-id=\"b080498\" data-element_type=\"section\" data-e-type=\"section\">\n\t\t\t\t\t\t<div class=\"elementor-container elementor-column-gap-default\">\n\t\t\t\t\t<div class=\"elementor-column elementor-col-100 elementor-top-column elementor-element elementor-element-4b02a13\" data-id=\"4b02a13\" data-element_type=\"column\" data-e-type=\"column\">\n\t\t\t<div class=\"elementor-widget-wrap\">\n\t\t\t\t\t\t\t<\/div>\n\t\t<\/div>\n\t\t\t\t\t<\/div>\n\t\t<\/section>\n\t\t\t\t<\/div>\n\t\t","protected":false},"excerpt":{"rendered":"<p>\u00a0 \u00a0 \u00a0 Bogot\u00e1 Tel\u00e9fonos: Administraci\u00f3n: +57 313 350 4470 Ventas Nacionales: +57 322 367 9190 Cartagena: Tel\u00e9fonos: +57 313 350 57 14 Direcci\u00f3n:\u00a0 Cr. 11 No. 11-30 Mosquera Comun\u00edcate con nosotros:\u00a0 \u00a0<\/p>\n","protected":false},"author":1,"featured_media":5785,"parent":0,"menu_order":300,"comment_status":"closed","ping_status":"closed","template":"elementor_header_footer","meta":{"_joinchat":[],"footnotes":""},"class_list":["post-5784","page","type-page","status-publish","has-post-thumbnail","hentry"],"yoast_head":"<!-- This site is optimized with the Yoast SEO plugin v26.8 - https:\/\/yoast.com\/product\/yoast-seo-wordpress\/ -->\n<title>Ll\u00e1menos o escribanos ahora mismo -<\/title>\n<meta name=\"description\" content=\"No solo ofrecemos ESTIBAS de calidad. Con nuestra gesti\u00f3n total de Estibas, ahorra miles de millones en tu operaci\u00f3n. \u00bfHablamos! te esperamos\" \/>\n<meta name=\"robots\" content=\"index, follow, max-snippet:-1, max-image-preview:large, max-video-preview:-1\" \/>\n<link rel=\"canonical\" href=\"https:\/\/www.centraldemaderas.com\/mx\/contactenos\/\" \/>\n<meta property=\"og:locale\" content=\"es_MX\" \/>\n<meta property=\"og:type\" content=\"article\" \/>\n<meta property=\"og:title\" content=\"Ll\u00e1menos o escribanos ahora mismo -\" \/>\n<meta property=\"og:description\" content=\"No solo ofrecemos ESTIBAS de calidad. Con nuestra gesti\u00f3n total de Estibas, ahorra miles de millones en tu operaci\u00f3n. \u00bfHablamos! te esperamos\" \/>\n<meta property=\"og:url\" content=\"https:\/\/www.centraldemaderas.com\/mx\/contactenos\/\" \/>\n<meta property=\"article:publisher\" content=\"https:\/\/www.facebook.com\/centraldemaderasCol\/\" \/>\n<meta property=\"article:modified_time\" content=\"2024-10-01T18:11:21+00:00\" \/>\n<meta property=\"og:image\" content=\"https:\/\/www.centraldemaderas.com\/wp-content\/uploads\/2023\/05\/WhatsApp-Image-2023-05-05-at-9.21.33-AM-1.jpeg\" \/>\n\t<meta property=\"og:image:width\" content=\"1250\" \/>\n\t<meta property=\"og:image:height\" content=\"833\" \/>\n\t<meta property=\"og:image:type\" content=\"image\/jpeg\" \/>\n<meta name=\"twitter:card\" content=\"summary_large_image\" \/>\n<meta name=\"twitter:label1\" content=\"Tiempo de lectura\" \/>\n\t<meta name=\"twitter:data1\" content=\"1 minuto\" \/>\n<script type=\"application\/ld+json\" class=\"yoast-schema-graph\">{\"@context\":\"https:\/\/schema.org\",\"@graph\":[{\"@type\":\"WebPage\",\"@id\":\"https:\/\/www.centraldemaderas.com\/mx\/contactenos\/\",\"url\":\"https:\/\/www.centraldemaderas.com\/mx\/contactenos\/\",\"name\":\"Ll\u00e1menos o escribanos ahora mismo -\",\"isPartOf\":{\"@id\":\"https:\/\/www.centraldemaderas.com\/mx\/#website\"},\"primaryImageOfPage\":{\"@id\":\"https:\/\/www.centraldemaderas.com\/mx\/contactenos\/#primaryimage\"},\"image\":{\"@id\":\"https:\/\/www.centraldemaderas.com\/mx\/contactenos\/#primaryimage\"},\"thumbnailUrl\":\"https:\/\/www.centraldemaderas.com\/wp-content\/uploads\/2023\/05\/WhatsApp-Image-2023-05-05-at-9.21.33-AM-1.jpeg\",\"datePublished\":\"2013-11-29T14:02:42+00:00\",\"dateModified\":\"2024-10-01T18:11:21+00:00\",\"description\":\"No solo ofrecemos ESTIBAS de calidad. Con nuestra gesti\u00f3n total de Estibas, ahorra miles de millones en tu operaci\u00f3n. \u00bfHablamos! te esperamos\",\"breadcrumb\":{\"@id\":\"https:\/\/www.centraldemaderas.com\/mx\/contactenos\/#breadcrumb\"},\"inLanguage\":\"es\",\"potentialAction\":[{\"@type\":\"ReadAction\",\"target\":[\"https:\/\/www.centraldemaderas.com\/mx\/contactenos\/\"]}]},{\"@type\":\"ImageObject\",\"inLanguage\":\"es\",\"@id\":\"https:\/\/www.centraldemaderas.com\/mx\/contactenos\/#primaryimage\",\"url\":\"https:\/\/www.centraldemaderas.com\/wp-content\/uploads\/2023\/05\/WhatsApp-Image-2023-05-05-at-9.21.33-AM-1.jpeg\",\"contentUrl\":\"https:\/\/www.centraldemaderas.com\/wp-content\/uploads\/2023\/05\/WhatsApp-Image-2023-05-05-at-9.21.33-AM-1.jpeg\",\"width\":1250,\"height\":833,\"caption\":\"Proveedor de estibas en Colombia\"},{\"@type\":\"BreadcrumbList\",\"@id\":\"https:\/\/www.centraldemaderas.com\/mx\/contactenos\/#breadcrumb\",\"itemListElement\":[{\"@type\":\"ListItem\",\"position\":1,\"name\":\"Portada\",\"item\":\"https:\/\/www.centraldemaderas.com\/mx\/\"},{\"@type\":\"ListItem\",\"position\":2,\"name\":\"Ll\u00e1menos o escribanos ahora mismo\"}]},{\"@type\":\"WebSite\",\"@id\":\"https:\/\/www.centraldemaderas.com\/mx\/#website\",\"url\":\"https:\/\/www.centraldemaderas.com\/mx\/\",\"name\":\"Central de Maderas - Venta de Estibas\",\"description\":\"Venta de estibas en madera a nivel nacional\",\"publisher\":{\"@id\":\"https:\/\/www.centraldemaderas.com\/mx\/#organization\"},\"alternateName\":\"CM - Estibas\",\"potentialAction\":[{\"@type\":\"SearchAction\",\"target\":{\"@type\":\"EntryPoint\",\"urlTemplate\":\"https:\/\/www.centraldemaderas.com\/mx\/?s={search_term_string}\"},\"query-input\":{\"@type\":\"PropertyValueSpecification\",\"valueRequired\":true,\"valueName\":\"search_term_string\"}}],\"inLanguage\":\"es\"},{\"@type\":\"Organization\",\"@id\":\"https:\/\/www.centraldemaderas.com\/mx\/#organization\",\"name\":\"Central de Maderas\",\"url\":\"https:\/\/www.centraldemaderas.com\/mx\/\",\"logo\":{\"@type\":\"ImageObject\",\"inLanguage\":\"es\",\"@id\":\"https:\/\/www.centraldemaderas.com\/mx\/#\/schema\/logo\/image\/\",\"url\":\"https:\/\/www.centraldemaderas.com\/wp-content\/uploads\/2023\/08\/logopsd2_SAS-_2_.webp\",\"contentUrl\":\"https:\/\/www.centraldemaderas.com\/wp-content\/uploads\/2023\/08\/logopsd2_SAS-_2_.webp\",\"width\":1200,\"height\":1200,\"caption\":\"Central de Maderas\"},\"image\":{\"@id\":\"https:\/\/www.centraldemaderas.com\/mx\/#\/schema\/logo\/image\/\"},\"sameAs\":[\"https:\/\/www.facebook.com\/centraldemaderasCol\/\"]}]}<\/script>\n<!-- \/ Yoast SEO plugin. -->","yoast_head_json":{"title":"Ll\u00e1menos o escribanos ahora mismo -","description":"No solo ofrecemos ESTIBAS de calidad. Con nuestra gesti\u00f3n total de Estibas, ahorra miles de millones en tu operaci\u00f3n. \u00bfHablamos! te esperamos","robots":{"index":"index","follow":"follow","max-snippet":"max-snippet:-1","max-image-preview":"max-image-preview:large","max-video-preview":"max-video-preview:-1"},"canonical":"https:\/\/www.centraldemaderas.com\/mx\/contactenos\/","og_locale":"es_MX","og_type":"article","og_title":"Ll\u00e1menos o escribanos ahora mismo -","og_description":"No solo ofrecemos ESTIBAS de calidad. Con nuestra gesti\u00f3n total de Estibas, ahorra miles de millones en tu operaci\u00f3n. \u00bfHablamos! te esperamos","og_url":"https:\/\/www.centraldemaderas.com\/mx\/contactenos\/","article_publisher":"https:\/\/www.facebook.com\/centraldemaderasCol\/","article_modified_time":"2024-10-01T18:11:21+00:00","og_image":[{"width":1250,"height":833,"url":"https:\/\/www.centraldemaderas.com\/wp-content\/uploads\/2023\/05\/WhatsApp-Image-2023-05-05-at-9.21.33-AM-1.jpeg","type":"image\/jpeg"}],"twitter_card":"summary_large_image","twitter_misc":{"Tiempo de lectura":"1 minuto"},"schema":{"@context":"https:\/\/schema.org","@graph":[{"@type":"WebPage","@id":"https:\/\/www.centraldemaderas.com\/mx\/contactenos\/","url":"https:\/\/www.centraldemaderas.com\/mx\/contactenos\/","name":"Ll\u00e1menos o escribanos ahora mismo -","isPartOf":{"@id":"https:\/\/www.centraldemaderas.com\/mx\/#website"},"primaryImageOfPage":{"@id":"https:\/\/www.centraldemaderas.com\/mx\/contactenos\/#primaryimage"},"image":{"@id":"https:\/\/www.centraldemaderas.com\/mx\/contactenos\/#primaryimage"},"thumbnailUrl":"https:\/\/www.centraldemaderas.com\/wp-content\/uploads\/2023\/05\/WhatsApp-Image-2023-05-05-at-9.21.33-AM-1.jpeg","datePublished":"2013-11-29T14:02:42+00:00","dateModified":"2024-10-01T18:11:21+00:00","description":"No solo ofrecemos ESTIBAS de calidad. Con nuestra gesti\u00f3n total de Estibas, ahorra miles de millones en tu operaci\u00f3n. \u00bfHablamos! te esperamos","breadcrumb":{"@id":"https:\/\/www.centraldemaderas.com\/mx\/contactenos\/#breadcrumb"},"inLanguage":"es","potentialAction":[{"@type":"ReadAction","target":["https:\/\/www.centraldemaderas.com\/mx\/contactenos\/"]}]},{"@type":"ImageObject","inLanguage":"es","@id":"https:\/\/www.centraldemaderas.com\/mx\/contactenos\/#primaryimage","url":"https:\/\/www.centraldemaderas.com\/wp-content\/uploads\/2023\/05\/WhatsApp-Image-2023-05-05-at-9.21.33-AM-1.jpeg","contentUrl":"https:\/\/www.centraldemaderas.com\/wp-content\/uploads\/2023\/05\/WhatsApp-Image-2023-05-05-at-9.21.33-AM-1.jpeg","width":1250,"height":833,"caption":"Proveedor de estibas en Colombia"},{"@type":"BreadcrumbList","@id":"https:\/\/www.centraldemaderas.com\/mx\/contactenos\/#breadcrumb","itemListElement":[{"@type":"ListItem","position":1,"name":"Portada","item":"https:\/\/www.centraldemaderas.com\/mx\/"},{"@type":"ListItem","position":2,"name":"Ll\u00e1menos o escribanos ahora mismo"}]},{"@type":"WebSite","@id":"https:\/\/www.centraldemaderas.com\/mx\/#website","url":"https:\/\/www.centraldemaderas.com\/mx\/","name":"Central de Maderas - Venta de Estibas","description":"Venta de estibas en madera a nivel nacional","publisher":{"@id":"https:\/\/www.centraldemaderas.com\/mx\/#organization"},"alternateName":"CM - Estibas","potentialAction":[{"@type":"SearchAction","target":{"@type":"EntryPoint","urlTemplate":"https:\/\/www.centraldemaderas.com\/mx\/?s={search_term_string}"},"query-input":{"@type":"PropertyValueSpecification","valueRequired":true,"valueName":"search_term_string"}}],"inLanguage":"es"},{"@type":"Organization","@id":"https:\/\/www.centraldemaderas.com\/mx\/#organization","name":"Central de Maderas","url":"https:\/\/www.centraldemaderas.com\/mx\/","logo":{"@type":"ImageObject","inLanguage":"es","@id":"https:\/\/www.centraldemaderas.com\/mx\/#\/schema\/logo\/image\/","url":"https:\/\/www.centraldemaderas.com\/wp-content\/uploads\/2023\/08\/logopsd2_SAS-_2_.webp","contentUrl":"https:\/\/www.centraldemaderas.com\/wp-content\/uploads\/2023\/08\/logopsd2_SAS-_2_.webp","width":1200,"height":1200,"caption":"Central de Maderas"},"image":{"@id":"https:\/\/www.centraldemaderas.com\/mx\/#\/schema\/logo\/image\/"},"sameAs":["https:\/\/www.facebook.com\/centraldemaderasCol\/"]}]}},"_links":{"self":[{"href":"https:\/\/www.centraldemaderas.com\/mx\/wp-json\/wp\/v2\/pages\/5784","targetHints":{"allow":["GET"]}}],"collection":[{"href":"https:\/\/www.centraldemaderas.com\/mx\/wp-json\/wp\/v2\/pages"}],"about":[{"href":"https:\/\/www.centraldemaderas.com\/mx\/wp-json\/wp\/v2\/types\/page"}],"author":[{"embeddable":true,"href":"https:\/\/www.centraldemaderas.com\/mx\/wp-json\/wp\/v2\/users\/1"}],"replies":[{"embeddable":true,"href":"https:\/\/www.centraldemaderas.com\/mx\/wp-json\/wp\/v2\/comments?post=5784"}],"version-history":[{"count":1,"href":"https:\/\/www.centraldemaderas.com\/mx\/wp-json\/wp\/v2\/pages\/5784\/revisions"}],"predecessor-version":[{"id":5789,"href":"https:\/\/www.centraldemaderas.com\/mx\/wp-json\/wp\/v2\/pages\/5784\/revisions\/5789"}],"wp:featuredmedia":[{"embeddable":true,"href":"https:\/\/www.centraldemaderas.com\/mx\/wp-json\/wp\/v2\/media\/5785"}],"wp:attachment":[{"href":"https:\/\/www.centraldemaderas.com\/mx\/wp-json\/wp\/v2\/media?parent=5784"}],"curies":[{"name":"wp","href":"https:\/\/api.w.org\/{rel}","templated":true}]}}