{"id":5873,"date":"2014-04-11T16:07:55","date_gmt":"2014-04-11T16:07:55","guid":{"rendered":"https:\/\/www.centraldemaderas.com\/servicios\/medio-ambiente-y-reciclaje\/"},"modified":"2024-11-25T15:20:14","modified_gmt":"2024-11-25T15:20:14","slug":"medio-ambiente-y-reciclaje","status":"publish","type":"page","link":"https:\/\/www.centraldemaderas.com\/en\/servicios\/medio-ambiente-y-reciclaje\/","title":{"rendered":"Medio Ambiente y Reciclaje"},"content":{"rendered":"\t\t<div data-elementor-type=\"wp-page\" data-elementor-id=\"5873\" class=\"elementor elementor-5873 elementor-503\" data-elementor-post-type=\"page\">\n\t\t\t\t\t\t<section class=\"elementor-section elementor-top-section elementor-element elementor-element-55dba966 elementor-section-height-min-height elementor-section-boxed elementor-section-height-default elementor-section-items-middle\" data-id=\"55dba966\" data-element_type=\"section\" data-e-type=\"section\" data-settings=\"{&quot;background_background&quot;:&quot;classic&quot;}\">\n\t\t\t\t\t\t\t<div class=\"elementor-background-overlay\"><\/div>\n\t\t\t\t\t\t\t<div class=\"elementor-container elementor-column-gap-default\">\n\t\t\t\t\t<div class=\"elementor-column elementor-col-100 elementor-top-column elementor-element elementor-element-66d340c7\" data-id=\"66d340c7\" data-element_type=\"column\" data-e-type=\"column\">\n\t\t\t<div class=\"elementor-widget-wrap elementor-element-populated\">\n\t\t\t\t\t\t<div class=\"elementor-element elementor-element-18eede06 elementor-widget elementor-widget-text-editor\" data-id=\"18eede06\" data-element_type=\"widget\" data-e-type=\"widget\" data-widget_type=\"text-editor.default\">\n\t\t\t\t<div class=\"elementor-widget-container\">\n\t\t\t\t\t\t\t\t\t<p>Servicio<\/p>\t\t\t\t\t\t\t\t<\/div>\n\t\t\t\t<\/div>\n\t\t\t\t<div class=\"elementor-element elementor-element-42a02c76 elementor-widget elementor-widget-heading\" data-id=\"42a02c76\" data-element_type=\"widget\" data-e-type=\"widget\" data-widget_type=\"heading.default\">\n\t\t\t\t<div class=\"elementor-widget-container\">\n\t\t\t\t\t<h1 class=\"elementor-heading-title elementor-size-default\">Medio ambiente y Reciclaje<\/h1>\t\t\t\t<\/div>\n\t\t\t\t<\/div>\n\t\t\t\t\t<\/div>\n\t\t<\/div>\n\t\t\t\t\t<\/div>\n\t\t<\/section>\n\t\t\t\t<section class=\"elementor-section elementor-top-section elementor-element elementor-element-4d13dad6 elementor-section-boxed elementor-section-height-default elementor-section-height-default\" data-id=\"4d13dad6\" data-element_type=\"section\" data-e-type=\"section\">\n\t\t\t\t\t\t<div class=\"elementor-container elementor-column-gap-default\">\n\t\t\t\t\t<div class=\"elementor-column elementor-col-50 elementor-top-column elementor-element elementor-element-5c4ed41a\" data-id=\"5c4ed41a\" data-element_type=\"column\" data-e-type=\"column\">\n\t\t\t<div class=\"elementor-widget-wrap elementor-element-populated\">\n\t\t\t\t\t\t<div class=\"elementor-element elementor-element-2d260e55 elementor-widget elementor-widget-heading\" data-id=\"2d260e55\" data-element_type=\"widget\" data-e-type=\"widget\" data-widget_type=\"heading.default\">\n\t\t\t\t<div class=\"elementor-widget-container\">\n\t\t\t\t\t<h4 class=\"elementor-heading-title elementor-size-default\">Mantente conectado<\/h4>\t\t\t\t<\/div>\n\t\t\t\t<\/div>\n\t\t\t\t<div class=\"elementor-element elementor-element-6ede5473 elementor-widget elementor-widget-heading\" data-id=\"6ede5473\" data-element_type=\"widget\" data-e-type=\"widget\" data-widget_type=\"heading.default\">\n\t\t\t\t<div class=\"elementor-widget-container\">\n\t\t\t\t\t<h2 class=\"elementor-heading-title elementor-size-default\">\u00bfC\u00f3mo podemos ayudarte?<\/h2>\t\t\t\t<\/div>\n\t\t\t\t<\/div>\n\t\t\t\t\t<\/div>\n\t\t<\/div>\n\t\t\t\t<div class=\"elementor-column elementor-col-50 elementor-top-column elementor-element elementor-element-2e7dff17\" data-id=\"2e7dff17\" data-element_type=\"column\" data-e-type=\"column\">\n\t\t\t<div class=\"elementor-widget-wrap elementor-element-populated\">\n\t\t\t\t\t\t<div class=\"elementor-element elementor-element-6e9962f7 elementor-widget elementor-widget-text-editor\" data-id=\"6e9962f7\" data-element_type=\"widget\" data-e-type=\"widget\" data-widget_type=\"text-editor.default\">\n\t\t\t\t<div class=\"elementor-widget-container\">\n\t\t\t\t\t\t\t\t\t<p><b style=\"font-size: 14px; line-height: 1.5em;\">Te proporcionamos un servicio de reciclaje y compromiso ambiental para que el impacto al medio ambiente de tu compa\u00f1\u00eda pueda ser a\u00fan menor! Con certificacion de reciclaje<\/b><\/p>\t\t\t\t\t\t\t\t<\/div>\n\t\t\t\t<\/div>\n\t\t\t\t\t<\/div>\n\t\t<\/div>\n\t\t\t\t\t<\/div>\n\t\t<\/section>\n\t\t\t\t<section class=\"elementor-section elementor-top-section elementor-element elementor-element-54c8844f elementor-section-boxed elementor-section-height-default elementor-section-height-default\" data-id=\"54c8844f\" data-element_type=\"section\" data-e-type=\"section\">\n\t\t\t\t\t\t<div class=\"elementor-container elementor-column-gap-default\">\n\t\t\t\t\t<div class=\"elementor-column elementor-col-100 elementor-top-column elementor-element elementor-element-2009450a\" data-id=\"2009450a\" data-element_type=\"column\" data-e-type=\"column\">\n\t\t\t<div class=\"elementor-widget-wrap elementor-element-populated\">\n\t\t\t\t\t\t<div class=\"elementor-element elementor-element-1025b341 elementor-widget elementor-widget-heading\" data-id=\"1025b341\" data-element_type=\"widget\" data-e-type=\"widget\" data-widget_type=\"heading.default\">\n\t\t\t\t<div class=\"elementor-widget-container\">\n\t\t\t\t\t<h4 class=\"elementor-heading-title elementor-size-default\">Cont\u00e1ctanos<\/h4>\t\t\t\t<\/div>\n\t\t\t\t<\/div>\n\t\t\t\t<div class=\"elementor-element elementor-element-263fcdee elementor-widget elementor-widget-heading\" data-id=\"263fcdee\" data-element_type=\"widget\" data-e-type=\"widget\" data-widget_type=\"heading.default\">\n\t\t\t\t<div class=\"elementor-widget-container\">\n\t\t\t\t\t<h2 class=\"elementor-heading-title elementor-size-default\">\u00a1Compromiso ambiental ahora!<\/h2>\t\t\t\t<\/div>\n\t\t\t\t<\/div>\n\t\t\t\t<section class=\"elementor-section elementor-inner-section elementor-element elementor-element-72cfca6c elementor-section-boxed elementor-section-height-default elementor-section-height-default\" data-id=\"72cfca6c\" data-element_type=\"section\" data-e-type=\"section\">\n\t\t\t\t\t\t<div class=\"elementor-container elementor-column-gap-default\">\n\t\t\t\t\t<div class=\"elementor-column elementor-col-50 elementor-inner-column elementor-element elementor-element-7c373599\" data-id=\"7c373599\" data-element_type=\"column\" data-e-type=\"column\">\n\t\t\t<div class=\"elementor-widget-wrap elementor-element-populated\">\n\t\t\t\t\t\t<div class=\"elementor-element elementor-element-68facf78 elementor-widget elementor-widget-image\" data-id=\"68facf78\" data-element_type=\"widget\" data-e-type=\"widget\" data-widget_type=\"image.default\">\n\t\t\t\t<div class=\"elementor-widget-container\">\n\t\t\t\t\t\t\t\t\t\t\t\t\t\t\t<img fetchpriority=\"high\" decoding=\"async\" width=\"800\" height=\"363\" src=\"https:\/\/www.centraldemaderas.com\/wp-content\/uploads\/2023\/10\/01SliderHome-1024x464-1.jpg\" class=\"attachment-large size-large wp-image-5618\" alt=\"\" srcset=\"https:\/\/www.centraldemaderas.com\/wp-content\/uploads\/2023\/10\/01SliderHome-1024x464-1.jpg 1024w, https:\/\/www.centraldemaderas.com\/wp-content\/uploads\/2023\/10\/01SliderHome-1024x464-1-300x136.jpg 300w, https:\/\/www.centraldemaderas.com\/wp-content\/uploads\/2023\/10\/01SliderHome-1024x464-1-768x348.jpg 768w, https:\/\/www.centraldemaderas.com\/wp-content\/uploads\/2023\/10\/01SliderHome-1024x464-1-600x272.jpg 600w\" sizes=\"(max-width: 800px) 100vw, 800px\" \/>\t\t\t\t\t\t\t\t\t\t\t\t\t\t\t<\/div>\n\t\t\t\t<\/div>\n\t\t\t\t<div class=\"elementor-element elementor-element-379d1c6a elementor-widget elementor-widget-heading\" data-id=\"379d1c6a\" data-element_type=\"widget\" data-e-type=\"widget\" data-widget_type=\"heading.default\">\n\t\t\t\t<div class=\"elementor-widget-container\">\n\t\t\t\t\t<h3 class=\"elementor-heading-title elementor-size-default\">Certificaci\u00f3n de reciclaje de Madera<\/h3>\t\t\t\t<\/div>\n\t\t\t\t<\/div>\n\t\t\t\t<div class=\"elementor-element elementor-element-426663ae elementor-widget elementor-widget-text-editor\" data-id=\"426663ae\" data-element_type=\"widget\" data-e-type=\"widget\" data-widget_type=\"text-editor.default\">\n\t\t\t\t<div class=\"elementor-widget-container\">\n\t\t\t\t\t\t\t\t\t<p>En Central de Maderas contamos con el personal capacitado para prestarle\u00a0el servicio de\u00a0<strong>recolecci\u00f3n de residuos de estibas y embalajes\u00a0<\/strong>que tenga en su bodega de una manera segura y \u00f3ptima, proveyendo la\u00a0<strong>certificaci\u00f3n de reciclaje\u00a0correspondiente<\/strong>.<\/p>\t\t\t\t\t\t\t\t<\/div>\n\t\t\t\t<\/div>\n\t\t\t\t\t<\/div>\n\t\t<\/div>\n\t\t\t\t<div class=\"elementor-column elementor-col-50 elementor-inner-column elementor-element elementor-element-670548f7\" data-id=\"670548f7\" data-element_type=\"column\" data-e-type=\"column\">\n\t\t\t<div class=\"elementor-widget-wrap elementor-element-populated\">\n\t\t\t\t\t\t<div class=\"elementor-element elementor-element-7624302 elementor-widget elementor-widget-heading\" data-id=\"7624302\" data-element_type=\"widget\" data-e-type=\"widget\" data-widget_type=\"heading.default\">\n\t\t\t\t<div class=\"elementor-widget-container\">\n\t\t\t\t\t<h3 class=\"elementor-heading-title elementor-size-default\">Medio ambiente<\/h3>\t\t\t\t<\/div>\n\t\t\t\t<\/div>\n\t\t\t\t<div class=\"elementor-element elementor-element-174f43f5 elementor-widget elementor-widget-text-editor\" data-id=\"174f43f5\" data-element_type=\"widget\" data-e-type=\"widget\" data-widget_type=\"text-editor.default\">\n\t\t\t\t<div class=\"elementor-widget-container\">\n\t\t\t\t\t\t\t\t\t<p style=\"text-align: justify;\">La industria a nivel internacional ha venido enfrent\u00e1ndose a <b>cambios normativos<\/b> en donde la disminuci\u00f3n del <b>impacto al medio ambiente<\/b> se convirti\u00f3 en uno de los objetivos principales para nuestras compa\u00f1\u00edas, pensando en esto, al usted trabajar con Central de Maderas G&amp;S SAS podr\u00e1 asegurarse que su proveedor solo trabaja con <b>maderas renovables de bosques reforestados y aceptados a nivel internacional.<\/b><\/p><p style=\"text-align: justify;\">Por otro lado, al tomar nuestro <b>servicio de reparaci\u00f3n de estibas<\/b>, disminuir\u00e1 el impacto ya que <b>puede aumentar el ciclo de vida de su producto<\/b> potencialmente afectando positivamente no solo el medio ambiente sino tambi\u00e9n disminuyendo sus costos por adquisici\u00f3n de estibas nuevas.<\/p><p>\u00a0<\/p>\t\t\t\t\t\t\t\t<\/div>\n\t\t\t\t<\/div>\n\t\t\t\t\t<\/div>\n\t\t<\/div>\n\t\t\t\t\t<\/div>\n\t\t<\/section>\n\t\t\t\t\t<\/div>\n\t\t<\/div>\n\t\t\t\t\t<\/div>\n\t\t<\/section>\n\t\t\t\t<section class=\"elementor-section elementor-top-section elementor-element elementor-element-1e262b5f elementor-section-height-min-height elementor-section-boxed elementor-section-height-default elementor-section-items-middle\" data-id=\"1e262b5f\" data-element_type=\"section\" data-e-type=\"section\" data-settings=\"{&quot;background_background&quot;:&quot;classic&quot;}\">\n\t\t\t\t\t\t\t<div class=\"elementor-background-overlay\"><\/div>\n\t\t\t\t\t\t\t<div class=\"elementor-container elementor-column-gap-default\">\n\t\t\t\t\t<div class=\"elementor-column elementor-col-100 elementor-top-column elementor-element elementor-element-331de2ab\" data-id=\"331de2ab\" data-element_type=\"column\" data-e-type=\"column\">\n\t\t\t<div class=\"elementor-widget-wrap elementor-element-populated\">\n\t\t\t\t\t\t<div class=\"elementor-element elementor-element-3539c698 elementor-widget elementor-widget-heading\" data-id=\"3539c698\" data-element_type=\"widget\" data-e-type=\"widget\" data-settings=\"{&quot;motion_fx_motion_fx_scrolling&quot;:&quot;yes&quot;,&quot;motion_fx_devices&quot;:[&quot;desktop&quot;,&quot;tablet&quot;,&quot;mobile&quot;]}\" data-widget_type=\"heading.default\">\n\t\t\t\t<div class=\"elementor-widget-container\">\n\t\t\t\t\t<h2 class=\"elementor-heading-title elementor-size-default\">\u00a1Quiero mi certificaci\u00f3n de reciclaje!<\/h2>\t\t\t\t<\/div>\n\t\t\t\t<\/div>\n\t\t\t\t<div class=\"elementor-element elementor-element-6fb3a3b7 elementor-widget elementor-widget-text-editor\" data-id=\"6fb3a3b7\" data-element_type=\"widget\" data-e-type=\"widget\" data-widget_type=\"text-editor.default\">\n\t\t\t\t<div class=\"elementor-widget-container\">\n\t\t\t\t\t\t\t\t\t<p>CENTRAL DE MADERAS<\/p>\t\t\t\t\t\t\t\t<\/div>\n\t\t\t\t<\/div>\n\t\t\t\t\t<\/div>\n\t\t<\/div>\n\t\t\t\t\t<\/div>\n\t\t<\/section>\n\t\t\t\t<\/div>\n\t\t","protected":false},"excerpt":{"rendered":"<p>Servicio Medio ambiente y Reciclaje Mantente conectado \u00bfC\u00f3mo podemos ayudarte? Te proporcionamos un servicio de reciclaje y compromiso ambiental para que el impacto al medio ambiente de tu compa\u00f1\u00eda pueda ser a\u00fan menor! Con certificacion de reciclaje Cont\u00e1ctanos \u00a1Compromiso ambiental ahora! Certificaci\u00f3n de reciclaje de Madera En Central de Maderas contamos con el personal capacitado [&hellip;]<\/p>\n","protected":false},"author":1,"featured_media":0,"parent":5843,"menu_order":500,"comment_status":"closed","ping_status":"closed","template":"elementor_header_footer","meta":{"_joinchat":[],"footnotes":""},"class_list":["post-5873","page","type-page","status-publish","hentry"],"yoast_head":"<!-- This site is optimized with the Yoast SEO plugin v26.8 - https:\/\/yoast.com\/product\/yoast-seo-wordpress\/ -->\n<title>Medio Ambiente y Reciclaje -<\/title>\n<meta name=\"robots\" content=\"index, follow, max-snippet:-1, max-image-preview:large, max-video-preview:-1\" \/>\n<link rel=\"canonical\" href=\"https:\/\/www.centraldemaderas.com\/en\/servicios\/medio-ambiente-y-reciclaje\/\" \/>\n<meta property=\"og:locale\" content=\"en_US\" \/>\n<meta property=\"og:type\" content=\"article\" \/>\n<meta property=\"og:title\" content=\"Medio Ambiente y Reciclaje -\" \/>\n<meta property=\"og:description\" content=\"Servicio Medio ambiente y Reciclaje Mantente conectado \u00bfC\u00f3mo podemos ayudarte? Te proporcionamos un servicio de reciclaje y compromiso ambiental para que el impacto al medio ambiente de tu compa\u00f1\u00eda pueda ser a\u00fan menor! Con certificacion de reciclaje Cont\u00e1ctanos \u00a1Compromiso ambiental ahora! Certificaci\u00f3n de reciclaje de Madera En Central de Maderas contamos con el personal capacitado [&hellip;]\" \/>\n<meta property=\"og:url\" content=\"https:\/\/www.centraldemaderas.com\/en\/servicios\/medio-ambiente-y-reciclaje\/\" \/>\n<meta property=\"article:publisher\" content=\"https:\/\/www.facebook.com\/centraldemaderasCol\/\" \/>\n<meta property=\"article:modified_time\" content=\"2024-11-25T15:20:14+00:00\" \/>\n<meta property=\"og:image\" content=\"https:\/\/www.centraldemaderas.com\/wp-content\/uploads\/2023\/10\/01SliderHome-1024x464-1.jpg\" \/>\n\t<meta property=\"og:image:width\" content=\"1024\" \/>\n\t<meta property=\"og:image:height\" content=\"464\" \/>\n\t<meta property=\"og:image:type\" content=\"image\/jpeg\" \/>\n<meta name=\"twitter:card\" content=\"summary_large_image\" \/>\n<meta name=\"twitter:label1\" content=\"Est. reading time\" \/>\n\t<meta name=\"twitter:data1\" content=\"2 minutes\" \/>\n<script type=\"application\/ld+json\" class=\"yoast-schema-graph\">{\"@context\":\"https:\/\/schema.org\",\"@graph\":[{\"@type\":\"WebPage\",\"@id\":\"https:\/\/www.centraldemaderas.com\/en\/servicios\/medio-ambiente-y-reciclaje\/\",\"url\":\"https:\/\/www.centraldemaderas.com\/en\/servicios\/medio-ambiente-y-reciclaje\/\",\"name\":\"Medio Ambiente y Reciclaje -\",\"isPartOf\":{\"@id\":\"https:\/\/www.centraldemaderas.com\/en\/#website\"},\"primaryImageOfPage\":{\"@id\":\"https:\/\/www.centraldemaderas.com\/en\/servicios\/medio-ambiente-y-reciclaje\/#primaryimage\"},\"image\":{\"@id\":\"https:\/\/www.centraldemaderas.com\/en\/servicios\/medio-ambiente-y-reciclaje\/#primaryimage\"},\"thumbnailUrl\":\"https:\/\/www.centraldemaderas.com\/wp-content\/uploads\/2023\/10\/01SliderHome-1024x464-1.jpg\",\"datePublished\":\"2014-04-11T16:07:55+00:00\",\"dateModified\":\"2024-11-25T15:20:14+00:00\",\"breadcrumb\":{\"@id\":\"https:\/\/www.centraldemaderas.com\/en\/servicios\/medio-ambiente-y-reciclaje\/#breadcrumb\"},\"inLanguage\":\"en-US\",\"potentialAction\":[{\"@type\":\"ReadAction\",\"target\":[\"https:\/\/www.centraldemaderas.com\/en\/servicios\/medio-ambiente-y-reciclaje\/\"]}]},{\"@type\":\"ImageObject\",\"inLanguage\":\"en-US\",\"@id\":\"https:\/\/www.centraldemaderas.com\/en\/servicios\/medio-ambiente-y-reciclaje\/#primaryimage\",\"url\":\"https:\/\/www.centraldemaderas.com\/wp-content\/uploads\/2023\/10\/01SliderHome-1024x464-1.jpg\",\"contentUrl\":\"https:\/\/www.centraldemaderas.com\/wp-content\/uploads\/2023\/10\/01SliderHome-1024x464-1.jpg\"},{\"@type\":\"BreadcrumbList\",\"@id\":\"https:\/\/www.centraldemaderas.com\/en\/servicios\/medio-ambiente-y-reciclaje\/#breadcrumb\",\"itemListElement\":[{\"@type\":\"ListItem\",\"position\":1,\"name\":\"Portada\",\"item\":\"https:\/\/www.centraldemaderas.com\/en\/\"},{\"@type\":\"ListItem\",\"position\":2,\"name\":\"Servicios\",\"item\":\"https:\/\/www.centraldemaderas.com\/en\/servicios\/\"},{\"@type\":\"ListItem\",\"position\":3,\"name\":\"Medio Ambiente y Reciclaje\"}]},{\"@type\":\"WebSite\",\"@id\":\"https:\/\/www.centraldemaderas.com\/en\/#website\",\"url\":\"https:\/\/www.centraldemaderas.com\/en\/\",\"name\":\"Central de Maderas - Venta de Estibas\",\"description\":\"Venta de estibas en madera a nivel nacional\",\"publisher\":{\"@id\":\"https:\/\/www.centraldemaderas.com\/en\/#organization\"},\"alternateName\":\"CM - Estibas\",\"potentialAction\":[{\"@type\":\"SearchAction\",\"target\":{\"@type\":\"EntryPoint\",\"urlTemplate\":\"https:\/\/www.centraldemaderas.com\/en\/?s={search_term_string}\"},\"query-input\":{\"@type\":\"PropertyValueSpecification\",\"valueRequired\":true,\"valueName\":\"search_term_string\"}}],\"inLanguage\":\"en-US\"},{\"@type\":\"Organization\",\"@id\":\"https:\/\/www.centraldemaderas.com\/en\/#organization\",\"name\":\"Central de Maderas\",\"url\":\"https:\/\/www.centraldemaderas.com\/en\/\",\"logo\":{\"@type\":\"ImageObject\",\"inLanguage\":\"en-US\",\"@id\":\"https:\/\/www.centraldemaderas.com\/en\/#\/schema\/logo\/image\/\",\"url\":\"https:\/\/www.centraldemaderas.com\/wp-content\/uploads\/2023\/08\/logopsd2_SAS-_2_.webp\",\"contentUrl\":\"https:\/\/www.centraldemaderas.com\/wp-content\/uploads\/2023\/08\/logopsd2_SAS-_2_.webp\",\"width\":1200,\"height\":1200,\"caption\":\"Central de Maderas\"},\"image\":{\"@id\":\"https:\/\/www.centraldemaderas.com\/en\/#\/schema\/logo\/image\/\"},\"sameAs\":[\"https:\/\/www.facebook.com\/centraldemaderasCol\/\"]}]}<\/script>\n<!-- \/ Yoast SEO plugin. -->","yoast_head_json":{"title":"Medio Ambiente y Reciclaje -","robots":{"index":"index","follow":"follow","max-snippet":"max-snippet:-1","max-image-preview":"max-image-preview:large","max-video-preview":"max-video-preview:-1"},"canonical":"https:\/\/www.centraldemaderas.com\/en\/servicios\/medio-ambiente-y-reciclaje\/","og_locale":"en_US","og_type":"article","og_title":"Medio Ambiente y Reciclaje -","og_description":"Servicio Medio ambiente y Reciclaje Mantente conectado \u00bfC\u00f3mo podemos ayudarte? Te proporcionamos un servicio de reciclaje y compromiso ambiental para que el impacto al medio ambiente de tu compa\u00f1\u00eda pueda ser a\u00fan menor! Con certificacion de reciclaje Cont\u00e1ctanos \u00a1Compromiso ambiental ahora! Certificaci\u00f3n de reciclaje de Madera En Central de Maderas contamos con el personal capacitado [&hellip;]","og_url":"https:\/\/www.centraldemaderas.com\/en\/servicios\/medio-ambiente-y-reciclaje\/","article_publisher":"https:\/\/www.facebook.com\/centraldemaderasCol\/","article_modified_time":"2024-11-25T15:20:14+00:00","og_image":[{"width":1024,"height":464,"url":"https:\/\/www.centraldemaderas.com\/wp-content\/uploads\/2023\/10\/01SliderHome-1024x464-1.jpg","type":"image\/jpeg"}],"twitter_card":"summary_large_image","twitter_misc":{"Est. reading time":"2 minutes"},"schema":{"@context":"https:\/\/schema.org","@graph":[{"@type":"WebPage","@id":"https:\/\/www.centraldemaderas.com\/en\/servicios\/medio-ambiente-y-reciclaje\/","url":"https:\/\/www.centraldemaderas.com\/en\/servicios\/medio-ambiente-y-reciclaje\/","name":"Medio Ambiente y Reciclaje -","isPartOf":{"@id":"https:\/\/www.centraldemaderas.com\/en\/#website"},"primaryImageOfPage":{"@id":"https:\/\/www.centraldemaderas.com\/en\/servicios\/medio-ambiente-y-reciclaje\/#primaryimage"},"image":{"@id":"https:\/\/www.centraldemaderas.com\/en\/servicios\/medio-ambiente-y-reciclaje\/#primaryimage"},"thumbnailUrl":"https:\/\/www.centraldemaderas.com\/wp-content\/uploads\/2023\/10\/01SliderHome-1024x464-1.jpg","datePublished":"2014-04-11T16:07:55+00:00","dateModified":"2024-11-25T15:20:14+00:00","breadcrumb":{"@id":"https:\/\/www.centraldemaderas.com\/en\/servicios\/medio-ambiente-y-reciclaje\/#breadcrumb"},"inLanguage":"en-US","potentialAction":[{"@type":"ReadAction","target":["https:\/\/www.centraldemaderas.com\/en\/servicios\/medio-ambiente-y-reciclaje\/"]}]},{"@type":"ImageObject","inLanguage":"en-US","@id":"https:\/\/www.centraldemaderas.com\/en\/servicios\/medio-ambiente-y-reciclaje\/#primaryimage","url":"https:\/\/www.centraldemaderas.com\/wp-content\/uploads\/2023\/10\/01SliderHome-1024x464-1.jpg","contentUrl":"https:\/\/www.centraldemaderas.com\/wp-content\/uploads\/2023\/10\/01SliderHome-1024x464-1.jpg"},{"@type":"BreadcrumbList","@id":"https:\/\/www.centraldemaderas.com\/en\/servicios\/medio-ambiente-y-reciclaje\/#breadcrumb","itemListElement":[{"@type":"ListItem","position":1,"name":"Portada","item":"https:\/\/www.centraldemaderas.com\/en\/"},{"@type":"ListItem","position":2,"name":"Servicios","item":"https:\/\/www.centraldemaderas.com\/en\/servicios\/"},{"@type":"ListItem","position":3,"name":"Medio Ambiente y Reciclaje"}]},{"@type":"WebSite","@id":"https:\/\/www.centraldemaderas.com\/en\/#website","url":"https:\/\/www.centraldemaderas.com\/en\/","name":"Central de Maderas - Venta de Estibas","description":"Venta de estibas en madera a nivel nacional","publisher":{"@id":"https:\/\/www.centraldemaderas.com\/en\/#organization"},"alternateName":"CM - Estibas","potentialAction":[{"@type":"SearchAction","target":{"@type":"EntryPoint","urlTemplate":"https:\/\/www.centraldemaderas.com\/en\/?s={search_term_string}"},"query-input":{"@type":"PropertyValueSpecification","valueRequired":true,"valueName":"search_term_string"}}],"inLanguage":"en-US"},{"@type":"Organization","@id":"https:\/\/www.centraldemaderas.com\/en\/#organization","name":"Central de Maderas","url":"https:\/\/www.centraldemaderas.com\/en\/","logo":{"@type":"ImageObject","inLanguage":"en-US","@id":"https:\/\/www.centraldemaderas.com\/en\/#\/schema\/logo\/image\/","url":"https:\/\/www.centraldemaderas.com\/wp-content\/uploads\/2023\/08\/logopsd2_SAS-_2_.webp","contentUrl":"https:\/\/www.centraldemaderas.com\/wp-content\/uploads\/2023\/08\/logopsd2_SAS-_2_.webp","width":1200,"height":1200,"caption":"Central de Maderas"},"image":{"@id":"https:\/\/www.centraldemaderas.com\/en\/#\/schema\/logo\/image\/"},"sameAs":["https:\/\/www.facebook.com\/centraldemaderasCol\/"]}]}},"_links":{"self":[{"href":"https:\/\/www.centraldemaderas.com\/en\/wp-json\/wp\/v2\/pages\/5873","targetHints":{"allow":["GET"]}}],"collection":[{"href":"https:\/\/www.centraldemaderas.com\/en\/wp-json\/wp\/v2\/pages"}],"about":[{"href":"https:\/\/www.centraldemaderas.com\/en\/wp-json\/wp\/v2\/types\/page"}],"author":[{"embeddable":true,"href":"https:\/\/www.centraldemaderas.com\/en\/wp-json\/wp\/v2\/users\/1"}],"replies":[{"embeddable":true,"href":"https:\/\/www.centraldemaderas.com\/en\/wp-json\/wp\/v2\/comments?post=5873"}],"version-history":[{"count":4,"href":"https:\/\/www.centraldemaderas.com\/en\/wp-json\/wp\/v2\/pages\/5873\/revisions"}],"predecessor-version":[{"id":6695,"href":"https:\/\/www.centraldemaderas.com\/en\/wp-json\/wp\/v2\/pages\/5873\/revisions\/6695"}],"up":[{"embeddable":true,"href":"https:\/\/www.centraldemaderas.com\/en\/wp-json\/wp\/v2\/pages\/5843"}],"wp:attachment":[{"href":"https:\/\/www.centraldemaderas.com\/en\/wp-json\/wp\/v2\/media?parent=5873"}],"curies":[{"name":"wp","href":"https:\/\/api.w.org\/{rel}","templated":true}]}}