{"id":5867,"date":"2014-04-11T16:07:24","date_gmt":"2014-04-11T16:07:24","guid":{"rendered":"https:\/\/www.centraldemaderas.com\/servicios\/servicio-de-almacenamiento\/"},"modified":"2024-11-29T21:39:29","modified_gmt":"2024-11-29T21:39:29","slug":"servicio-de-almacenamiento","status":"publish","type":"page","link":"https:\/\/www.centraldemaderas.com\/en\/servicios\/servicio-de-almacenamiento\/","title":{"rendered":"Servicio de Almacenamiento"},"content":{"rendered":"\t\t<div data-elementor-type=\"wp-page\" data-elementor-id=\"5867\" class=\"elementor elementor-5867 elementor-502\" data-elementor-post-type=\"page\">\n\t\t\t\t\t\t<section class=\"elementor-section elementor-top-section elementor-element elementor-element-158705de elementor-section-height-min-height elementor-section-boxed elementor-section-height-default elementor-section-items-middle\" data-id=\"158705de\" data-element_type=\"section\" data-e-type=\"section\" data-settings=\"{&quot;background_background&quot;:&quot;classic&quot;}\">\n\t\t\t\t\t\t\t<div class=\"elementor-background-overlay\"><\/div>\n\t\t\t\t\t\t\t<div class=\"elementor-container elementor-column-gap-default\">\n\t\t\t\t\t<div class=\"elementor-column elementor-col-100 elementor-top-column elementor-element elementor-element-44bd897d\" data-id=\"44bd897d\" data-element_type=\"column\" data-e-type=\"column\">\n\t\t\t<div class=\"elementor-widget-wrap elementor-element-populated\">\n\t\t\t\t\t\t<div class=\"elementor-element elementor-element-18598942 elementor-widget elementor-widget-heading\" data-id=\"18598942\" data-element_type=\"widget\" data-e-type=\"widget\" data-widget_type=\"heading.default\">\n\t\t\t\t<div class=\"elementor-widget-container\">\n\t\t\t\t\t<h1 class=\"elementor-heading-title elementor-size-default\">Servicio de Almacenamiento<\/h1>\t\t\t\t<\/div>\n\t\t\t\t<\/div>\n\t\t\t\t\t<\/div>\n\t\t<\/div>\n\t\t\t\t\t<\/div>\n\t\t<\/section>\n\t\t\t\t<section class=\"elementor-section elementor-top-section elementor-element elementor-element-2a78fe36 elementor-section-boxed elementor-section-height-default elementor-section-height-default\" data-id=\"2a78fe36\" data-element_type=\"section\" data-e-type=\"section\">\n\t\t\t\t\t\t<div class=\"elementor-container elementor-column-gap-default\">\n\t\t\t\t\t<div class=\"elementor-column elementor-col-50 elementor-top-column elementor-element elementor-element-5566e91a\" data-id=\"5566e91a\" data-element_type=\"column\" data-e-type=\"column\">\n\t\t\t<div class=\"elementor-widget-wrap elementor-element-populated\">\n\t\t\t\t\t\t<div class=\"elementor-element elementor-element-4af0dee9 elementor-widget elementor-widget-heading\" data-id=\"4af0dee9\" data-element_type=\"widget\" data-e-type=\"widget\" data-widget_type=\"heading.default\">\n\t\t\t\t<div class=\"elementor-widget-container\">\n\t\t\t\t\t<h4 class=\"elementor-heading-title elementor-size-default\">Mantente conectado<\/h4>\t\t\t\t<\/div>\n\t\t\t\t<\/div>\n\t\t\t\t<div class=\"elementor-element elementor-element-3c633c27 elementor-widget elementor-widget-heading\" data-id=\"3c633c27\" data-element_type=\"widget\" data-e-type=\"widget\" data-widget_type=\"heading.default\">\n\t\t\t\t<div class=\"elementor-widget-container\">\n\t\t\t\t\t<h2 class=\"elementor-heading-title elementor-size-default\">\u00bfC\u00f3mo te ayudamos?<\/h2>\t\t\t\t<\/div>\n\t\t\t\t<\/div>\n\t\t\t\t\t<\/div>\n\t\t<\/div>\n\t\t\t\t<div class=\"elementor-column elementor-col-50 elementor-top-column elementor-element elementor-element-314c7ab\" data-id=\"314c7ab\" data-element_type=\"column\" data-e-type=\"column\">\n\t\t\t<div class=\"elementor-widget-wrap elementor-element-populated\">\n\t\t\t\t\t\t<div class=\"elementor-element elementor-element-1f37bee elementor-widget elementor-widget-text-editor\" data-id=\"1f37bee\" data-element_type=\"widget\" data-e-type=\"widget\" data-widget_type=\"text-editor.default\">\n\t\t\t\t<div class=\"elementor-widget-container\">\n\t\t\t\t\t\t\t\t\t<p>Te ofrecemos un servicio de almacenamiento de tus estibas a bajo costo para que no te preocupes por cuestiones de espacio, desplazamiento, eficiencia y log\u00edstica en general.<\/p>\t\t\t\t\t\t\t\t<\/div>\n\t\t\t\t<\/div>\n\t\t\t\t\t<\/div>\n\t\t<\/div>\n\t\t\t\t\t<\/div>\n\t\t<\/section>\n\t\t\t\t<section class=\"elementor-section elementor-top-section elementor-element elementor-element-19628188 elementor-section-boxed elementor-section-height-default elementor-section-height-default\" data-id=\"19628188\" data-element_type=\"section\" data-e-type=\"section\">\n\t\t\t\t\t\t<div class=\"elementor-container elementor-column-gap-default\">\n\t\t\t\t\t<div class=\"elementor-column elementor-col-100 elementor-top-column elementor-element elementor-element-29344c91\" data-id=\"29344c91\" data-element_type=\"column\" data-e-type=\"column\">\n\t\t\t<div class=\"elementor-widget-wrap elementor-element-populated\">\n\t\t\t\t\t\t<div class=\"elementor-element elementor-element-4c0541df elementor-widget elementor-widget-heading\" data-id=\"4c0541df\" data-element_type=\"widget\" data-e-type=\"widget\" data-widget_type=\"heading.default\">\n\t\t\t\t<div class=\"elementor-widget-container\">\n\t\t\t\t\t<h2 class=\"elementor-heading-title elementor-size-default\">Almacenamiento de estibas y pallets de madera a bajo costo<\/h2>\t\t\t\t<\/div>\n\t\t\t\t<\/div>\n\t\t\t\t<section class=\"elementor-section elementor-inner-section elementor-element elementor-element-6fc6ed05 elementor-section-boxed elementor-section-height-default elementor-section-height-default\" data-id=\"6fc6ed05\" data-element_type=\"section\" data-e-type=\"section\">\n\t\t\t\t\t\t<div class=\"elementor-container elementor-column-gap-default\">\n\t\t\t\t\t<div class=\"elementor-column elementor-col-50 elementor-inner-column elementor-element elementor-element-224d6f0d\" data-id=\"224d6f0d\" data-element_type=\"column\" data-e-type=\"column\">\n\t\t\t<div class=\"elementor-widget-wrap elementor-element-populated\">\n\t\t\t\t\t\t<div class=\"elementor-element elementor-element-22c0da90 elementor-widget elementor-widget-image\" data-id=\"22c0da90\" data-element_type=\"widget\" data-e-type=\"widget\" data-widget_type=\"image.default\">\n\t\t\t\t<div class=\"elementor-widget-container\">\n\t\t\t\t\t\t\t\t\t\t\t\t\t\t\t<img fetchpriority=\"high\" decoding=\"async\" width=\"1380\" height=\"829\" src=\"https:\/\/www.centraldemaderas.com\/wp-content\/uploads\/2023\/05\/paletas-interiores-almacen-mercancias-transporte-al-aire-libre-logistica_116317-15139.webp\" class=\"attachment-full size-full wp-image-5576\" alt=\"\" srcset=\"https:\/\/www.centraldemaderas.com\/wp-content\/uploads\/2023\/05\/paletas-interiores-almacen-mercancias-transporte-al-aire-libre-logistica_116317-15139.webp 1380w, https:\/\/www.centraldemaderas.com\/wp-content\/uploads\/2023\/05\/paletas-interiores-almacen-mercancias-transporte-al-aire-libre-logistica_116317-15139-600x360.webp 600w, https:\/\/www.centraldemaderas.com\/wp-content\/uploads\/2023\/05\/paletas-interiores-almacen-mercancias-transporte-al-aire-libre-logistica_116317-15139-300x180.webp 300w, https:\/\/www.centraldemaderas.com\/wp-content\/uploads\/2023\/05\/paletas-interiores-almacen-mercancias-transporte-al-aire-libre-logistica_116317-15139-1024x615.webp 1024w, https:\/\/www.centraldemaderas.com\/wp-content\/uploads\/2023\/05\/paletas-interiores-almacen-mercancias-transporte-al-aire-libre-logistica_116317-15139-768x461.webp 768w\" sizes=\"(max-width: 1380px) 100vw, 1380px\" \/>\t\t\t\t\t\t\t\t\t\t\t\t\t\t\t<\/div>\n\t\t\t\t<\/div>\n\t\t\t\t\t<\/div>\n\t\t<\/div>\n\t\t\t\t<div class=\"elementor-column elementor-col-50 elementor-inner-column elementor-element elementor-element-57f00517\" data-id=\"57f00517\" data-element_type=\"column\" data-e-type=\"column\">\n\t\t\t<div class=\"elementor-widget-wrap elementor-element-populated\">\n\t\t\t\t\t\t<div class=\"elementor-element elementor-element-6cc19cf elementor-widget elementor-widget-heading\" data-id=\"6cc19cf\" data-element_type=\"widget\" data-e-type=\"widget\" data-widget_type=\"heading.default\">\n\t\t\t\t<div class=\"elementor-widget-container\">\n\t\t\t\t\t<h3 class=\"elementor-heading-title elementor-size-default\">\u00bfEn qu\u00e9 consiste?<\/h3>\t\t\t\t<\/div>\n\t\t\t\t<\/div>\n\t\t\t\t<div class=\"elementor-element elementor-element-797fb13d elementor-widget elementor-widget-text-editor\" data-id=\"797fb13d\" data-element_type=\"widget\" data-e-type=\"widget\" data-widget_type=\"text-editor.default\">\n\t\t\t\t<div class=\"elementor-widget-container\">\n\t\t\t\t\t\t\t\t\t<p>El almacenamiento de estibas no solo implica movimientos del montacargas, utilizaci\u00f3n del espacio e impacto de la imagen de su bodega sino tambi\u00e9n implica riesgos e ineficiencias que Central de Maderas G&amp;S SAS le puede ahorra f\u00e1cilmente, pensando en esto aumentamos y mejoramos nuestras \u00e1reas de almacenamiento permiti\u00e9ndonos almacenar y administrar su inventario de estibas y embalajes de la manera m\u00e1s segura, con sistemas de informaci\u00f3n actualizados a diario y con todo el ciclo de Gesti\u00f3n Total de Estibas los beneficios ser\u00e1n a\u00fan mayores.<\/p>\t\t\t\t\t\t\t\t<\/div>\n\t\t\t\t<\/div>\n\t\t\t\t<div class=\"elementor-element elementor-element-d5d89c5 elementor-widget elementor-widget-heading\" data-id=\"d5d89c5\" data-element_type=\"widget\" data-e-type=\"widget\" data-widget_type=\"heading.default\">\n\t\t\t\t<div class=\"elementor-widget-container\">\n\t\t\t\t\t<h3 class=\"elementor-heading-title elementor-size-default\">Beneficios<\/h3>\t\t\t\t<\/div>\n\t\t\t\t<\/div>\n\t\t\t\t<div class=\"elementor-element elementor-element-1d7dc09d elementor-widget elementor-widget-text-editor\" data-id=\"1d7dc09d\" data-element_type=\"widget\" data-e-type=\"widget\" data-widget_type=\"text-editor.default\">\n\t\t\t\t<div class=\"elementor-widget-container\">\n\t\t\t\t\t\t\t\t\t<p>Adquiriendo este servicio usted podr\u00e1:<\/p><ul><li>Utilizar el espacio de su bodega en lo que realmente lo necesita, sus productos.<\/li><li>Disminuir el costo por almacenamiento.<\/li><li>Disminuir el riesgo de accidentes por estibas en mal estado.<\/li><li>Mejorar su rendimiento total adquiriendo nuestro programa de Gestion Total de Estibas.<\/li><\/ul><p>\u00a0<\/p>\t\t\t\t\t\t\t\t<\/div>\n\t\t\t\t<\/div>\n\t\t\t\t\t<\/div>\n\t\t<\/div>\n\t\t\t\t\t<\/div>\n\t\t<\/section>\n\t\t\t\t\t<\/div>\n\t\t<\/div>\n\t\t\t\t\t<\/div>\n\t\t<\/section>\n\t\t\t\t<section class=\"elementor-section elementor-top-section elementor-element elementor-element-4925e049 elementor-section-height-min-height elementor-section-boxed elementor-section-height-default elementor-section-items-middle\" data-id=\"4925e049\" data-element_type=\"section\" data-e-type=\"section\" data-settings=\"{&quot;background_background&quot;:&quot;classic&quot;}\">\n\t\t\t\t\t\t\t<div class=\"elementor-background-overlay\"><\/div>\n\t\t\t\t\t\t\t<div class=\"elementor-container elementor-column-gap-default\">\n\t\t\t\t\t<div class=\"elementor-column elementor-col-100 elementor-top-column elementor-element elementor-element-3e254027\" data-id=\"3e254027\" data-element_type=\"column\" data-e-type=\"column\">\n\t\t\t<div class=\"elementor-widget-wrap elementor-element-populated\">\n\t\t\t\t\t\t<div class=\"elementor-element elementor-element-53497dcb elementor-widget elementor-widget-heading\" data-id=\"53497dcb\" data-element_type=\"widget\" data-e-type=\"widget\" data-settings=\"{&quot;motion_fx_motion_fx_scrolling&quot;:&quot;yes&quot;,&quot;motion_fx_devices&quot;:[&quot;desktop&quot;,&quot;tablet&quot;,&quot;mobile&quot;]}\" data-widget_type=\"heading.default\">\n\t\t\t\t<div class=\"elementor-widget-container\">\n\t\t\t\t\t<h2 class=\"elementor-heading-title elementor-size-default\">Comun\u00edquese con nosotros ahora mismo para conocer nuestras tarifas!<\/h2>\t\t\t\t<\/div>\n\t\t\t\t<\/div>\n\t\t\t\t<div class=\"elementor-element elementor-element-41a1588f elementor-widget elementor-widget-text-editor\" data-id=\"41a1588f\" data-element_type=\"widget\" data-e-type=\"widget\" data-widget_type=\"text-editor.default\">\n\t\t\t\t<div class=\"elementor-widget-container\">\n\t\t\t\t\t\t\t\t\t<p>CENTRAL DE MADERAS<\/p>\t\t\t\t\t\t\t\t<\/div>\n\t\t\t\t<\/div>\n\t\t\t\t\t<\/div>\n\t\t<\/div>\n\t\t\t\t\t<\/div>\n\t\t<\/section>\n\t\t\t\t<\/div>\n\t\t","protected":false},"excerpt":{"rendered":"<p>Servicio de Almacenamiento Mantente conectado \u00bfC\u00f3mo te ayudamos? Te ofrecemos un servicio de almacenamiento de tus estibas a bajo costo para que no te preocupes por cuestiones de espacio, desplazamiento, eficiencia y log\u00edstica en general. Almacenamiento de estibas y pallets de madera a bajo costo \u00bfEn qu\u00e9 consiste? El almacenamiento de estibas no solo implica [&hellip;]<\/p>\n","protected":false},"author":1,"featured_media":0,"parent":5843,"menu_order":400,"comment_status":"closed","ping_status":"closed","template":"elementor_header_footer","meta":{"_joinchat":[],"footnotes":""},"class_list":["post-5867","page","type-page","status-publish","hentry"],"yoast_head":"<!-- This site is optimized with the Yoast SEO plugin v26.8 - https:\/\/yoast.com\/product\/yoast-seo-wordpress\/ -->\n<title>Servicio de Almacenamiento -<\/title>\n<meta name=\"robots\" content=\"index, follow, max-snippet:-1, max-image-preview:large, max-video-preview:-1\" \/>\n<link rel=\"canonical\" href=\"https:\/\/www.centraldemaderas.com\/en\/servicios\/servicio-de-almacenamiento\/\" \/>\n<meta property=\"og:locale\" content=\"en_US\" \/>\n<meta property=\"og:type\" content=\"article\" \/>\n<meta property=\"og:title\" content=\"Servicio de Almacenamiento -\" \/>\n<meta property=\"og:description\" content=\"Servicio de Almacenamiento Mantente conectado \u00bfC\u00f3mo te ayudamos? Te ofrecemos un servicio de almacenamiento de tus estibas a bajo costo para que no te preocupes por cuestiones de espacio, desplazamiento, eficiencia y log\u00edstica en general. Almacenamiento de estibas y pallets de madera a bajo costo \u00bfEn qu\u00e9 consiste? El almacenamiento de estibas no solo implica [&hellip;]\" \/>\n<meta property=\"og:url\" content=\"https:\/\/www.centraldemaderas.com\/en\/servicios\/servicio-de-almacenamiento\/\" \/>\n<meta property=\"article:publisher\" content=\"https:\/\/www.facebook.com\/centraldemaderasCol\/\" \/>\n<meta property=\"article:modified_time\" content=\"2024-11-29T21:39:29+00:00\" \/>\n<meta property=\"og:image\" content=\"https:\/\/www.centraldemaderas.com\/wp-content\/uploads\/2023\/05\/paletas-interiores-almacen-mercancias-transporte-al-aire-libre-logistica_116317-15139.webp\" \/>\n\t<meta property=\"og:image:width\" content=\"1380\" \/>\n\t<meta property=\"og:image:height\" content=\"829\" \/>\n\t<meta property=\"og:image:type\" content=\"image\/webp\" \/>\n<meta name=\"twitter:card\" content=\"summary_large_image\" \/>\n<meta name=\"twitter:label1\" content=\"Est. reading time\" \/>\n\t<meta name=\"twitter:data1\" content=\"2 minutes\" \/>\n<script type=\"application\/ld+json\" class=\"yoast-schema-graph\">{\"@context\":\"https:\/\/schema.org\",\"@graph\":[{\"@type\":\"WebPage\",\"@id\":\"https:\/\/www.centraldemaderas.com\/en\/servicios\/servicio-de-almacenamiento\/\",\"url\":\"https:\/\/www.centraldemaderas.com\/en\/servicios\/servicio-de-almacenamiento\/\",\"name\":\"Servicio de Almacenamiento -\",\"isPartOf\":{\"@id\":\"https:\/\/www.centraldemaderas.com\/en\/#website\"},\"primaryImageOfPage\":{\"@id\":\"https:\/\/www.centraldemaderas.com\/en\/servicios\/servicio-de-almacenamiento\/#primaryimage\"},\"image\":{\"@id\":\"https:\/\/www.centraldemaderas.com\/en\/servicios\/servicio-de-almacenamiento\/#primaryimage\"},\"thumbnailUrl\":\"https:\/\/www.centraldemaderas.com\/wp-content\/uploads\/2023\/05\/paletas-interiores-almacen-mercancias-transporte-al-aire-libre-logistica_116317-15139.webp\",\"datePublished\":\"2014-04-11T16:07:24+00:00\",\"dateModified\":\"2024-11-29T21:39:29+00:00\",\"breadcrumb\":{\"@id\":\"https:\/\/www.centraldemaderas.com\/en\/servicios\/servicio-de-almacenamiento\/#breadcrumb\"},\"inLanguage\":\"en-US\",\"potentialAction\":[{\"@type\":\"ReadAction\",\"target\":[\"https:\/\/www.centraldemaderas.com\/en\/servicios\/servicio-de-almacenamiento\/\"]}]},{\"@type\":\"ImageObject\",\"inLanguage\":\"en-US\",\"@id\":\"https:\/\/www.centraldemaderas.com\/en\/servicios\/servicio-de-almacenamiento\/#primaryimage\",\"url\":\"https:\/\/www.centraldemaderas.com\/wp-content\/uploads\/2023\/05\/paletas-interiores-almacen-mercancias-transporte-al-aire-libre-logistica_116317-15139.webp\",\"contentUrl\":\"https:\/\/www.centraldemaderas.com\/wp-content\/uploads\/2023\/05\/paletas-interiores-almacen-mercancias-transporte-al-aire-libre-logistica_116317-15139.webp\"},{\"@type\":\"BreadcrumbList\",\"@id\":\"https:\/\/www.centraldemaderas.com\/en\/servicios\/servicio-de-almacenamiento\/#breadcrumb\",\"itemListElement\":[{\"@type\":\"ListItem\",\"position\":1,\"name\":\"Portada\",\"item\":\"https:\/\/www.centraldemaderas.com\/en\/\"},{\"@type\":\"ListItem\",\"position\":2,\"name\":\"Servicios\",\"item\":\"https:\/\/www.centraldemaderas.com\/en\/servicios\/\"},{\"@type\":\"ListItem\",\"position\":3,\"name\":\"Servicio de Almacenamiento\"}]},{\"@type\":\"WebSite\",\"@id\":\"https:\/\/www.centraldemaderas.com\/en\/#website\",\"url\":\"https:\/\/www.centraldemaderas.com\/en\/\",\"name\":\"Central de Maderas - Venta de Estibas\",\"description\":\"Venta de estibas en madera a nivel nacional\",\"publisher\":{\"@id\":\"https:\/\/www.centraldemaderas.com\/en\/#organization\"},\"alternateName\":\"CM - Estibas\",\"potentialAction\":[{\"@type\":\"SearchAction\",\"target\":{\"@type\":\"EntryPoint\",\"urlTemplate\":\"https:\/\/www.centraldemaderas.com\/en\/?s={search_term_string}\"},\"query-input\":{\"@type\":\"PropertyValueSpecification\",\"valueRequired\":true,\"valueName\":\"search_term_string\"}}],\"inLanguage\":\"en-US\"},{\"@type\":\"Organization\",\"@id\":\"https:\/\/www.centraldemaderas.com\/en\/#organization\",\"name\":\"Central de Maderas\",\"url\":\"https:\/\/www.centraldemaderas.com\/en\/\",\"logo\":{\"@type\":\"ImageObject\",\"inLanguage\":\"en-US\",\"@id\":\"https:\/\/www.centraldemaderas.com\/en\/#\/schema\/logo\/image\/\",\"url\":\"https:\/\/www.centraldemaderas.com\/wp-content\/uploads\/2023\/08\/logopsd2_SAS-_2_.webp\",\"contentUrl\":\"https:\/\/www.centraldemaderas.com\/wp-content\/uploads\/2023\/08\/logopsd2_SAS-_2_.webp\",\"width\":1200,\"height\":1200,\"caption\":\"Central de Maderas\"},\"image\":{\"@id\":\"https:\/\/www.centraldemaderas.com\/en\/#\/schema\/logo\/image\/\"},\"sameAs\":[\"https:\/\/www.facebook.com\/centraldemaderasCol\/\"]}]}<\/script>\n<!-- \/ Yoast SEO plugin. -->","yoast_head_json":{"title":"Servicio de Almacenamiento -","robots":{"index":"index","follow":"follow","max-snippet":"max-snippet:-1","max-image-preview":"max-image-preview:large","max-video-preview":"max-video-preview:-1"},"canonical":"https:\/\/www.centraldemaderas.com\/en\/servicios\/servicio-de-almacenamiento\/","og_locale":"en_US","og_type":"article","og_title":"Servicio de Almacenamiento -","og_description":"Servicio de Almacenamiento Mantente conectado \u00bfC\u00f3mo te ayudamos? Te ofrecemos un servicio de almacenamiento de tus estibas a bajo costo para que no te preocupes por cuestiones de espacio, desplazamiento, eficiencia y log\u00edstica en general. Almacenamiento de estibas y pallets de madera a bajo costo \u00bfEn qu\u00e9 consiste? El almacenamiento de estibas no solo implica [&hellip;]","og_url":"https:\/\/www.centraldemaderas.com\/en\/servicios\/servicio-de-almacenamiento\/","article_publisher":"https:\/\/www.facebook.com\/centraldemaderasCol\/","article_modified_time":"2024-11-29T21:39:29+00:00","og_image":[{"width":1380,"height":829,"url":"https:\/\/www.centraldemaderas.com\/wp-content\/uploads\/2023\/05\/paletas-interiores-almacen-mercancias-transporte-al-aire-libre-logistica_116317-15139.webp","type":"image\/webp"}],"twitter_card":"summary_large_image","twitter_misc":{"Est. reading time":"2 minutes"},"schema":{"@context":"https:\/\/schema.org","@graph":[{"@type":"WebPage","@id":"https:\/\/www.centraldemaderas.com\/en\/servicios\/servicio-de-almacenamiento\/","url":"https:\/\/www.centraldemaderas.com\/en\/servicios\/servicio-de-almacenamiento\/","name":"Servicio de Almacenamiento -","isPartOf":{"@id":"https:\/\/www.centraldemaderas.com\/en\/#website"},"primaryImageOfPage":{"@id":"https:\/\/www.centraldemaderas.com\/en\/servicios\/servicio-de-almacenamiento\/#primaryimage"},"image":{"@id":"https:\/\/www.centraldemaderas.com\/en\/servicios\/servicio-de-almacenamiento\/#primaryimage"},"thumbnailUrl":"https:\/\/www.centraldemaderas.com\/wp-content\/uploads\/2023\/05\/paletas-interiores-almacen-mercancias-transporte-al-aire-libre-logistica_116317-15139.webp","datePublished":"2014-04-11T16:07:24+00:00","dateModified":"2024-11-29T21:39:29+00:00","breadcrumb":{"@id":"https:\/\/www.centraldemaderas.com\/en\/servicios\/servicio-de-almacenamiento\/#breadcrumb"},"inLanguage":"en-US","potentialAction":[{"@type":"ReadAction","target":["https:\/\/www.centraldemaderas.com\/en\/servicios\/servicio-de-almacenamiento\/"]}]},{"@type":"ImageObject","inLanguage":"en-US","@id":"https:\/\/www.centraldemaderas.com\/en\/servicios\/servicio-de-almacenamiento\/#primaryimage","url":"https:\/\/www.centraldemaderas.com\/wp-content\/uploads\/2023\/05\/paletas-interiores-almacen-mercancias-transporte-al-aire-libre-logistica_116317-15139.webp","contentUrl":"https:\/\/www.centraldemaderas.com\/wp-content\/uploads\/2023\/05\/paletas-interiores-almacen-mercancias-transporte-al-aire-libre-logistica_116317-15139.webp"},{"@type":"BreadcrumbList","@id":"https:\/\/www.centraldemaderas.com\/en\/servicios\/servicio-de-almacenamiento\/#breadcrumb","itemListElement":[{"@type":"ListItem","position":1,"name":"Portada","item":"https:\/\/www.centraldemaderas.com\/en\/"},{"@type":"ListItem","position":2,"name":"Servicios","item":"https:\/\/www.centraldemaderas.com\/en\/servicios\/"},{"@type":"ListItem","position":3,"name":"Servicio de Almacenamiento"}]},{"@type":"WebSite","@id":"https:\/\/www.centraldemaderas.com\/en\/#website","url":"https:\/\/www.centraldemaderas.com\/en\/","name":"Central de Maderas - Venta de Estibas","description":"Venta de estibas en madera a nivel nacional","publisher":{"@id":"https:\/\/www.centraldemaderas.com\/en\/#organization"},"alternateName":"CM - Estibas","potentialAction":[{"@type":"SearchAction","target":{"@type":"EntryPoint","urlTemplate":"https:\/\/www.centraldemaderas.com\/en\/?s={search_term_string}"},"query-input":{"@type":"PropertyValueSpecification","valueRequired":true,"valueName":"search_term_string"}}],"inLanguage":"en-US"},{"@type":"Organization","@id":"https:\/\/www.centraldemaderas.com\/en\/#organization","name":"Central de Maderas","url":"https:\/\/www.centraldemaderas.com\/en\/","logo":{"@type":"ImageObject","inLanguage":"en-US","@id":"https:\/\/www.centraldemaderas.com\/en\/#\/schema\/logo\/image\/","url":"https:\/\/www.centraldemaderas.com\/wp-content\/uploads\/2023\/08\/logopsd2_SAS-_2_.webp","contentUrl":"https:\/\/www.centraldemaderas.com\/wp-content\/uploads\/2023\/08\/logopsd2_SAS-_2_.webp","width":1200,"height":1200,"caption":"Central de Maderas"},"image":{"@id":"https:\/\/www.centraldemaderas.com\/en\/#\/schema\/logo\/image\/"},"sameAs":["https:\/\/www.facebook.com\/centraldemaderasCol\/"]}]}},"_links":{"self":[{"href":"https:\/\/www.centraldemaderas.com\/en\/wp-json\/wp\/v2\/pages\/5867","targetHints":{"allow":["GET"]}}],"collection":[{"href":"https:\/\/www.centraldemaderas.com\/en\/wp-json\/wp\/v2\/pages"}],"about":[{"href":"https:\/\/www.centraldemaderas.com\/en\/wp-json\/wp\/v2\/types\/page"}],"author":[{"embeddable":true,"href":"https:\/\/www.centraldemaderas.com\/en\/wp-json\/wp\/v2\/users\/1"}],"replies":[{"embeddable":true,"href":"https:\/\/www.centraldemaderas.com\/en\/wp-json\/wp\/v2\/comments?post=5867"}],"version-history":[{"count":7,"href":"https:\/\/www.centraldemaderas.com\/en\/wp-json\/wp\/v2\/pages\/5867\/revisions"}],"predecessor-version":[{"id":6838,"href":"https:\/\/www.centraldemaderas.com\/en\/wp-json\/wp\/v2\/pages\/5867\/revisions\/6838"}],"up":[{"embeddable":true,"href":"https:\/\/www.centraldemaderas.com\/en\/wp-json\/wp\/v2\/pages\/5843"}],"wp:attachment":[{"href":"https:\/\/www.centraldemaderas.com\/en\/wp-json\/wp\/v2\/media?parent=5867"}],"curies":[{"name":"wp","href":"https:\/\/api.w.org\/{rel}","templated":true}]}}