{"id":5863,"date":"2014-04-11T16:07:17","date_gmt":"2014-04-11T16:07:17","guid":{"rendered":"https:\/\/www.centraldemaderas.com\/servicios\/servicio-de-reparacion\/"},"modified":"2025-08-28T16:13:04","modified_gmt":"2025-08-28T16:13:04","slug":"recuperacion-o-reparacion-de-estibas","status":"publish","type":"page","link":"https:\/\/www.centraldemaderas.com\/en\/servicios\/recuperacion-o-reparacion-de-estibas\/","title":{"rendered":"Recuperaci\u00f3n o reparaci\u00f3n de estibas"},"content":{"rendered":"\t\t<div data-elementor-type=\"wp-page\" data-elementor-id=\"5863\" class=\"elementor elementor-5863 elementor-501\" data-elementor-post-type=\"page\">\n\t\t\t\t\t\t<section class=\"elementor-section elementor-top-section elementor-element elementor-element-3708a284 elementor-section-height-min-height elementor-section-boxed elementor-section-height-default elementor-section-items-middle\" data-id=\"3708a284\" data-element_type=\"section\" data-e-type=\"section\" data-settings=\"{&quot;background_background&quot;:&quot;video&quot;,&quot;background_video_link&quot;:&quot;https:\\\/\\\/www.centraldemaderas.com\\\/wp-content\\\/uploads\\\/2025\\\/01\\\/Bg_Video_CM.mp4&quot;}\">\n\t\t\t\t\t\t\t\t<div class=\"elementor-background-video-container elementor-hidden-mobile\">\n\t\t\t\t\t\t\t\t\t\t\t\t\t<video class=\"elementor-background-video-hosted\" role=\"presentation\" autoplay muted playsinline loop><\/video>\n\t\t\t\t\t\t\t\t\t\t\t<\/div>\n\t\t\t\t\t\t\t\t\t<div class=\"elementor-background-overlay\"><\/div>\n\t\t\t\t\t\t\t<div class=\"elementor-container elementor-column-gap-default\">\n\t\t\t\t\t<div class=\"elementor-column elementor-col-100 elementor-top-column elementor-element elementor-element-e98ce60\" data-id=\"e98ce60\" data-element_type=\"column\" data-e-type=\"column\">\n\t\t\t<div class=\"elementor-widget-wrap elementor-element-populated\">\n\t\t\t\t\t\t<div class=\"elementor-element elementor-element-2b485616 elementor-widget elementor-widget-heading\" data-id=\"2b485616\" data-element_type=\"widget\" data-e-type=\"widget\" data-widget_type=\"heading.default\">\n\t\t\t\t<div class=\"elementor-widget-container\">\n\t\t\t\t\t<h1 class=\"elementor-heading-title elementor-size-default\">Servicio de Reparaci\u00f3n de Estibas<\/h1>\t\t\t\t<\/div>\n\t\t\t\t<\/div>\n\t\t\t\t\t<\/div>\n\t\t<\/div>\n\t\t\t\t\t<\/div>\n\t\t<\/section>\n\t\t\t\t<section class=\"elementor-section elementor-top-section elementor-element elementor-element-17709c22 elementor-section-boxed elementor-section-height-default elementor-section-height-default\" data-id=\"17709c22\" data-element_type=\"section\" data-e-type=\"section\">\n\t\t\t\t\t\t<div class=\"elementor-container elementor-column-gap-default\">\n\t\t\t\t\t<div class=\"elementor-column elementor-col-100 elementor-top-column elementor-element elementor-element-2f285f18\" data-id=\"2f285f18\" data-element_type=\"column\" data-e-type=\"column\">\n\t\t\t<div class=\"elementor-widget-wrap elementor-element-populated\">\n\t\t\t\t\t\t<div class=\"elementor-element elementor-element-48bb66fe elementor-widget elementor-widget-heading\" data-id=\"48bb66fe\" data-element_type=\"widget\" data-e-type=\"widget\" data-widget_type=\"heading.default\">\n\t\t\t\t<div class=\"elementor-widget-container\">\n\t\t\t\t\t<h2 class=\"elementor-heading-title elementor-size-default\">Reparamos Estibas o Pallets de Madera de la <br>Manera m\u00e1s Eficiente.<\/h2>\t\t\t\t<\/div>\n\t\t\t\t<\/div>\n\t\t\t\t<section class=\"elementor-section elementor-inner-section elementor-element elementor-element-7909bc24 elementor-section-boxed elementor-section-height-default elementor-section-height-default\" data-id=\"7909bc24\" data-element_type=\"section\" data-e-type=\"section\">\n\t\t\t\t\t\t<div class=\"elementor-container elementor-column-gap-default\">\n\t\t\t\t\t<div class=\"elementor-column elementor-col-100 elementor-inner-column elementor-element elementor-element-190e2986\" data-id=\"190e2986\" data-element_type=\"column\" data-e-type=\"column\">\n\t\t\t<div class=\"elementor-widget-wrap elementor-element-populated\">\n\t\t\t\t\t\t<div class=\"elementor-element elementor-element-92f21eb elementor-widget elementor-widget-video\" data-id=\"92f21eb\" data-element_type=\"widget\" data-e-type=\"widget\" data-settings=\"{&quot;youtube_url&quot;:&quot;https:\\\/\\\/www.youtube.com\\\/watch?v=9dUqF4-Ep4A&quot;,&quot;video_type&quot;:&quot;youtube&quot;,&quot;controls&quot;:&quot;yes&quot;}\" data-widget_type=\"video.default\">\n\t\t\t\t<div class=\"elementor-widget-container\">\n\t\t\t\t\t\t\t<div class=\"elementor-wrapper elementor-open-inline\">\n\t\t\t<div class=\"elementor-video\"><\/div>\t\t<\/div>\n\t\t\t\t\t\t<\/div>\n\t\t\t\t<\/div>\n\t\t\t\t\t<\/div>\n\t\t<\/div>\n\t\t\t\t\t<\/div>\n\t\t<\/section>\n\t\t\t\t<div class=\"elementor-element elementor-element-3e76978 elementor-widget elementor-widget-heading\" data-id=\"3e76978\" data-element_type=\"widget\" data-e-type=\"widget\" data-widget_type=\"heading.default\">\n\t\t\t\t<div class=\"elementor-widget-container\">\n\t\t\t\t\t<h3 class=\"elementor-heading-title elementor-size-default\">Dale play al video y conoce en detalle como funciona el <br>proceso de reparaci\u00f3n de estibas.<\/h3>\t\t\t\t<\/div>\n\t\t\t\t<\/div>\n\t\t\t\t<div class=\"elementor-element elementor-element-12c8eb6 elementor-widget elementor-widget-text-editor\" data-id=\"12c8eb6\" data-element_type=\"widget\" data-e-type=\"widget\" data-widget_type=\"text-editor.default\">\n\t\t\t\t<div class=\"elementor-widget-container\">\n\t\t\t\t\t\t\t\t\t<p>En Central de Maderas G&amp;S SAS contamos con un equipo de trabajo y tecnolog\u00eda de punta, que aumenta nuestra eficiencia hasta un 30% frente a la competencia. Si opta por formar parte del programa de <strong><a href=\"https:\/\/www.centraldemaderas.com\/servicios\/gestion-total-de-estibas\/\">Gesti\u00f3n Total de Estibas<\/a>, no solo recuperaremos y repararemos sus estibas, tambi\u00e9n<\/strong> su ahorro ser\u00e1&nbsp; mayor al permitirnos aumentar la eficiencia en traslado de productos y la administraci\u00f3n log\u00edstica de sus estibas.<\/p>\t\t\t\t\t\t\t\t<\/div>\n\t\t\t\t<\/div>\n\t\t\t\t<section class=\"elementor-section elementor-inner-section elementor-element elementor-element-7449b70 elementor-section-boxed elementor-section-height-default elementor-section-height-default\" data-id=\"7449b70\" data-element_type=\"section\" data-e-type=\"section\">\n\t\t\t\t\t\t<div class=\"elementor-container elementor-column-gap-default\">\n\t\t\t\t\t<div class=\"elementor-column elementor-col-100 elementor-inner-column elementor-element elementor-element-a618209\" data-id=\"a618209\" data-element_type=\"column\" data-e-type=\"column\">\n\t\t\t<div class=\"elementor-widget-wrap elementor-element-populated\">\n\t\t\t\t\t\t<div class=\"elementor-element elementor-element-73a4ef4 elementor-widget elementor-widget-heading\" data-id=\"73a4ef4\" data-element_type=\"widget\" data-e-type=\"widget\" data-widget_type=\"heading.default\">\n\t\t\t\t<div class=\"elementor-widget-container\">\n\t\t\t\t\t<h3 class=\"elementor-heading-title elementor-size-default\">Disminuye Costos y Aumenta el Impacto Ambiental<\/h3>\t\t\t\t<\/div>\n\t\t\t\t<\/div>\n\t\t\t\t<div class=\"elementor-element elementor-element-85d60ca elementor-widget elementor-widget-text-editor\" data-id=\"85d60ca\" data-element_type=\"widget\" data-e-type=\"widget\" data-widget_type=\"text-editor.default\">\n\t\t\t\t<div class=\"elementor-widget-container\">\n\t\t\t\t\t\t\t\t\t<p>Con el servicio de recuperaci\u00f3n y reparaci\u00f3n de estibas y pallets de madera, su compa\u00f1\u00eda <strong>incrementar\u00e1 la vida \u00fatil de las estibas hasta en 3 veces. <\/strong>Permiti\u00e9ndole ser <strong>m\u00e1s eficiente en t\u00e9rminos de costos operacionales<\/strong> y <strong>evidenciar\u00e1 su esfuerzo para disminuir el impacto ambiental .<\/strong><\/p>\t\t\t\t\t\t\t\t<\/div>\n\t\t\t\t<\/div>\n\t\t\t\t\t<\/div>\n\t\t<\/div>\n\t\t\t\t\t<\/div>\n\t\t<\/section>\n\t\t\t\t<div class=\"elementor-element elementor-element-cc21d08 elementor-widget elementor-widget-heading\" data-id=\"cc21d08\" data-element_type=\"widget\" data-e-type=\"widget\" data-widget_type=\"heading.default\">\n\t\t\t\t<div class=\"elementor-widget-container\">\n\t\t\t\t\t<h3 class=\"elementor-heading-title elementor-size-default\">\u00a1Elementos Que Reparamos!<\/h3>\t\t\t\t<\/div>\n\t\t\t\t<\/div>\n\t\t\t\t<div class=\"elementor-element elementor-element-87cdd48 elementor-pagination-position-outside elementor-widget elementor-widget-image-carousel\" data-id=\"87cdd48\" data-element_type=\"widget\" data-e-type=\"widget\" data-settings=\"{&quot;slides_to_show&quot;:&quot;4&quot;,&quot;slides_to_scroll&quot;:&quot;1&quot;,&quot;navigation&quot;:&quot;dots&quot;,&quot;autoplay&quot;:&quot;yes&quot;,&quot;pause_on_hover&quot;:&quot;yes&quot;,&quot;pause_on_interaction&quot;:&quot;yes&quot;,&quot;autoplay_speed&quot;:5000,&quot;infinite&quot;:&quot;yes&quot;,&quot;speed&quot;:500}\" data-widget_type=\"image-carousel.default\">\n\t\t\t\t<div class=\"elementor-widget-container\">\n\t\t\t\t\t\t\t<div class=\"elementor-image-carousel-wrapper swiper\" role=\"region\" aria-roledescription=\"carousel\" aria-label=\"Carrusel de im\u00e1genes\" dir=\"ltr\">\n\t\t\t<div class=\"elementor-image-carousel swiper-wrapper\" aria-live=\"off\">\n\t\t\t\t\t\t\t\t<div class=\"swiper-slide\" role=\"group\" aria-roledescription=\"slide\" aria-label=\"1 of 5\"><figure class=\"swiper-slide-inner\"><img decoding=\"async\" class=\"swiper-slide-image\" src=\"https:\/\/www.centraldemaderas.com\/wp-content\/uploads\/2025\/03\/2.jpg\" alt=\"Reparaci\u00f3n de Estibas\" \/><\/figure><\/div><div class=\"swiper-slide\" role=\"group\" aria-roledescription=\"slide\" aria-label=\"2 of 5\"><figure class=\"swiper-slide-inner\"><img decoding=\"async\" class=\"swiper-slide-image\" src=\"https:\/\/www.centraldemaderas.com\/wp-content\/uploads\/2025\/03\/3.jpg\" alt=\"Reparaci\u00f3n de Estibas\" \/><\/figure><\/div><div class=\"swiper-slide\" role=\"group\" aria-roledescription=\"slide\" aria-label=\"3 of 5\"><figure class=\"swiper-slide-inner\"><img decoding=\"async\" class=\"swiper-slide-image\" src=\"https:\/\/www.centraldemaderas.com\/wp-content\/uploads\/2025\/03\/4.jpg\" alt=\"Reparaci\u00f3n de Estibas\" \/><\/figure><\/div><div class=\"swiper-slide\" role=\"group\" aria-roledescription=\"slide\" aria-label=\"4 of 5\"><figure class=\"swiper-slide-inner\"><img decoding=\"async\" class=\"swiper-slide-image\" src=\"https:\/\/www.centraldemaderas.com\/wp-content\/uploads\/2025\/03\/5.jpg\" alt=\"Reparaci\u00f3n de Estibas\" \/><\/figure><\/div><div class=\"swiper-slide\" role=\"group\" aria-roledescription=\"slide\" aria-label=\"5 of 5\"><figure class=\"swiper-slide-inner\"><img decoding=\"async\" class=\"swiper-slide-image\" src=\"https:\/\/www.centraldemaderas.com\/wp-content\/uploads\/2025\/03\/6.jpg\" alt=\"Reparaci\u00f3n de Estibas\" \/><\/figure><\/div>\t\t\t<\/div>\n\t\t\t\t\t\t\t\n\t\t\t\t\t\t\t\t\t<div class=\"swiper-pagination\"><\/div>\n\t\t\t\t\t\t\t\t\t<\/div>\n\t\t\t\t\t\t<\/div>\n\t\t\t\t<\/div>\n\t\t\t\t\t<\/div>\n\t\t<\/div>\n\t\t\t\t\t<\/div>\n\t\t<\/section>\n\t\t\t\t<section class=\"elementor-section elementor-top-section elementor-element elementor-element-79c612bf elementor-section-height-min-height elementor-section-boxed elementor-section-height-default elementor-section-items-middle\" data-id=\"79c612bf\" data-element_type=\"section\" data-e-type=\"section\" data-settings=\"{&quot;background_background&quot;:&quot;classic&quot;}\">\n\t\t\t\t\t\t\t<div class=\"elementor-background-overlay\"><\/div>\n\t\t\t\t\t\t\t<div class=\"elementor-container elementor-column-gap-default\">\n\t\t\t\t\t<div class=\"elementor-column elementor-col-100 elementor-top-column elementor-element elementor-element-7b3afe33\" data-id=\"7b3afe33\" data-element_type=\"column\" data-e-type=\"column\">\n\t\t\t<div class=\"elementor-widget-wrap elementor-element-populated\">\n\t\t\t\t\t\t<div class=\"elementor-element elementor-element-4c4fb8f6 elementor-widget elementor-widget-heading\" data-id=\"4c4fb8f6\" data-element_type=\"widget\" data-e-type=\"widget\" data-settings=\"{&quot;motion_fx_motion_fx_scrolling&quot;:&quot;yes&quot;,&quot;motion_fx_devices&quot;:[&quot;desktop&quot;,&quot;tablet&quot;,&quot;mobile&quot;]}\" data-widget_type=\"heading.default\">\n\t\t\t\t<div class=\"elementor-widget-container\">\n\t\t\t\t\t<h2 class=\"elementor-heading-title elementor-size-default\">\u00a1Adquiera ahora mismo nuestros servicios!<\/h2>\t\t\t\t<\/div>\n\t\t\t\t<\/div>\n\t\t\t\t\t<\/div>\n\t\t<\/div>\n\t\t\t\t\t<\/div>\n\t\t<\/section>\n\t\t\t\t<\/div>\n\t\t","protected":false},"excerpt":{"rendered":"<p>Servicio de Reparaci\u00f3n de Estibas Reparamos Estibas o Pallets de Madera de la Manera m\u00e1s Eficiente. Dale play al video y conoce en detalle como funciona el proceso de reparaci\u00f3n de estibas. En Central de Maderas G&amp;S SAS contamos con un equipo de trabajo y tecnolog\u00eda de punta, que aumenta nuestra eficiencia hasta un 30% [&hellip;]<\/p>\n","protected":false},"author":1,"featured_media":0,"parent":5843,"menu_order":300,"comment_status":"closed","ping_status":"closed","template":"elementor_header_footer","meta":{"_joinchat":[],"footnotes":""},"class_list":["post-5863","page","type-page","status-publish","hentry"],"yoast_head":"<!-- This site is optimized with the Yoast SEO plugin v26.8 - https:\/\/yoast.com\/product\/yoast-seo-wordpress\/ -->\n<title>Recuperaci\u00f3n o reparaci\u00f3n de estibas -<\/title>\n<meta name=\"description\" content=\"Recuperaci\u00f3n o reparaci\u00f3n de estibas o pallets de madera, un servicio incluido en el proceso de Gesti\u00f3n Total de Estibas. Conoce m\u00e1s aqu\u00ed.\" \/>\n<meta name=\"robots\" content=\"index, follow, max-snippet:-1, max-image-preview:large, max-video-preview:-1\" \/>\n<link rel=\"canonical\" href=\"https:\/\/www.centraldemaderas.com\/en\/servicios\/recuperacion-o-reparacion-de-estibas\/\" \/>\n<meta property=\"og:locale\" content=\"en_US\" \/>\n<meta property=\"og:type\" content=\"article\" \/>\n<meta property=\"og:title\" content=\"Recuperaci\u00f3n o reparaci\u00f3n de estibas -\" \/>\n<meta property=\"og:description\" content=\"Recuperaci\u00f3n o reparaci\u00f3n de estibas o pallets de madera, un servicio incluido en el proceso de Gesti\u00f3n Total de Estibas. Conoce m\u00e1s aqu\u00ed.\" \/>\n<meta property=\"og:url\" content=\"https:\/\/www.centraldemaderas.com\/en\/servicios\/recuperacion-o-reparacion-de-estibas\/\" \/>\n<meta property=\"article:publisher\" content=\"https:\/\/www.facebook.com\/centraldemaderasCol\/\" \/>\n<meta property=\"article:modified_time\" content=\"2025-08-28T16:13:04+00:00\" \/>\n<meta property=\"og:image\" content=\"https:\/\/www.centraldemaderas.com\/wp-content\/uploads\/2025\/03\/2.jpg\" \/>\n<meta name=\"twitter:card\" content=\"summary_large_image\" \/>\n<meta name=\"twitter:label1\" content=\"Est. reading time\" \/>\n\t<meta name=\"twitter:data1\" content=\"4 minutes\" \/>\n<script type=\"application\/ld+json\" class=\"yoast-schema-graph\">{\"@context\":\"https:\/\/schema.org\",\"@graph\":[{\"@type\":\"WebPage\",\"@id\":\"https:\/\/www.centraldemaderas.com\/en\/servicios\/recuperacion-o-reparacion-de-estibas\/\",\"url\":\"https:\/\/www.centraldemaderas.com\/en\/servicios\/recuperacion-o-reparacion-de-estibas\/\",\"name\":\"Recuperaci\u00f3n o reparaci\u00f3n de estibas -\",\"isPartOf\":{\"@id\":\"https:\/\/www.centraldemaderas.com\/en\/#website\"},\"primaryImageOfPage\":{\"@id\":\"https:\/\/www.centraldemaderas.com\/en\/servicios\/recuperacion-o-reparacion-de-estibas\/#primaryimage\"},\"image\":{\"@id\":\"https:\/\/www.centraldemaderas.com\/en\/servicios\/recuperacion-o-reparacion-de-estibas\/#primaryimage\"},\"thumbnailUrl\":\"https:\/\/www.centraldemaderas.com\/wp-content\/uploads\/2025\/03\/2.jpg\",\"datePublished\":\"2014-04-11T16:07:17+00:00\",\"dateModified\":\"2025-08-28T16:13:04+00:00\",\"description\":\"Recuperaci\u00f3n o reparaci\u00f3n de estibas o pallets de madera, un servicio incluido en el proceso de Gesti\u00f3n Total de Estibas. Conoce m\u00e1s aqu\u00ed.\",\"breadcrumb\":{\"@id\":\"https:\/\/www.centraldemaderas.com\/en\/servicios\/recuperacion-o-reparacion-de-estibas\/#breadcrumb\"},\"inLanguage\":\"en-US\",\"potentialAction\":[{\"@type\":\"ReadAction\",\"target\":[\"https:\/\/www.centraldemaderas.com\/en\/servicios\/recuperacion-o-reparacion-de-estibas\/\"]}]},{\"@type\":\"ImageObject\",\"inLanguage\":\"en-US\",\"@id\":\"https:\/\/www.centraldemaderas.com\/en\/servicios\/recuperacion-o-reparacion-de-estibas\/#primaryimage\",\"url\":\"https:\/\/www.centraldemaderas.com\/wp-content\/uploads\/2025\/03\/2.jpg\",\"contentUrl\":\"https:\/\/www.centraldemaderas.com\/wp-content\/uploads\/2025\/03\/2.jpg\"},{\"@type\":\"BreadcrumbList\",\"@id\":\"https:\/\/www.centraldemaderas.com\/en\/servicios\/recuperacion-o-reparacion-de-estibas\/#breadcrumb\",\"itemListElement\":[{\"@type\":\"ListItem\",\"position\":1,\"name\":\"Portada\",\"item\":\"https:\/\/www.centraldemaderas.com\/en\/\"},{\"@type\":\"ListItem\",\"position\":2,\"name\":\"Servicios\",\"item\":\"https:\/\/www.centraldemaderas.com\/en\/servicios\/\"},{\"@type\":\"ListItem\",\"position\":3,\"name\":\"Recuperaci\u00f3n o reparaci\u00f3n de estibas\"}]},{\"@type\":\"WebSite\",\"@id\":\"https:\/\/www.centraldemaderas.com\/en\/#website\",\"url\":\"https:\/\/www.centraldemaderas.com\/en\/\",\"name\":\"Central de Maderas - Venta de Estibas\",\"description\":\"Venta de estibas en madera a nivel nacional\",\"publisher\":{\"@id\":\"https:\/\/www.centraldemaderas.com\/en\/#organization\"},\"alternateName\":\"CM - Estibas\",\"potentialAction\":[{\"@type\":\"SearchAction\",\"target\":{\"@type\":\"EntryPoint\",\"urlTemplate\":\"https:\/\/www.centraldemaderas.com\/en\/?s={search_term_string}\"},\"query-input\":{\"@type\":\"PropertyValueSpecification\",\"valueRequired\":true,\"valueName\":\"search_term_string\"}}],\"inLanguage\":\"en-US\"},{\"@type\":\"Organization\",\"@id\":\"https:\/\/www.centraldemaderas.com\/en\/#organization\",\"name\":\"Central de Maderas\",\"url\":\"https:\/\/www.centraldemaderas.com\/en\/\",\"logo\":{\"@type\":\"ImageObject\",\"inLanguage\":\"en-US\",\"@id\":\"https:\/\/www.centraldemaderas.com\/en\/#\/schema\/logo\/image\/\",\"url\":\"https:\/\/www.centraldemaderas.com\/wp-content\/uploads\/2023\/08\/logopsd2_SAS-_2_.webp\",\"contentUrl\":\"https:\/\/www.centraldemaderas.com\/wp-content\/uploads\/2023\/08\/logopsd2_SAS-_2_.webp\",\"width\":1200,\"height\":1200,\"caption\":\"Central de Maderas\"},\"image\":{\"@id\":\"https:\/\/www.centraldemaderas.com\/en\/#\/schema\/logo\/image\/\"},\"sameAs\":[\"https:\/\/www.facebook.com\/centraldemaderasCol\/\"]}]}<\/script>\n<!-- \/ Yoast SEO plugin. -->","yoast_head_json":{"title":"Recuperaci\u00f3n o reparaci\u00f3n de estibas -","description":"Recuperaci\u00f3n o reparaci\u00f3n de estibas o pallets de madera, un servicio incluido en el proceso de Gesti\u00f3n Total de Estibas. Conoce m\u00e1s aqu\u00ed.","robots":{"index":"index","follow":"follow","max-snippet":"max-snippet:-1","max-image-preview":"max-image-preview:large","max-video-preview":"max-video-preview:-1"},"canonical":"https:\/\/www.centraldemaderas.com\/en\/servicios\/recuperacion-o-reparacion-de-estibas\/","og_locale":"en_US","og_type":"article","og_title":"Recuperaci\u00f3n o reparaci\u00f3n de estibas -","og_description":"Recuperaci\u00f3n o reparaci\u00f3n de estibas o pallets de madera, un servicio incluido en el proceso de Gesti\u00f3n Total de Estibas. Conoce m\u00e1s aqu\u00ed.","og_url":"https:\/\/www.centraldemaderas.com\/en\/servicios\/recuperacion-o-reparacion-de-estibas\/","article_publisher":"https:\/\/www.facebook.com\/centraldemaderasCol\/","article_modified_time":"2025-08-28T16:13:04+00:00","og_image":[{"url":"https:\/\/www.centraldemaderas.com\/wp-content\/uploads\/2025\/03\/2.jpg","type":"","width":"","height":""}],"twitter_card":"summary_large_image","twitter_misc":{"Est. reading time":"4 minutes"},"schema":{"@context":"https:\/\/schema.org","@graph":[{"@type":"WebPage","@id":"https:\/\/www.centraldemaderas.com\/en\/servicios\/recuperacion-o-reparacion-de-estibas\/","url":"https:\/\/www.centraldemaderas.com\/en\/servicios\/recuperacion-o-reparacion-de-estibas\/","name":"Recuperaci\u00f3n o reparaci\u00f3n de estibas -","isPartOf":{"@id":"https:\/\/www.centraldemaderas.com\/en\/#website"},"primaryImageOfPage":{"@id":"https:\/\/www.centraldemaderas.com\/en\/servicios\/recuperacion-o-reparacion-de-estibas\/#primaryimage"},"image":{"@id":"https:\/\/www.centraldemaderas.com\/en\/servicios\/recuperacion-o-reparacion-de-estibas\/#primaryimage"},"thumbnailUrl":"https:\/\/www.centraldemaderas.com\/wp-content\/uploads\/2025\/03\/2.jpg","datePublished":"2014-04-11T16:07:17+00:00","dateModified":"2025-08-28T16:13:04+00:00","description":"Recuperaci\u00f3n o reparaci\u00f3n de estibas o pallets de madera, un servicio incluido en el proceso de Gesti\u00f3n Total de Estibas. Conoce m\u00e1s aqu\u00ed.","breadcrumb":{"@id":"https:\/\/www.centraldemaderas.com\/en\/servicios\/recuperacion-o-reparacion-de-estibas\/#breadcrumb"},"inLanguage":"en-US","potentialAction":[{"@type":"ReadAction","target":["https:\/\/www.centraldemaderas.com\/en\/servicios\/recuperacion-o-reparacion-de-estibas\/"]}]},{"@type":"ImageObject","inLanguage":"en-US","@id":"https:\/\/www.centraldemaderas.com\/en\/servicios\/recuperacion-o-reparacion-de-estibas\/#primaryimage","url":"https:\/\/www.centraldemaderas.com\/wp-content\/uploads\/2025\/03\/2.jpg","contentUrl":"https:\/\/www.centraldemaderas.com\/wp-content\/uploads\/2025\/03\/2.jpg"},{"@type":"BreadcrumbList","@id":"https:\/\/www.centraldemaderas.com\/en\/servicios\/recuperacion-o-reparacion-de-estibas\/#breadcrumb","itemListElement":[{"@type":"ListItem","position":1,"name":"Portada","item":"https:\/\/www.centraldemaderas.com\/en\/"},{"@type":"ListItem","position":2,"name":"Servicios","item":"https:\/\/www.centraldemaderas.com\/en\/servicios\/"},{"@type":"ListItem","position":3,"name":"Recuperaci\u00f3n o reparaci\u00f3n de estibas"}]},{"@type":"WebSite","@id":"https:\/\/www.centraldemaderas.com\/en\/#website","url":"https:\/\/www.centraldemaderas.com\/en\/","name":"Central de Maderas - Venta de Estibas","description":"Venta de estibas en madera a nivel nacional","publisher":{"@id":"https:\/\/www.centraldemaderas.com\/en\/#organization"},"alternateName":"CM - Estibas","potentialAction":[{"@type":"SearchAction","target":{"@type":"EntryPoint","urlTemplate":"https:\/\/www.centraldemaderas.com\/en\/?s={search_term_string}"},"query-input":{"@type":"PropertyValueSpecification","valueRequired":true,"valueName":"search_term_string"}}],"inLanguage":"en-US"},{"@type":"Organization","@id":"https:\/\/www.centraldemaderas.com\/en\/#organization","name":"Central de Maderas","url":"https:\/\/www.centraldemaderas.com\/en\/","logo":{"@type":"ImageObject","inLanguage":"en-US","@id":"https:\/\/www.centraldemaderas.com\/en\/#\/schema\/logo\/image\/","url":"https:\/\/www.centraldemaderas.com\/wp-content\/uploads\/2023\/08\/logopsd2_SAS-_2_.webp","contentUrl":"https:\/\/www.centraldemaderas.com\/wp-content\/uploads\/2023\/08\/logopsd2_SAS-_2_.webp","width":1200,"height":1200,"caption":"Central de Maderas"},"image":{"@id":"https:\/\/www.centraldemaderas.com\/en\/#\/schema\/logo\/image\/"},"sameAs":["https:\/\/www.facebook.com\/centraldemaderasCol\/"]}]}},"_links":{"self":[{"href":"https:\/\/www.centraldemaderas.com\/en\/wp-json\/wp\/v2\/pages\/5863","targetHints":{"allow":["GET"]}}],"collection":[{"href":"https:\/\/www.centraldemaderas.com\/en\/wp-json\/wp\/v2\/pages"}],"about":[{"href":"https:\/\/www.centraldemaderas.com\/en\/wp-json\/wp\/v2\/types\/page"}],"author":[{"embeddable":true,"href":"https:\/\/www.centraldemaderas.com\/en\/wp-json\/wp\/v2\/users\/1"}],"replies":[{"embeddable":true,"href":"https:\/\/www.centraldemaderas.com\/en\/wp-json\/wp\/v2\/comments?post=5863"}],"version-history":[{"count":29,"href":"https:\/\/www.centraldemaderas.com\/en\/wp-json\/wp\/v2\/pages\/5863\/revisions"}],"predecessor-version":[{"id":7677,"href":"https:\/\/www.centraldemaderas.com\/en\/wp-json\/wp\/v2\/pages\/5863\/revisions\/7677"}],"up":[{"embeddable":true,"href":"https:\/\/www.centraldemaderas.com\/en\/wp-json\/wp\/v2\/pages\/5843"}],"wp:attachment":[{"href":"https:\/\/www.centraldemaderas.com\/en\/wp-json\/wp\/v2\/media?parent=5863"}],"curies":[{"name":"wp","href":"https:\/\/api.w.org\/{rel}","templated":true}]}}