{"id":5833,"date":"2013-11-29T16:32:59","date_gmt":"2013-11-29T16:32:59","guid":{"rendered":"https:\/\/www.centraldemaderas.com\/products\/venta-y-distribucion-de-huacales\/"},"modified":"2026-01-27T21:04:37","modified_gmt":"2026-01-27T21:04:37","slug":"venta-y-distribucion-de-huacales","status":"publish","type":"page","link":"https:\/\/www.centraldemaderas.com\/en\/products\/venta-y-distribucion-de-huacales\/","title":{"rendered":"Venta y Distribuci\u00f3n de Huacales"},"content":{"rendered":"\t\t<div data-elementor-type=\"wp-page\" data-elementor-id=\"5833\" class=\"elementor elementor-5833 elementor-40\" data-elementor-post-type=\"page\">\n\t\t\t\t\t\t<section class=\"elementor-section elementor-top-section elementor-element elementor-element-d2311eb elementor-section-content-middle elementor-section-height-min-height elementor-section-boxed elementor-section-height-default elementor-section-items-middle\" data-id=\"d2311eb\" data-element_type=\"section\" data-e-type=\"section\" data-settings=\"{&quot;background_background&quot;:&quot;classic&quot;}\">\n\t\t\t\t\t\t\t<div class=\"elementor-background-overlay\"><\/div>\n\t\t\t\t\t\t\t<div class=\"elementor-container elementor-column-gap-default\">\n\t\t\t\t\t<div class=\"elementor-column elementor-col-100 elementor-top-column elementor-element elementor-element-1d16825\" data-id=\"1d16825\" data-element_type=\"column\" data-e-type=\"column\">\n\t\t\t<div class=\"elementor-widget-wrap elementor-element-populated\">\n\t\t\t\t\t\t<div class=\"elementor-element elementor-element-62f0a2d elementor-widget elementor-widget-spacer\" data-id=\"62f0a2d\" data-element_type=\"widget\" data-e-type=\"widget\" data-widget_type=\"spacer.default\">\n\t\t\t\t<div class=\"elementor-widget-container\">\n\t\t\t\t\t\t\t<div class=\"elementor-spacer\">\n\t\t\t<div class=\"elementor-spacer-inner\"><\/div>\n\t\t<\/div>\n\t\t\t\t\t\t<\/div>\n\t\t\t\t<\/div>\n\t\t\t\t<div class=\"elementor-element elementor-element-add661a elementor-widget__width-initial elementor-widget elementor-widget-heading\" data-id=\"add661a\" data-element_type=\"widget\" data-e-type=\"widget\" data-widget_type=\"heading.default\">\n\t\t\t\t<div class=\"elementor-widget-container\">\n\t\t\t\t\t<h4 class=\"elementor-heading-title elementor-size-default\">Huacales<\/h4>\t\t\t\t<\/div>\n\t\t\t\t<\/div>\n\t\t\t\t<div class=\"elementor-element elementor-element-ad7fb8c elementor-widget elementor-widget-spacer\" data-id=\"ad7fb8c\" data-element_type=\"widget\" data-e-type=\"widget\" data-widget_type=\"spacer.default\">\n\t\t\t\t<div class=\"elementor-widget-container\">\n\t\t\t\t\t\t\t<div class=\"elementor-spacer\">\n\t\t\t<div class=\"elementor-spacer-inner\"><\/div>\n\t\t<\/div>\n\t\t\t\t\t\t<\/div>\n\t\t\t\t<\/div>\n\t\t\t\t\t<\/div>\n\t\t<\/div>\n\t\t\t\t\t<\/div>\n\t\t<\/section>\n\t\t\t\t<section class=\"elementor-section elementor-top-section elementor-element elementor-element-41abbf3 elementor-section-content-middle elementor-section-boxed elementor-section-height-default elementor-section-height-default\" data-id=\"41abbf3\" data-element_type=\"section\" data-e-type=\"section\">\n\t\t\t\t\t\t<div class=\"elementor-container elementor-column-gap-no\">\n\t\t\t\t\t<div class=\"elementor-column elementor-col-100 elementor-top-column elementor-element elementor-element-f0c2cd0\" data-id=\"f0c2cd0\" data-element_type=\"column\" data-e-type=\"column\">\n\t\t\t<div class=\"elementor-widget-wrap elementor-element-populated\">\n\t\t\t\t\t\t<div class=\"elementor-element elementor-element-fb01a49 elementor-widget elementor-widget-heading\" data-id=\"fb01a49\" data-element_type=\"widget\" data-e-type=\"widget\" data-widget_type=\"heading.default\">\n\t\t\t\t<div class=\"elementor-widget-container\">\n\t\t\t\t\t<h4 class=\"elementor-heading-title elementor-size-default\">Proteja sus productos con nuestros embalajes de madera como Guacales<\/h4>\t\t\t\t<\/div>\n\t\t\t\t<\/div>\n\t\t\t\t<div class=\"elementor-element elementor-element-589efaa elementor-widget__width-initial elementor-widget elementor-widget-text-editor\" data-id=\"589efaa\" data-element_type=\"widget\" data-e-type=\"widget\" data-widget_type=\"text-editor.default\">\n\t\t\t\t<div class=\"elementor-widget-container\">\n\t\t\t\t\t\t\t\t\t<p>\u00a0Ofrecemos a todos nuestros clientes la <strong>venta y distribuci\u00f3n de guacales en madera<\/strong>, caracterizados por ser resistentes y livianos. Tambi\u00e9n tenemos <strong>venta y distribuci\u00f3n de estos hechos a la medida<\/strong>.<\/p><p>La <strong>venta y distribuci\u00f3n de guacales en Bogot\u00e1<\/strong> y a nivel nacional es uno de nuestros mejores productos, ya que somos expertos en el <strong>comercio y aprovisionamiento de embalajes de madera<\/strong> que protejan a satisfacci\u00f3n todos sus productos en la cadena de transporte.<\/p>\t\t\t\t\t\t\t\t<\/div>\n\t\t\t\t<\/div>\n\t\t\t\t<section class=\"elementor-section elementor-inner-section elementor-element elementor-element-e04eb28 elementor-section-content-middle elementor-section-boxed elementor-section-height-default elementor-section-height-default\" data-id=\"e04eb28\" data-element_type=\"section\" data-e-type=\"section\">\n\t\t\t\t\t\t<div class=\"elementor-container elementor-column-gap-no\">\n\t\t\t\t\t<div class=\"elementor-column elementor-col-100 elementor-inner-column elementor-element elementor-element-4e3575e\" data-id=\"4e3575e\" data-element_type=\"column\" data-e-type=\"column\">\n\t\t\t<div class=\"elementor-widget-wrap elementor-element-populated\">\n\t\t\t\t\t\t<div class=\"elementor-element elementor-element-2f78b30 elementor-align-center elementor-widget elementor-widget-button\" data-id=\"2f78b30\" data-element_type=\"widget\" data-e-type=\"widget\" data-widget_type=\"button.default\">\n\t\t\t\t<div class=\"elementor-widget-container\">\n\t\t\t\t\t\t\t\t\t<div class=\"elementor-button-wrapper\">\n\t\t\t\t\t<a class=\"elementor-button elementor-button-link elementor-size-sm elementor-animation-grow\" href=\"#\">\n\t\t\t\t\t\t<span class=\"elementor-button-content-wrapper\">\n\t\t\t\t\t\t\t\t\t<span class=\"elementor-button-text\">Ll\u00e1manos<\/span>\n\t\t\t\t\t<\/span>\n\t\t\t\t\t<\/a>\n\t\t\t\t<\/div>\n\t\t\t\t\t\t\t\t<\/div>\n\t\t\t\t<\/div>\n\t\t\t\t\t<\/div>\n\t\t<\/div>\n\t\t\t\t\t<\/div>\n\t\t<\/section>\n\t\t\t\t\t<\/div>\n\t\t<\/div>\n\t\t\t\t\t<\/div>\n\t\t<\/section>\n\t\t\t\t<section class=\"elementor-section elementor-top-section elementor-element elementor-element-7b11c07 elementor-section-boxed elementor-section-height-default elementor-section-height-default\" data-id=\"7b11c07\" data-element_type=\"section\" data-e-type=\"section\">\n\t\t\t\t\t\t<div class=\"elementor-container elementor-column-gap-default\">\n\t\t\t\t\t<div class=\"elementor-column elementor-col-100 elementor-top-column elementor-element elementor-element-4967583\" data-id=\"4967583\" data-element_type=\"column\" data-e-type=\"column\">\n\t\t\t<div class=\"elementor-widget-wrap elementor-element-populated\">\n\t\t\t\t\t\t\t<\/div>\n\t\t<\/div>\n\t\t\t\t\t<\/div>\n\t\t<\/section>\n\t\t\t\t<section class=\"elementor-section elementor-top-section elementor-element elementor-element-2cff401 elementor-section-boxed elementor-section-height-default elementor-section-height-default\" data-id=\"2cff401\" data-element_type=\"section\" data-e-type=\"section\">\n\t\t\t\t\t\t<div class=\"elementor-container elementor-column-gap-default\">\n\t\t\t\t\t<div class=\"elementor-column elementor-col-100 elementor-top-column elementor-element elementor-element-9c461a7\" data-id=\"9c461a7\" data-element_type=\"column\" data-e-type=\"column\">\n\t\t\t<div class=\"elementor-widget-wrap elementor-element-populated\">\n\t\t\t\t\t\t<div class=\"elementor-element elementor-element-df38c2d elementor-widget elementor-widget-text-editor\" data-id=\"df38c2d\" data-element_type=\"widget\" data-e-type=\"widget\" data-widget_type=\"text-editor.default\">\n\t\t\t\t<div class=\"elementor-widget-container\">\n\t\t\t\t\t\t\t\t\t<p style=\"text-align: center;\"><span style=\"text-decoration: underline;\">El precio de los guacales es por \u00f3rdenes menores a 50 unidades, por favor comun\u00edquese con nosotros si est\u00e1 interesado en mayores cantidades o si desea huacales a su medida.<\/span><\/p>\t\t\t\t\t\t\t\t<\/div>\n\t\t\t\t<\/div>\n\t\t\t\t\t<\/div>\n\t\t<\/div>\n\t\t\t\t\t<\/div>\n\t\t<\/section>\n\t\t\t\t<\/div>\n\t\t","protected":false},"excerpt":{"rendered":"<p>Huacales Proteja sus productos con nuestros embalajes de madera como Guacales \u00a0Ofrecemos a todos nuestros clientes la venta y distribuci\u00f3n de guacales en madera, caracterizados por ser resistentes y livianos. Tambi\u00e9n tenemos venta y distribuci\u00f3n de estos hechos a la medida. La venta y distribuci\u00f3n de guacales en Bogot\u00e1 y a nivel nacional es uno [&hellip;]<\/p>\n","protected":false},"author":1,"featured_media":0,"parent":5768,"menu_order":300,"comment_status":"closed","ping_status":"closed","template":"elementor_header_footer","meta":{"_joinchat":[],"footnotes":""},"class_list":["post-5833","page","type-page","status-publish","hentry"],"yoast_head":"<!-- This site is optimized with the Yoast SEO plugin v26.8 - https:\/\/yoast.com\/product\/yoast-seo-wordpress\/ -->\n<title>Venta y Distribuci\u00f3n de Huacales -<\/title>\n<meta name=\"robots\" content=\"index, follow, max-snippet:-1, max-image-preview:large, max-video-preview:-1\" \/>\n<link rel=\"canonical\" href=\"https:\/\/www.centraldemaderas.com\/en\/products\/venta-y-distribucion-de-huacales\/\" \/>\n<meta property=\"og:locale\" content=\"en_US\" \/>\n<meta property=\"og:type\" content=\"article\" \/>\n<meta property=\"og:title\" content=\"Venta y Distribuci\u00f3n de Huacales -\" \/>\n<meta property=\"og:description\" content=\"Huacales Proteja sus productos con nuestros embalajes de madera como Guacales \u00a0Ofrecemos a todos nuestros clientes la venta y distribuci\u00f3n de guacales en madera, caracterizados por ser resistentes y livianos. Tambi\u00e9n tenemos venta y distribuci\u00f3n de estos hechos a la medida. La venta y distribuci\u00f3n de guacales en Bogot\u00e1 y a nivel nacional es uno [&hellip;]\" \/>\n<meta property=\"og:url\" content=\"https:\/\/www.centraldemaderas.com\/en\/products\/venta-y-distribucion-de-huacales\/\" \/>\n<meta property=\"article:publisher\" content=\"https:\/\/www.facebook.com\/centraldemaderasCol\/\" \/>\n<meta property=\"article:modified_time\" content=\"2026-01-27T21:04:37+00:00\" \/>\n<meta property=\"og:image\" content=\"https:\/\/www.centraldemaderas.com\/wp-content\/uploads\/2023\/08\/logopsd2_SAS-_2_.webp\" \/>\n\t<meta property=\"og:image:width\" content=\"1200\" \/>\n\t<meta property=\"og:image:height\" content=\"1200\" \/>\n\t<meta property=\"og:image:type\" content=\"image\/webp\" \/>\n<meta name=\"twitter:card\" content=\"summary_large_image\" \/>\n<meta name=\"twitter:label1\" content=\"Est. reading time\" \/>\n\t<meta name=\"twitter:data1\" content=\"1 minute\" \/>\n<script type=\"application\/ld+json\" class=\"yoast-schema-graph\">{\"@context\":\"https:\/\/schema.org\",\"@graph\":[{\"@type\":\"WebPage\",\"@id\":\"https:\/\/www.centraldemaderas.com\/en\/products\/venta-y-distribucion-de-huacales\/\",\"url\":\"https:\/\/www.centraldemaderas.com\/en\/products\/venta-y-distribucion-de-huacales\/\",\"name\":\"Venta y Distribuci\u00f3n de Huacales -\",\"isPartOf\":{\"@id\":\"https:\/\/www.centraldemaderas.com\/en\/#website\"},\"datePublished\":\"2013-11-29T16:32:59+00:00\",\"dateModified\":\"2026-01-27T21:04:37+00:00\",\"breadcrumb\":{\"@id\":\"https:\/\/www.centraldemaderas.com\/en\/products\/venta-y-distribucion-de-huacales\/#breadcrumb\"},\"inLanguage\":\"en-US\",\"potentialAction\":[{\"@type\":\"ReadAction\",\"target\":[\"https:\/\/www.centraldemaderas.com\/en\/products\/venta-y-distribucion-de-huacales\/\"]}]},{\"@type\":\"BreadcrumbList\",\"@id\":\"https:\/\/www.centraldemaderas.com\/en\/products\/venta-y-distribucion-de-huacales\/#breadcrumb\",\"itemListElement\":[{\"@type\":\"ListItem\",\"position\":1,\"name\":\"Portada\",\"item\":\"https:\/\/www.centraldemaderas.com\/en\/\"},{\"@type\":\"ListItem\",\"position\":2,\"name\":\"Products\",\"item\":\"https:\/\/www.centraldemaderas.com\/en\/products\/\"},{\"@type\":\"ListItem\",\"position\":3,\"name\":\"Venta y Distribuci\u00f3n de Huacales\"}]},{\"@type\":\"WebSite\",\"@id\":\"https:\/\/www.centraldemaderas.com\/en\/#website\",\"url\":\"https:\/\/www.centraldemaderas.com\/en\/\",\"name\":\"Central de Maderas - Venta de Estibas\",\"description\":\"Venta de estibas en madera a nivel nacional\",\"publisher\":{\"@id\":\"https:\/\/www.centraldemaderas.com\/en\/#organization\"},\"alternateName\":\"CM - Estibas\",\"potentialAction\":[{\"@type\":\"SearchAction\",\"target\":{\"@type\":\"EntryPoint\",\"urlTemplate\":\"https:\/\/www.centraldemaderas.com\/en\/?s={search_term_string}\"},\"query-input\":{\"@type\":\"PropertyValueSpecification\",\"valueRequired\":true,\"valueName\":\"search_term_string\"}}],\"inLanguage\":\"en-US\"},{\"@type\":\"Organization\",\"@id\":\"https:\/\/www.centraldemaderas.com\/en\/#organization\",\"name\":\"Central de Maderas\",\"url\":\"https:\/\/www.centraldemaderas.com\/en\/\",\"logo\":{\"@type\":\"ImageObject\",\"inLanguage\":\"en-US\",\"@id\":\"https:\/\/www.centraldemaderas.com\/en\/#\/schema\/logo\/image\/\",\"url\":\"https:\/\/www.centraldemaderas.com\/wp-content\/uploads\/2023\/08\/logopsd2_SAS-_2_.webp\",\"contentUrl\":\"https:\/\/www.centraldemaderas.com\/wp-content\/uploads\/2023\/08\/logopsd2_SAS-_2_.webp\",\"width\":1200,\"height\":1200,\"caption\":\"Central de Maderas\"},\"image\":{\"@id\":\"https:\/\/www.centraldemaderas.com\/en\/#\/schema\/logo\/image\/\"},\"sameAs\":[\"https:\/\/www.facebook.com\/centraldemaderasCol\/\"]}]}<\/script>\n<!-- \/ Yoast SEO plugin. -->","yoast_head_json":{"title":"Venta y Distribuci\u00f3n de Huacales -","robots":{"index":"index","follow":"follow","max-snippet":"max-snippet:-1","max-image-preview":"max-image-preview:large","max-video-preview":"max-video-preview:-1"},"canonical":"https:\/\/www.centraldemaderas.com\/en\/products\/venta-y-distribucion-de-huacales\/","og_locale":"en_US","og_type":"article","og_title":"Venta y Distribuci\u00f3n de Huacales -","og_description":"Huacales Proteja sus productos con nuestros embalajes de madera como Guacales \u00a0Ofrecemos a todos nuestros clientes la venta y distribuci\u00f3n de guacales en madera, caracterizados por ser resistentes y livianos. Tambi\u00e9n tenemos venta y distribuci\u00f3n de estos hechos a la medida. La venta y distribuci\u00f3n de guacales en Bogot\u00e1 y a nivel nacional es uno [&hellip;]","og_url":"https:\/\/www.centraldemaderas.com\/en\/products\/venta-y-distribucion-de-huacales\/","article_publisher":"https:\/\/www.facebook.com\/centraldemaderasCol\/","article_modified_time":"2026-01-27T21:04:37+00:00","og_image":[{"width":1200,"height":1200,"url":"https:\/\/www.centraldemaderas.com\/wp-content\/uploads\/2023\/08\/logopsd2_SAS-_2_.webp","type":"image\/webp"}],"twitter_card":"summary_large_image","twitter_misc":{"Est. reading time":"1 minute"},"schema":{"@context":"https:\/\/schema.org","@graph":[{"@type":"WebPage","@id":"https:\/\/www.centraldemaderas.com\/en\/products\/venta-y-distribucion-de-huacales\/","url":"https:\/\/www.centraldemaderas.com\/en\/products\/venta-y-distribucion-de-huacales\/","name":"Venta y Distribuci\u00f3n de Huacales -","isPartOf":{"@id":"https:\/\/www.centraldemaderas.com\/en\/#website"},"datePublished":"2013-11-29T16:32:59+00:00","dateModified":"2026-01-27T21:04:37+00:00","breadcrumb":{"@id":"https:\/\/www.centraldemaderas.com\/en\/products\/venta-y-distribucion-de-huacales\/#breadcrumb"},"inLanguage":"en-US","potentialAction":[{"@type":"ReadAction","target":["https:\/\/www.centraldemaderas.com\/en\/products\/venta-y-distribucion-de-huacales\/"]}]},{"@type":"BreadcrumbList","@id":"https:\/\/www.centraldemaderas.com\/en\/products\/venta-y-distribucion-de-huacales\/#breadcrumb","itemListElement":[{"@type":"ListItem","position":1,"name":"Portada","item":"https:\/\/www.centraldemaderas.com\/en\/"},{"@type":"ListItem","position":2,"name":"Products","item":"https:\/\/www.centraldemaderas.com\/en\/products\/"},{"@type":"ListItem","position":3,"name":"Venta y Distribuci\u00f3n de Huacales"}]},{"@type":"WebSite","@id":"https:\/\/www.centraldemaderas.com\/en\/#website","url":"https:\/\/www.centraldemaderas.com\/en\/","name":"Central de Maderas - Venta de Estibas","description":"Venta de estibas en madera a nivel nacional","publisher":{"@id":"https:\/\/www.centraldemaderas.com\/en\/#organization"},"alternateName":"CM - Estibas","potentialAction":[{"@type":"SearchAction","target":{"@type":"EntryPoint","urlTemplate":"https:\/\/www.centraldemaderas.com\/en\/?s={search_term_string}"},"query-input":{"@type":"PropertyValueSpecification","valueRequired":true,"valueName":"search_term_string"}}],"inLanguage":"en-US"},{"@type":"Organization","@id":"https:\/\/www.centraldemaderas.com\/en\/#organization","name":"Central de Maderas","url":"https:\/\/www.centraldemaderas.com\/en\/","logo":{"@type":"ImageObject","inLanguage":"en-US","@id":"https:\/\/www.centraldemaderas.com\/en\/#\/schema\/logo\/image\/","url":"https:\/\/www.centraldemaderas.com\/wp-content\/uploads\/2023\/08\/logopsd2_SAS-_2_.webp","contentUrl":"https:\/\/www.centraldemaderas.com\/wp-content\/uploads\/2023\/08\/logopsd2_SAS-_2_.webp","width":1200,"height":1200,"caption":"Central de Maderas"},"image":{"@id":"https:\/\/www.centraldemaderas.com\/en\/#\/schema\/logo\/image\/"},"sameAs":["https:\/\/www.facebook.com\/centraldemaderasCol\/"]}]}},"_links":{"self":[{"href":"https:\/\/www.centraldemaderas.com\/en\/wp-json\/wp\/v2\/pages\/5833","targetHints":{"allow":["GET"]}}],"collection":[{"href":"https:\/\/www.centraldemaderas.com\/en\/wp-json\/wp\/v2\/pages"}],"about":[{"href":"https:\/\/www.centraldemaderas.com\/en\/wp-json\/wp\/v2\/types\/page"}],"author":[{"embeddable":true,"href":"https:\/\/www.centraldemaderas.com\/en\/wp-json\/wp\/v2\/users\/1"}],"replies":[{"embeddable":true,"href":"https:\/\/www.centraldemaderas.com\/en\/wp-json\/wp\/v2\/comments?post=5833"}],"version-history":[{"count":7,"href":"https:\/\/www.centraldemaderas.com\/en\/wp-json\/wp\/v2\/pages\/5833\/revisions"}],"predecessor-version":[{"id":7959,"href":"https:\/\/www.centraldemaderas.com\/en\/wp-json\/wp\/v2\/pages\/5833\/revisions\/7959"}],"up":[{"embeddable":true,"href":"https:\/\/www.centraldemaderas.com\/en\/wp-json\/wp\/v2\/pages\/5768"}],"wp:attachment":[{"href":"https:\/\/www.centraldemaderas.com\/en\/wp-json\/wp\/v2\/media?parent=5833"}],"curies":[{"name":"wp","href":"https:\/\/api.w.org\/{rel}","templated":true}]}}